{"id":25310,"date":"2019-09-30T14:10:20","date_gmt":"2019-09-30T14:10:20","guid":{"rendered":"https:\/\/www.sibeag.ch\/telechargements\/"},"modified":"2019-09-30T14:10:25","modified_gmt":"2019-09-30T14:10:25","slug":"telechargements","status":"publish","type":"page","link":"https:\/\/sibeag.ch\/fr\/telechargements\/","title":{"rendered":"T\u00e9l\u00e9chargements"},"content":{"rendered":"\n<div class=\"wp-block-columns has-2-columns is-layout-flex wp-container-core-columns-is-layout-9d6595d7 wp-block-columns-is-layout-flex\">\n<div class=\"wp-block-column is-layout-flow wp-block-column-is-layout-flow\">\n<div class=\"wp-block-image\"><figure class=\"aligncenter is-resized\"><a href=\"https:\/\/www.sibeag.ch\/catalogues\/?lang=fr\"><img loading=\"lazy\" decoding=\"async\" src=\"https:\/\/www.sibeag.ch\/wp-content\/uploads\/\/Kataloge-downloads-300x300.jpg\" alt=\"\" class=\"wp-image-19567\" width=\"300\" height=\"300\" srcset=\"https:\/\/sibeag.ch\/wp-content\/uploads\/Kataloge-downloads-300x300.jpg 300w, https:\/\/sibeag.ch\/wp-content\/uploads\/Kataloge-downloads-100x100.jpg 100w, https:\/\/sibeag.ch\/wp-content\/uploads\/Kataloge-downloads-64x64.jpg 64w, https:\/\/sibeag.ch\/wp-content\/uploads\/Kataloge-downloads.jpg 600w\" sizes=\"auto, (max-width: 300px) 100vw, 300px\" \/><\/a><\/figure><\/div>\n\n\n\n<h2 class=\"woocommerce-loop-category__title wp-block-heading\"><a href=\"https:\/\/www.sibeag.ch\/catalogues\/?lang=fr\">Catalogues<\/a><\/h2>\n<\/div>\n\n\n\n<div class=\"wp-block-column is-layout-flow wp-block-column-is-layout-flow\">\n<div class=\"wp-block-image\"><figure class=\"aligncenter is-resized\"><a href=\"https:\/\/www.sibeag.ch\/telechargements\/listes-des-pieces-detachees\/?lang=fr\"><img loading=\"lazy\" decoding=\"async\" src=\"https:\/\/www.sibeag.ch\/wp-content\/uploads\/\/ersatzteile-ballwascher-classic-2-300x300.jpg\" alt=\"\" class=\"wp-image-1519\" width=\"300\" height=\"300\" srcset=\"https:\/\/sibeag.ch\/wp-content\/uploads\/ersatzteile-ballwascher-classic-2-300x300.jpg 300w, https:\/\/sibeag.ch\/wp-content\/uploads\/ersatzteile-ballwascher-classic-2-100x100.jpg 100w, https:\/\/sibeag.ch\/wp-content\/uploads\/ersatzteile-ballwascher-classic-2-64x64.jpg 64w, https:\/\/sibeag.ch\/wp-content\/uploads\/ersatzteile-ballwascher-classic-2.jpg 600w\" sizes=\"auto, (max-width: 300px) 100vw, 300px\" \/><\/a><\/figure><\/div>\n\n\n\n<h2 class=\"woocommerce-loop-category__title wp-block-heading\"><a href=\"https:\/\/www.sibeag.ch\/telechargements\/listes-des-pieces-detachees\/?lang=fr\">Listes des pi\u00e8ces d\u00e9tach\u00e9es<\/a><\/h2>\n<\/div>\n<\/div>\n","protected":false},"excerpt":{"rendered":"<p>Catalogues Listes des pi\u00e8ces d\u00e9tach\u00e9es<\/p>\n","protected":false},"author":2,"featured_media":0,"parent":0,"menu_order":0,"comment_status":"closed","ping_status":"closed","template":"","meta":{"_acf_changed":false,"footnotes":""},"class_list":["entry","author-sibeag","post-25310","page","type-page","status-publish"],"acf":[],"_links":{"self":[{"href":"https:\/\/sibeag.ch\/fr\/wp-json\/wp\/v2\/pages\/25310","targetHints":{"allow":["GET"]}}],"collection":[{"href":"https:\/\/sibeag.ch\/fr\/wp-json\/wp\/v2\/pages"}],"about":[{"href":"https:\/\/sibeag.ch\/fr\/wp-json\/wp\/v2\/types\/page"}],"author":[{"embeddable":true,"href":"https:\/\/sibeag.ch\/fr\/wp-json\/wp\/v2\/users\/2"}],"replies":[{"embeddable":true,"href":"https:\/\/sibeag.ch\/fr\/wp-json\/wp\/v2\/comments?post=25310"}],"version-history":[{"count":0,"href":"https:\/\/sibeag.ch\/fr\/wp-json\/wp\/v2\/pages\/25310\/revisions"}],"wp:attachment":[{"href":"https:\/\/sibeag.ch\/fr\/wp-json\/wp\/v2\/media?parent=25310"}],"curies":[{"name":"wp","href":"https:\/\/api.w.org\/{rel}","templated":true}]}}