{"id":25315,"date":"2019-09-30T14:19:32","date_gmt":"2019-09-30T14:19:32","guid":{"rendered":"https:\/\/www.sibeag.ch\/telechargements\/listes-des-pieces-detachees\/"},"modified":"2019-09-30T14:19:40","modified_gmt":"2019-09-30T14:19:40","slug":"listes-des-pieces-detachees","status":"publish","type":"page","link":"https:\/\/sibeag.ch\/fr\/telechargements\/listes-des-pieces-detachees\/","title":{"rendered":"Listes des pi\u00e8ces d\u00e9tach\u00e9es"},"content":{"rendered":"\n<div class=\"wp-block-columns has-2-columns woocommerce products columns-2 is-layout-flex wp-container-core-columns-is-layout-9d6595d7 wp-block-columns-is-layout-flex\">\n<div class=\"wp-block-column is-layout-flow wp-block-column-is-layout-flow\">\n<figure class=\"wp-block-image is-resized\"><a href=\"https:\/\/www.sibeag.ch\/telechargements\/listes-des-pieces-detachees\/pieces-detachees-lave-balles\/?lang=fr\"><img loading=\"lazy\" decoding=\"async\" src=\"https:\/\/www.sibeag.ch\/wp-content\/uploads\/ballwascher-premier.jpg\" alt=\"gr&#xFC;ner Ballwascher Premier\" class=\"wp-image-16757\" width=\"300\" height=\"300\" srcset=\"https:\/\/sibeag.ch\/wp-content\/uploads\/ballwascher-premier.jpg 300w, https:\/\/sibeag.ch\/wp-content\/uploads\/ballwascher-premier-100x100.jpg 100w, https:\/\/sibeag.ch\/wp-content\/uploads\/ballwascher-premier-64x64.jpg 64w\" sizes=\"auto, (max-width: 300px) 100vw, 300px\" \/><\/a><\/figure>\n\n\n<h2 class=\"woocommerce-loop-category__title wp-block-heading\"><a href=\"https:\/\/www.sibeag.ch\/telechargements\/listes-des-pieces-detachees\/pieces-detachees-lave-balles\/?lang=fr\">Lave-balles <\/a><\/h2>\n<\/div>\n\n\n\n<div class=\"wp-block-column is-layout-flow wp-block-column-is-layout-flow\">\n<figure class=\"wp-block-image is-resized\"><a href=\"https:\/\/www.sibeag.ch\/lochstecher-ersatzteile\/\"><img loading=\"lazy\" decoding=\"async\" src=\"https:\/\/www.sibeag.ch\/wp-content\/uploads\/\/lochstecher-hio-PA1003-1-300x300.jpg\" alt=\"Lochstecher HiO - PA1003-1\" class=\"wp-image-7477\" width=\"300\" height=\"300\" srcset=\"https:\/\/sibeag.ch\/wp-content\/uploads\/lochstecher-hio-PA1003-1-300x300.jpg 300w, https:\/\/sibeag.ch\/wp-content\/uploads\/lochstecher-hio-PA1003-1-100x100.jpg 100w, https:\/\/sibeag.ch\/wp-content\/uploads\/lochstecher-hio-PA1003-1-64x64.jpg 64w, https:\/\/sibeag.ch\/wp-content\/uploads\/lochstecher-hio-PA1003-1.jpg 600w\" sizes=\"auto, (max-width: 300px) 100vw, 300px\" \/><\/a><\/figure>\n\n\n<h2 class=\"woocommerce-loop-category__title wp-block-heading\"><a href=\"https:\/\/www.sibeag.ch\/lochstecher-ersatzteile\/\">Hole Cutters<\/a> <\/h2>\n<\/div>\n<\/div>\n","protected":false},"excerpt":{"rendered":"<p>Lave-balles Hole Cutters<\/p>\n","protected":false},"author":2,"featured_media":0,"parent":25310,"menu_order":0,"comment_status":"closed","ping_status":"closed","template":"","meta":{"_acf_changed":false,"footnotes":""},"class_list":["entry","author-sibeag","post-25315","page","type-page","status-publish"],"acf":[],"_links":{"self":[{"href":"https:\/\/sibeag.ch\/fr\/wp-json\/wp\/v2\/pages\/25315","targetHints":{"allow":["GET"]}}],"collection":[{"href":"https:\/\/sibeag.ch\/fr\/wp-json\/wp\/v2\/pages"}],"about":[{"href":"https:\/\/sibeag.ch\/fr\/wp-json\/wp\/v2\/types\/page"}],"author":[{"embeddable":true,"href":"https:\/\/sibeag.ch\/fr\/wp-json\/wp\/v2\/users\/2"}],"replies":[{"embeddable":true,"href":"https:\/\/sibeag.ch\/fr\/wp-json\/wp\/v2\/comments?post=25315"}],"version-history":[{"count":0,"href":"https:\/\/sibeag.ch\/fr\/wp-json\/wp\/v2\/pages\/25315\/revisions"}],"up":[{"embeddable":true,"href":"https:\/\/sibeag.ch\/fr\/wp-json\/wp\/v2\/pages\/25310"}],"wp:attachment":[{"href":"https:\/\/sibeag.ch\/fr\/wp-json\/wp\/v2\/media?parent=25315"}],"curies":[{"name":"wp","href":"https:\/\/api.w.org\/{rel}","templated":true}]}}