{"id":25320,"date":"2019-09-30T14:26:41","date_gmt":"2019-09-30T14:26:41","guid":{"rendered":"https:\/\/www.sibeag.ch\/telechargements\/listes-des-pieces-detachees\/listes-de-pieces-detachees-pour-hole-cutters\/"},"modified":"2020-11-10T17:01:44","modified_gmt":"2020-11-10T16:01:44","slug":"listes-de-pieces-detachees-pour-hole-cutters","status":"publish","type":"page","link":"https:\/\/sibeag.ch\/fr\/telechargements\/listes-des-pieces-detachees\/listes-de-pieces-detachees-pour-hole-cutters\/","title":{"rendered":"Listes de pi\u00e8ces d\u00e9tach\u00e9es pour Hole Cutters"},"content":{"rendered":"\n<div class=\"wp-block-columns has-5-columns is-layout-flex wp-container-core-columns-is-layout-9d6595d7 wp-block-columns-is-layout-flex\">\n<div class=\"wp-block-column spalte-ersatzteileliste-logo is-layout-flow wp-block-column-is-layout-flow\">\n<figure class=\"wp-block-image ersatzteileliste logo\"><img loading=\"lazy\" decoding=\"async\" width=\"360\" height=\"200\" src=\"https:\/\/www.sibeag.ch\/wp-content\/uploads\/StandardGolf-Logo.jpg\" alt=\"\" class=\"wp-image-11409\" srcset=\"https:\/\/sibeag.ch\/wp-content\/uploads\/StandardGolf-Logo.jpg 360w, https:\/\/sibeag.ch\/wp-content\/uploads\/StandardGolf-Logo-64x36.jpg 64w\" sizes=\"auto, (max-width: 360px) 100vw, 360px\" \/><\/figure>\n<\/div>\n\n\n\n<div class=\"wp-block-column is-layout-flow wp-block-column-is-layout-flow\">\n<figure class=\"wp-block-image\"><a href=\"https:\/\/www.sibeag.ch\/telechargements\/listes-des-pieces-detachees\/listes-de-pieces-detachees-pour-hole-cutters\/liste-des-pieces-detachees-hole-cutter-holemaster\/?lang=fr\"><img loading=\"lazy\" decoding=\"async\" width=\"600\" height=\"600\" src=\"https:\/\/www.sibeag.ch\/wp-content\/uploads\/lochstecher-holemaster-28350-1.jpg\" alt=\"Lochstecher Holemaster - 28350\" class=\"wp-image-8746\" srcset=\"https:\/\/sibeag.ch\/wp-content\/uploads\/lochstecher-holemaster-28350-1.jpg 600w, https:\/\/sibeag.ch\/wp-content\/uploads\/lochstecher-holemaster-28350-1-300x300.jpg 300w, https:\/\/sibeag.ch\/wp-content\/uploads\/lochstecher-holemaster-28350-1-100x100.jpg 100w, https:\/\/sibeag.ch\/wp-content\/uploads\/lochstecher-holemaster-28350-1-64x64.jpg 64w\" sizes=\"auto, (max-width: 600px) 100vw, 600px\" \/><\/a><\/figure>\n\n\n\n<h2 class=\"woocommerce-loop-category__title wp-block-heading\"><a href=\"https:\/\/www.sibeag.ch\/telechargements\/listes-des-pieces-detachees\/listes-de-pieces-detachees-pour-hole-cutters\/liste-des-pieces-detachees-hole-cutter-holemaster\/?lang=fr\">Holemaster<\/a><\/h2>\n<\/div>\n\n\n\n<div class=\"wp-block-column is-layout-flow wp-block-column-is-layout-flow\">\n<figure class=\"wp-block-image\"><a href=\"https:\/\/www.sibeag.ch\/wp-content\/uploads\/Lochstecher-Magnum-Ersatzteileliste.pdf\"><img loading=\"lazy\" decoding=\"async\" width=\"600\" height=\"600\" src=\"https:\/\/www.sibeag.ch\/wp-content\/uploads\/lochstecher-magnum-28980-1.jpg\" alt=\"Lochstecher Magnum - 28980\" class=\"wp-image-8748\" srcset=\"https:\/\/sibeag.ch\/wp-content\/uploads\/lochstecher-magnum-28980-1.jpg 600w, https:\/\/sibeag.ch\/wp-content\/uploads\/lochstecher-magnum-28980-1-300x300.jpg 300w, https:\/\/sibeag.ch\/wp-content\/uploads\/lochstecher-magnum-28980-1-100x100.jpg 100w, https:\/\/sibeag.ch\/wp-content\/uploads\/lochstecher-magnum-28980-1-64x64.jpg 64w\" sizes=\"auto, (max-width: 600px) 100vw, 600px\" \/><\/a><\/figure>\n\n\n\n<h2 class=\"woocommerce-loop-category__title wp-block-heading\"><a href=\"https:\/\/www.sibeag.ch\/wp-content\/uploads\/Lochstecher-Magnum-Ersatzteileliste.pdf\">Magnum<\/a><\/h2>\n<\/div>\n\n\n\n<div class=\"wp-block-column is-layout-flow wp-block-column-is-layout-flow\">\n<figure class=\"wp-block-image\"><a href=\"https:\/\/www.sibeag.ch\/telechargements\/listes-des-pieces-detachees\/listes-de-pieces-detachees-pour-hole-cutters\/liste-des-pieces-detachees-hole-cutter-pro-ii\/?lang=fr\"><img loading=\"lazy\" decoding=\"async\" width=\"600\" height=\"600\" src=\"https:\/\/www.sibeag.ch\/wp-content\/uploads\/lochstecher-proII-2-1.jpg\" alt=\"\" class=\"wp-image-8752\" srcset=\"https:\/\/sibeag.ch\/wp-content\/uploads\/lochstecher-proII-2-1.jpg 600w, https:\/\/sibeag.ch\/wp-content\/uploads\/lochstecher-proII-2-1-300x300.jpg 300w, https:\/\/sibeag.ch\/wp-content\/uploads\/lochstecher-proII-2-1-100x100.jpg 100w, https:\/\/sibeag.ch\/wp-content\/uploads\/lochstecher-proII-2-1-64x64.jpg 64w\" sizes=\"auto, (max-width: 600px) 100vw, 600px\" \/><\/a><\/figure>\n\n\n\n<h2 class=\"woocommerce-loop-category__title wp-block-heading\"><a href=\"https:\/\/www.sibeag.ch\/shop\/parcours-de-golf\/depart\/lave-balles\/lave-balles-premier\/lave-balles-premier\/?lang=fr#tab-ersatzteile\"><\/a><a href=\"https:\/\/www.sibeag.ch\/telechargements\/listes-des-pieces-detachees\/listes-de-pieces-detachees-pour-hole-cutters\/liste-des-pieces-detachees-hole-cutter-pro-ii\/?lang=fr\">Pro II <\/a><\/h2>\n<\/div>\n\n\n\n<div class=\"wp-block-column is-layout-flow wp-block-column-is-layout-flow\">\n<figure class=\"wp-block-image\"><a href=\"https:\/\/www.sibeag.ch\/wp-content\/uploads\/Lochstecher-Turfmaster-28000-Ersatzteileliste.pdf\"><img loading=\"lazy\" decoding=\"async\" width=\"600\" height=\"600\" src=\"https:\/\/www.sibeag.ch\/wp-content\/uploads\/lochstecher-turfmaster-28000-1.jpg\" alt=\"Lochstecher Turfmaster - 28000\" class=\"wp-image-8754\" srcset=\"https:\/\/sibeag.ch\/wp-content\/uploads\/lochstecher-turfmaster-28000-1.jpg 600w, https:\/\/sibeag.ch\/wp-content\/uploads\/lochstecher-turfmaster-28000-1-300x300.jpg 300w, https:\/\/sibeag.ch\/wp-content\/uploads\/lochstecher-turfmaster-28000-1-100x100.jpg 100w, https:\/\/sibeag.ch\/wp-content\/uploads\/lochstecher-turfmaster-28000-1-64x64.jpg 64w\" sizes=\"auto, (max-width: 600px) 100vw, 600px\" \/><\/a><\/figure>\n\n\n\n<h2 class=\"woocommerce-loop-category__title wp-block-heading\"><a href=\"https:\/\/www.sibeag.ch\/wp-content\/uploads\/Lochstecher-Turfmaster-28000-Ersatzteileliste.pdf\">Turfmaster<\/a><\/h2>\n<\/div>\n<\/div>\n\n\n\n<div class=\"wp-block-columns has-6-columns is-layout-flex wp-container-core-columns-is-layout-9d6595d7 wp-block-columns-is-layout-flex\">\n<div class=\"wp-block-column spalte-ersatzteileliste-logo is-layout-flow wp-block-column-is-layout-flow\">\n<figure class=\"wp-block-image ersatzteileliste logo\"><img loading=\"lazy\" decoding=\"async\" width=\"360\" height=\"200\" src=\"https:\/\/www.sibeag.ch\/wp-content\/uploads\/ParAide-Logo-1.jpg\" alt=\"\" class=\"wp-image-11407\" srcset=\"https:\/\/sibeag.ch\/wp-content\/uploads\/ParAide-Logo-1.jpg 360w, https:\/\/sibeag.ch\/wp-content\/uploads\/ParAide-Logo-1-64x36.jpg 64w\" sizes=\"auto, (max-width: 360px) 100vw, 360px\" \/><\/figure>\n<\/div>\n\n\n\n<div class=\"wp-block-column is-layout-flow wp-block-column-is-layout-flow\">\n<figure class=\"wp-block-image\"><a href=\"https:\/\/www.sibeag.ch\/shop\/greenkeeping-fr\/hole-cutters-accessoires\/pieces-detachees-pour-hole-cutters\/pieces-detachees-pour-hole-cutter-hio\/?lang=fr\"><img loading=\"lazy\" decoding=\"async\" width=\"600\" height=\"600\" src=\"https:\/\/www.sibeag.ch\/wp-content\/uploads\/lochstecher-hio-PA1003-1.jpg\" alt=\"Lochstecher HiO - PA1003-1\" class=\"wp-image-7477\" srcset=\"https:\/\/sibeag.ch\/wp-content\/uploads\/lochstecher-hio-PA1003-1.jpg 600w, https:\/\/sibeag.ch\/wp-content\/uploads\/lochstecher-hio-PA1003-1-300x300.jpg 300w, https:\/\/sibeag.ch\/wp-content\/uploads\/lochstecher-hio-PA1003-1-100x100.jpg 100w, https:\/\/sibeag.ch\/wp-content\/uploads\/lochstecher-hio-PA1003-1-64x64.jpg 64w\" sizes=\"auto, (max-width: 600px) 100vw, 600px\" \/><\/a><\/figure>\n\n\n\n<h2 class=\"woocommerce-loop-category__title wp-block-heading\"><a href=\"https:\/\/www.sibeag.ch\/shop\/greenkeeping-fr\/hole-cutters-accessoires\/pieces-detachees-pour-hole-cutters\/pieces-detachees-pour-hole-cutter-hio\/?lang=fr\">HiO<\/a><\/h2>\n<\/div>\n\n\n\n<div class=\"wp-block-column is-layout-flow wp-block-column-is-layout-flow\">\n<figure class=\"wp-block-image\"><a href=\"https:\/\/www.sibeag.ch\/fr\/categorie\/greenkeeping-fr\/hole-cutters-accessoires\/pieces-detachees-pour-hole-cutters\/\"><img loading=\"lazy\" decoding=\"async\" width=\"600\" height=\"600\" src=\"https:\/\/www.sibeag.ch\/wp-content\/uploads\/lochstecher-PA.jpg\" alt=\"Lochstecher Foot Extraction\" class=\"wp-image-7481\" srcset=\"https:\/\/sibeag.ch\/wp-content\/uploads\/lochstecher-PA.jpg 600w, https:\/\/sibeag.ch\/wp-content\/uploads\/lochstecher-PA-300x300.jpg 300w, https:\/\/sibeag.ch\/wp-content\/uploads\/lochstecher-PA-100x100.jpg 100w, https:\/\/sibeag.ch\/wp-content\/uploads\/lochstecher-PA-64x64.jpg 64w\" sizes=\"auto, (max-width: 600px) 100vw, 600px\" \/><\/a><\/figure>\n\n\n\n<h2 class=\"woocommerce-loop-category__title wp-block-heading\"><a href=\"https:\/\/www.sibeag.ch\/fr\/categorie\/greenkeeping-fr\/hole-cutters-accessoires\/pieces-detachees-pour-hole-cutters\/\">Foot Extraction<\/a><\/h2>\n<\/div>\n\n\n\n<div class=\"wp-block-column is-layout-flow wp-block-column-is-layout-flow\">\n<figure class=\"wp-block-image\"><a href=\"https:\/\/www.sibeag.ch\/fr\/categorie\/greenkeeping-fr\/hole-cutters-accessoires\/pieces-detachees-pour-hole-cutters\/\"><img loading=\"lazy\" decoding=\"async\" width=\"600\" height=\"600\" src=\"https:\/\/www.sibeag.ch\/wp-content\/uploads\/lochstecher-20.3-cm.jpg\" alt=\"Lochstecher und Adapter f\u00fcr 20.3 cm\" class=\"wp-image-7465\" srcset=\"https:\/\/sibeag.ch\/wp-content\/uploads\/lochstecher-20.3-cm.jpg 600w, https:\/\/sibeag.ch\/wp-content\/uploads\/lochstecher-20.3-cm-300x300.jpg 300w, https:\/\/sibeag.ch\/wp-content\/uploads\/lochstecher-20.3-cm-100x100.jpg 100w, https:\/\/sibeag.ch\/wp-content\/uploads\/lochstecher-20.3-cm-64x64.jpg 64w\" sizes=\"auto, (max-width: 600px) 100vw, 600px\" \/><\/a><\/figure>\n\n\n\n<h2 class=\"woocommerce-loop-category__title wp-block-heading\"><a href=\"https:\/\/www.sibeag.ch\/fr\/categorie\/greenkeeping-fr\/hole-cutters-accessoires\/pieces-detachees-pour-hole-cutters\/\">Foot Extraction 20.3 cm<\/a><\/h2>\n<\/div>\n\n\n\n<div class=\"wp-block-column is-layout-flow wp-block-column-is-layout-flow\">\n<figure class=\"wp-block-image\"><a href=\"https:\/\/www.sibeag.ch\/fr\/categorie\/greenkeeping-fr\/hole-cutters-accessoires\/pieces-detachees-pour-hole-cutters\/\"><img loading=\"lazy\" decoding=\"async\" width=\"600\" height=\"600\" src=\"https:\/\/www.sibeag.ch\/wp-content\/uploads\/lochstecher-leverl-action-PA.jpg\" alt=\"Lochstecher Lever Action\" class=\"wp-image-7479\" srcset=\"https:\/\/sibeag.ch\/wp-content\/uploads\/lochstecher-leverl-action-PA.jpg 600w, https:\/\/sibeag.ch\/wp-content\/uploads\/lochstecher-leverl-action-PA-300x300.jpg 300w, https:\/\/sibeag.ch\/wp-content\/uploads\/lochstecher-leverl-action-PA-100x100.jpg 100w, https:\/\/sibeag.ch\/wp-content\/uploads\/lochstecher-leverl-action-PA-64x64.jpg 64w\" sizes=\"auto, (max-width: 600px) 100vw, 600px\" \/><\/a><\/figure>\n\n\n\n<h2 class=\"woocommerce-loop-category__title wp-block-heading\" id=\"mce_11\"><a href=\"https:\/\/www.sibeag.ch\/fr\/categorie\/greenkeeping-fr\/hole-cutters-accessoires\/pieces-detachees-pour-hole-cutters\/\">Lever Action<\/a><\/h2>\n<\/div>\n\n\n\n<div class=\"wp-block-column is-layout-flow wp-block-column-is-layout-flow\">\n<figure class=\"wp-block-image\"><a href=\"https:\/\/www.sibeag.ch\/fr\/categorie\/greenkeeping-fr\/hole-cutters-accessoires\/pieces-detachees-pour-hole-cutters\/\"><img loading=\"lazy\" decoding=\"async\" width=\"600\" height=\"600\" src=\"https:\/\/www.sibeag.ch\/wp-content\/uploads\/lochstecher-15inch-PA1004.jpg\" alt=\"Lochstecher 38.1 cm - PA1004\" class=\"wp-image-7463\" srcset=\"https:\/\/sibeag.ch\/wp-content\/uploads\/lochstecher-15inch-PA1004.jpg 600w, https:\/\/sibeag.ch\/wp-content\/uploads\/lochstecher-15inch-PA1004-300x300.jpg 300w, https:\/\/sibeag.ch\/wp-content\/uploads\/lochstecher-15inch-PA1004-100x100.jpg 100w, https:\/\/sibeag.ch\/wp-content\/uploads\/lochstecher-15inch-PA1004-64x64.jpg 64w\" sizes=\"auto, (max-width: 600px) 100vw, 600px\" \/><\/a><\/figure>\n\n\n\n<h2 class=\"woocommerce-loop-category__title wp-block-heading\"><a href=\"https:\/\/www.sibeag.ch\/fr\/categorie\/greenkeeping-fr\/hole-cutters-accessoires\/pieces-detachees-pour-hole-cutters\/\">Lever Action 38.1 cm<\/a><\/h2>\n<\/div>\n<\/div>\n\n\n\n<div class=\"wp-block-columns has-3-columns is-layout-flex wp-container-core-columns-is-layout-9d6595d7 wp-block-columns-is-layout-flex\">\n<div class=\"wp-block-column spalte-ersatzteileliste-logo is-layout-flow wp-block-column-is-layout-flow\">\n<figure class=\"wp-block-image ersatzteileliste logo\"><img loading=\"lazy\" decoding=\"async\" width=\"800\" height=\"391\" src=\"https:\/\/www.sibeag.ch\/wp-content\/uploads\/bms-logo.jpg\" alt=\"\" class=\"wp-image-99\" srcset=\"https:\/\/sibeag.ch\/wp-content\/uploads\/bms-logo.jpg 800w, https:\/\/sibeag.ch\/wp-content\/uploads\/bms-logo-600x293.jpg 600w, https:\/\/sibeag.ch\/wp-content\/uploads\/bms-logo-64x31.jpg 64w\" sizes=\"auto, (max-width: 800px) 100vw, 800px\" \/><\/figure>\n<\/div>\n\n\n\n<div class=\"wp-block-column is-layout-flow wp-block-column-is-layout-flow\">\n<figure class=\"wp-block-image\"><a href=\"https:\/\/www.sibeag.ch\/fr\/telechargements\/listes-des-pieces-detachees\/listes-de-pieces-detachees-pour-hole-cutters\/ipro-v2-0-ersatzteile-2018-2-2\/\"><img loading=\"lazy\" decoding=\"async\" width=\"600\" height=\"600\" src=\"https:\/\/www.sibeag.ch\/wp-content\/uploads\/lochstecher-ipro2-.jpg\" alt=\"Lochstecher iPro V2 von BMS\" class=\"wp-image-23649\" srcset=\"https:\/\/sibeag.ch\/wp-content\/uploads\/lochstecher-ipro2-.jpg 600w, https:\/\/sibeag.ch\/wp-content\/uploads\/lochstecher-ipro2--300x300.jpg 300w, https:\/\/sibeag.ch\/wp-content\/uploads\/lochstecher-ipro2--100x100.jpg 100w, https:\/\/sibeag.ch\/wp-content\/uploads\/lochstecher-ipro2--64x64.jpg 64w\" sizes=\"auto, (max-width: 600px) 100vw, 600px\" \/><\/a><\/figure>\n\n\n\n<h2 class=\"wp-block-heading\"><a href=\"https:\/\/www.sibeag.ch\/telechargements\/listes-des-pieces-detachees\/listes-de-pieces-detachees-pour-hole-cutters\/liste-des-pieces-detachees-hole-cutter-holemaster\/?lang=fr\">iPro V2.0<\/a><\/h2>\n<\/div>\n\n\n\n<div class=\"wp-block-column spalte-ersatzteileliste-logo is-layout-flow wp-block-column-is-layout-flow\">\n<div class=\"wp-block-group\"><div class=\"wp-block-group__inner-container is-layout-flow wp-block-group-is-layout-flow\">\n<p> <\/p>\n<\/div><\/div>\n<\/div>\n\n\n\n<div class=\"wp-block-column spalte-ersatzteileliste-logo is-layout-flow wp-block-column-is-layout-flow\">\n<p>  <\/p>\n<\/div>\n<\/div>\n","protected":false},"excerpt":{"rendered":"<p>Holemaster Magnum Pro II Turfmaster HiO Foot Extraction Foot Extraction 20.3 cm Lever Action Lever Action 38.1 cm iPro V2.0<\/p>\n","protected":false},"author":2,"featured_media":0,"parent":25315,"menu_order":0,"comment_status":"closed","ping_status":"closed","template":"","meta":{"_acf_changed":false,"footnotes":""},"class_list":["entry","author-sibeag","post-25320","page","type-page","status-publish"],"acf":[],"_links":{"self":[{"href":"https:\/\/sibeag.ch\/fr\/wp-json\/wp\/v2\/pages\/25320","targetHints":{"allow":["GET"]}}],"collection":[{"href":"https:\/\/sibeag.ch\/fr\/wp-json\/wp\/v2\/pages"}],"about":[{"href":"https:\/\/sibeag.ch\/fr\/wp-json\/wp\/v2\/types\/page"}],"author":[{"embeddable":true,"href":"https:\/\/sibeag.ch\/fr\/wp-json\/wp\/v2\/users\/2"}],"replies":[{"embeddable":true,"href":"https:\/\/sibeag.ch\/fr\/wp-json\/wp\/v2\/comments?post=25320"}],"version-history":[{"count":0,"href":"https:\/\/sibeag.ch\/fr\/wp-json\/wp\/v2\/pages\/25320\/revisions"}],"up":[{"embeddable":true,"href":"https:\/\/sibeag.ch\/fr\/wp-json\/wp\/v2\/pages\/25315"}],"wp:attachment":[{"href":"https:\/\/sibeag.ch\/fr\/wp-json\/wp\/v2\/media?parent=25320"}],"curies":[{"name":"wp","href":"https:\/\/api.w.org\/{rel}","templated":true}]}}