{"id":25326,"date":"2019-09-30T14:27:43","date_gmt":"2019-09-30T14:27:43","guid":{"rendered":"https:\/\/www.sibeag.ch\/telechargements\/listes-des-pieces-detachees\/listes-de-pieces-detachees-pour-hole-cutters\/liste-des-pieces-detachees-hole-cutter-holemaster\/"},"modified":"2019-09-30T14:27:51","modified_gmt":"2019-09-30T14:27:51","slug":"liste-des-pieces-detachees-hole-cutter-holemaster","status":"publish","type":"page","link":"https:\/\/sibeag.ch\/fr\/telechargements\/listes-des-pieces-detachees\/listes-de-pieces-detachees-pour-hole-cutters\/liste-des-pieces-detachees-hole-cutter-holemaster\/","title":{"rendered":"Liste des pi\u00e8ces d\u00e9tach\u00e9es Hole Cutter Holemaster"},"content":{"rendered":"\n<div class=\"wp-block-columns has-2-columns is-layout-flex wp-container-core-columns-is-layout-9d6595d7 wp-block-columns-is-layout-flex\">\n<div class=\"wp-block-column is-layout-flow wp-block-column-is-layout-flow\">\n<div class=\"wp-block-image\"><figure class=\"aligncenter is-resized\"><a href=\"https:\/\/www.sibeag.ch\/wp-content\/uploads\/Lochstecher-Holemaster-28300-Ersatzteileliste.pdf\"><img loading=\"lazy\" decoding=\"async\" src=\"https:\/\/www.sibeag.ch\/wp-content\/uploads\/Explosionszeichnung-Holemaster.jpg\" alt=\"\" class=\"wp-image-18521\" width=\"351\" height=\"454\" srcset=\"https:\/\/sibeag.ch\/wp-content\/uploads\/Explosionszeichnung-Holemaster.jpg 702w, https:\/\/sibeag.ch\/wp-content\/uploads\/Explosionszeichnung-Holemaster-600x776.jpg 600w, https:\/\/sibeag.ch\/wp-content\/uploads\/Explosionszeichnung-Holemaster-64x83.jpg 64w\" sizes=\"auto, (max-width: 351px) 100vw, 351px\" \/><\/a><\/figure><\/div>\n\n\n\n<h2 class=\"woocommerce-loop-category__title wp-block-heading\"><a href=\"https:\/\/www.sibeag.ch\/wp-content\/uploads\/Lochstecher-Holemaster-28300-Ersatzteileliste.pdf\">Holemaster &#8211; 28300<\/a><\/h2>\n<\/div>\n\n\n\n<div class=\"wp-block-column is-layout-flow wp-block-column-is-layout-flow\">\n<div class=\"wp-block-image\"><figure class=\"aligncenter is-resized\"><a href=\"https:\/\/www.sibeag.ch\/wp-content\/uploads\/Lochstecher-Holemaster-28350-Ersatzteileliste.pdf\"><img loading=\"lazy\" decoding=\"async\" src=\"https:\/\/www.sibeag.ch\/wp-content\/uploads\/Explosionszeichnung-Holemaster-28350.jpg\" alt=\"\" class=\"wp-image-18519\" width=\"350\" height=\"455\" srcset=\"https:\/\/sibeag.ch\/wp-content\/uploads\/Explosionszeichnung-Holemaster-28350.jpg 700w, https:\/\/sibeag.ch\/wp-content\/uploads\/Explosionszeichnung-Holemaster-28350-600x780.jpg 600w, https:\/\/sibeag.ch\/wp-content\/uploads\/Explosionszeichnung-Holemaster-28350-64x83.jpg 64w\" sizes=\"auto, (max-width: 350px) 100vw, 350px\" \/><\/a><\/figure><\/div>\n\n\n\n<h2 class=\"woocommerce-loop-category__title wp-block-heading\"> <a href=\"https:\/\/www.sibeag.ch\/wp-content\/uploads\/Lochstecher-Holemaster-28350-Ersatzteileliste.pdf\">Holemaster &#8211; 28350<\/a> <\/h2>\n\n\n\n<p\/>\n<\/div>\n<\/div>\n","protected":false},"excerpt":{"rendered":"<p>Holemaster &#8211; 28300 Holemaster &#8211; 28350<\/p>\n","protected":false},"author":2,"featured_media":0,"parent":25320,"menu_order":0,"comment_status":"closed","ping_status":"closed","template":"","meta":{"_acf_changed":false,"footnotes":""},"class_list":["entry","author-sibeag","post-25326","page","type-page","status-publish"],"acf":[],"_links":{"self":[{"href":"https:\/\/sibeag.ch\/fr\/wp-json\/wp\/v2\/pages\/25326","targetHints":{"allow":["GET"]}}],"collection":[{"href":"https:\/\/sibeag.ch\/fr\/wp-json\/wp\/v2\/pages"}],"about":[{"href":"https:\/\/sibeag.ch\/fr\/wp-json\/wp\/v2\/types\/page"}],"author":[{"embeddable":true,"href":"https:\/\/sibeag.ch\/fr\/wp-json\/wp\/v2\/users\/2"}],"replies":[{"embeddable":true,"href":"https:\/\/sibeag.ch\/fr\/wp-json\/wp\/v2\/comments?post=25326"}],"version-history":[{"count":0,"href":"https:\/\/sibeag.ch\/fr\/wp-json\/wp\/v2\/pages\/25326\/revisions"}],"up":[{"embeddable":true,"href":"https:\/\/sibeag.ch\/fr\/wp-json\/wp\/v2\/pages\/25320"}],"wp:attachment":[{"href":"https:\/\/sibeag.ch\/fr\/wp-json\/wp\/v2\/media?parent=25326"}],"curies":[{"name":"wp","href":"https:\/\/api.w.org\/{rel}","templated":true}]}}