{"id":25332,"date":"2019-09-30T14:28:22","date_gmt":"2019-09-30T14:28:22","guid":{"rendered":"https:\/\/www.sibeag.ch\/telechargements\/listes-des-pieces-detachees\/listes-de-pieces-detachees-pour-hole-cutters\/liste-des-pieces-detachees-hole-cutter-pro-ii\/"},"modified":"2019-09-30T14:28:27","modified_gmt":"2019-09-30T14:28:27","slug":"liste-des-pieces-detachees-hole-cutter-pro-ii","status":"publish","type":"page","link":"https:\/\/sibeag.ch\/fr\/telechargements\/listes-des-pieces-detachees\/listes-de-pieces-detachees-pour-hole-cutters\/liste-des-pieces-detachees-hole-cutter-pro-ii\/","title":{"rendered":"Liste des pi\u00e8ces d\u00e9tach\u00e9es Hole Cutter Pro II"},"content":{"rendered":"\n<div class=\"wp-block-columns has-2-columns is-layout-flex wp-container-core-columns-is-layout-9d6595d7 wp-block-columns-is-layout-flex\">\n<div class=\"wp-block-column is-layout-flow wp-block-column-is-layout-flow\">\n<figure class=\"wp-block-image\"><a href=\"https:\/\/www.sibeag.ch\/wp-content\/uploads\/Lochstecher-ProII-Ersatzteileliste.pdf\"><img loading=\"lazy\" decoding=\"async\" width=\"700\" height=\"906\" src=\"https:\/\/www.sibeag.ch\/wp-content\/uploads\/Explosionszeichnung-Lochstecher-Pro-II.jpg\" alt=\"\" class=\"wp-image-18530\" srcset=\"https:\/\/sibeag.ch\/wp-content\/uploads\/Explosionszeichnung-Lochstecher-Pro-II.jpg 700w, https:\/\/sibeag.ch\/wp-content\/uploads\/Explosionszeichnung-Lochstecher-Pro-II-600x777.jpg 600w, https:\/\/sibeag.ch\/wp-content\/uploads\/Explosionszeichnung-Lochstecher-Pro-II-64x83.jpg 64w\" sizes=\"auto, (max-width: 700px) 100vw, 700px\" \/><\/a><\/figure>\n\n\n<h2 class=\"woocommerce-loop-category__title wp-block-heading\"><a href=\"https:\/\/www.sibeag.ch\/wp-content\/uploads\/Lochstecher-ProII-Ersatzteileliste.pdf\">Hole Cutter Pro II<\/a><\/h2>\n<\/div>\n\n\n\n<div class=\"wp-block-column is-layout-flow wp-block-column-is-layout-flow\">\n<figure class=\"wp-block-image\"><a href=\"https:\/\/www.sibeag.ch\/wp-content\/uploads\/Lochstecher-ProII-gross-28785-Ersatzteileliste.pdf\"><img loading=\"lazy\" decoding=\"async\" width=\"700\" height=\"910\" src=\"https:\/\/www.sibeag.ch\/wp-content\/uploads\/Explosionszeichnung-Lochstecher-Pro-II-gross.jpg\" alt=\"\" class=\"wp-image-18528\" srcset=\"https:\/\/sibeag.ch\/wp-content\/uploads\/Explosionszeichnung-Lochstecher-Pro-II-gross.jpg 700w, https:\/\/sibeag.ch\/wp-content\/uploads\/Explosionszeichnung-Lochstecher-Pro-II-gross-600x780.jpg 600w, https:\/\/sibeag.ch\/wp-content\/uploads\/Explosionszeichnung-Lochstecher-Pro-II-gross-64x83.jpg 64w\" sizes=\"auto, (max-width: 700px) 100vw, 700px\" \/><\/a><\/figure>\n\n\n<h2 class=\"woocommerce-loop-category__title wp-block-heading\"><a href=\"https:\/\/www.sibeag.ch\/wp-content\/uploads\/Lochstecher-ProII-gross-28785-Ersatzteileliste.pdf\">Hole Cutter Pro II &#8211; 8&Prime;<\/a><\/h2>\n<\/div>\n<\/div>\n","protected":false},"excerpt":{"rendered":"<p>Hole Cutter Pro II Hole Cutter Pro II &#8211; 8&Prime;<\/p>\n","protected":false},"author":2,"featured_media":0,"parent":25320,"menu_order":0,"comment_status":"closed","ping_status":"closed","template":"","meta":{"_acf_changed":false,"footnotes":""},"class_list":["entry","author-sibeag","post-25332","page","type-page","status-publish"],"acf":[],"_links":{"self":[{"href":"https:\/\/sibeag.ch\/fr\/wp-json\/wp\/v2\/pages\/25332","targetHints":{"allow":["GET"]}}],"collection":[{"href":"https:\/\/sibeag.ch\/fr\/wp-json\/wp\/v2\/pages"}],"about":[{"href":"https:\/\/sibeag.ch\/fr\/wp-json\/wp\/v2\/types\/page"}],"author":[{"embeddable":true,"href":"https:\/\/sibeag.ch\/fr\/wp-json\/wp\/v2\/users\/2"}],"replies":[{"embeddable":true,"href":"https:\/\/sibeag.ch\/fr\/wp-json\/wp\/v2\/comments?post=25332"}],"version-history":[{"count":0,"href":"https:\/\/sibeag.ch\/fr\/wp-json\/wp\/v2\/pages\/25332\/revisions"}],"up":[{"embeddable":true,"href":"https:\/\/sibeag.ch\/fr\/wp-json\/wp\/v2\/pages\/25320"}],"wp:attachment":[{"href":"https:\/\/sibeag.ch\/fr\/wp-json\/wp\/v2\/media?parent=25332"}],"curies":[{"name":"wp","href":"https:\/\/api.w.org\/{rel}","templated":true}]}}