{"id":25337,"date":"2019-09-30T14:30:31","date_gmt":"2019-09-30T14:30:31","guid":{"rendered":"https:\/\/www.sibeag.ch\/telechargements\/listes-des-pieces-detachees\/pieces-detachees-lave-balles\/"},"modified":"2020-11-10T16:46:04","modified_gmt":"2020-11-10T15:46:04","slug":"pieces-detachees-lave-balles","status":"publish","type":"page","link":"https:\/\/sibeag.ch\/fr\/telechargements\/listes-des-pieces-detachees\/pieces-detachees-lave-balles\/","title":{"rendered":"Pi\u00e8ces d\u00e9tach\u00e9es lave-balles"},"content":{"rendered":"\n<div class=\"wp-block-columns has-4-columns is-layout-flex wp-container-core-columns-is-layout-9d6595d7 wp-block-columns-is-layout-flex\">\n<div class=\"wp-block-column spalte-ersatzteileliste-logo is-layout-flow wp-block-column-is-layout-flow\">\n<figure class=\"wp-block-image ersatzteileliste-logo\"><img loading=\"lazy\" decoding=\"async\" width=\"360\" height=\"200\" src=\"https:\/\/www.sibeag.ch\/wp-content\/uploads\/StandardGolf-Logo.jpg\" alt=\"\" class=\"wp-image-11409\" srcset=\"https:\/\/sibeag.ch\/wp-content\/uploads\/StandardGolf-Logo.jpg 360w, https:\/\/sibeag.ch\/wp-content\/uploads\/StandardGolf-Logo-64x36.jpg 64w\" sizes=\"auto, (max-width: 360px) 100vw, 360px\" \/><\/figure>\n<\/div>\n\n\n\n<div class=\"wp-block-column is-layout-flow wp-block-column-is-layout-flow\">\n<figure class=\"wp-block-image\"><a href=\"https:\/\/www.sibeag.ch\/wp-content\/uploads\/classic_2017.pdf\"><img loading=\"lazy\" decoding=\"async\" width=\"600\" height=\"600\" src=\"https:\/\/www.sibeag.ch\/wp-content\/uploads\/ballwascher-classic-1350-1-1.jpg\" alt=\"gr\u00fcner Ballwascher Classic - 1350\" class=\"wp-image-8084\" srcset=\"https:\/\/sibeag.ch\/wp-content\/uploads\/ballwascher-classic-1350-1-1.jpg 600w, https:\/\/sibeag.ch\/wp-content\/uploads\/ballwascher-classic-1350-1-1-300x300.jpg 300w, https:\/\/sibeag.ch\/wp-content\/uploads\/ballwascher-classic-1350-1-1-100x100.jpg 100w, https:\/\/sibeag.ch\/wp-content\/uploads\/ballwascher-classic-1350-1-1-64x64.jpg 64w\" sizes=\"auto, (max-width: 600px) 100vw, 600px\" \/><\/a><\/figure>\n\n\n\n<h2 class=\"woocommerce-loop-category__title wp-block-heading\"><a href=\"https:\/\/www.sibeag.ch\/wp-content\/uploads\/classic_2017.pdf\">Lave-balles Classic<\/a><\/h2>\n<\/div>\n\n\n\n<div class=\"wp-block-column is-layout-flow wp-block-column-is-layout-flow\">\n<figure class=\"wp-block-image\"><a href=\"https:\/\/www.sibeag.ch\/wp-content\/uploads\/Medalist_Ball_Washer_Assembly.pdf\"><img loading=\"lazy\" decoding=\"async\" width=\"600\" height=\"600\" src=\"https:\/\/www.sibeag.ch\/wp-content\/uploads\/ballwascher-medalist-01525-1.jpg\" alt=\"roter Ballwascher Medalist - 01525\" class=\"wp-image-8090\" srcset=\"https:\/\/sibeag.ch\/wp-content\/uploads\/ballwascher-medalist-01525-1.jpg 600w, https:\/\/sibeag.ch\/wp-content\/uploads\/ballwascher-medalist-01525-1-300x300.jpg 300w, https:\/\/sibeag.ch\/wp-content\/uploads\/ballwascher-medalist-01525-1-100x100.jpg 100w, https:\/\/sibeag.ch\/wp-content\/uploads\/ballwascher-medalist-01525-1-64x64.jpg 64w\" sizes=\"auto, (max-width: 600px) 100vw, 600px\" \/><\/a><\/figure>\n\n\n\n<h2 class=\"woocommerce-loop-category__title wp-block-heading\"><a href=\"https:\/\/www.sibeag.ch\/wp-content\/uploads\/Medalist_Ball_Washer_Assembly.pdf\">Lave-balles Medalist<\/a><\/h2>\n<\/div>\n\n\n\n<div class=\"wp-block-column is-layout-flow wp-block-column-is-layout-flow\">\n<figure class=\"wp-block-image\"><a href=\"https:\/\/www.sibeag.ch\/wp-content\/uploads\/Premier_Ball_Washer_Assembly.pdf\"><img loading=\"lazy\" decoding=\"async\" width=\"600\" height=\"600\" src=\"https:\/\/www.sibeag.ch\/wp-content\/uploads\/ballwascher-premier-01450-1.jpg\" alt=\"gr\u00fcner Ballwascher Premier - 01450\" class=\"wp-image-8092\" srcset=\"https:\/\/sibeag.ch\/wp-content\/uploads\/ballwascher-premier-01450-1.jpg 600w, https:\/\/sibeag.ch\/wp-content\/uploads\/ballwascher-premier-01450-1-300x300.jpg 300w, https:\/\/sibeag.ch\/wp-content\/uploads\/ballwascher-premier-01450-1-100x100.jpg 100w, https:\/\/sibeag.ch\/wp-content\/uploads\/ballwascher-premier-01450-1-64x64.jpg 64w\" sizes=\"auto, (max-width: 600px) 100vw, 600px\" \/><\/a><\/figure>\n\n\n\n<h2 class=\"woocommerce-loop-category__title wp-block-heading\"><a href=\"https:\/\/www.sibeag.ch\/wp-content\/uploads\/Premier_Ball_Washer_Assembly.pdf\">Lave-balles Premier<\/a><\/h2>\n<\/div>\n<\/div>\n\n\n\n<div class=\"wp-block-columns has-4-columns is-layout-flex wp-container-core-columns-is-layout-9d6595d7 wp-block-columns-is-layout-flex\">\n<div class=\"wp-block-column spalte-ersatzteileliste-logo is-layout-flow wp-block-column-is-layout-flow\">\n<figure class=\"wp-block-image ersatzteileliste-logo\"><img loading=\"lazy\" decoding=\"async\" width=\"360\" height=\"200\" src=\"https:\/\/www.sibeag.ch\/wp-content\/uploads\/ParAide-Logo-1.jpg\" alt=\"\" class=\"wp-image-11407\" srcset=\"https:\/\/sibeag.ch\/wp-content\/uploads\/ParAide-Logo-1.jpg 360w, https:\/\/sibeag.ch\/wp-content\/uploads\/ParAide-Logo-1-64x36.jpg 64w\" sizes=\"auto, (max-width: 360px) 100vw, 360px\" \/><\/figure>\n<\/div>\n\n\n\n<div class=\"wp-block-column is-layout-flow wp-block-column-is-layout-flow\">\n<figure class=\"wp-block-image\"><a href=\"https:\/\/www.sibeag.ch\/fr\/categorie\/parcours-de-golf\/depart\/lave-balles\/lave-balles-master\/pieces-detachees-accessoires-pour-lave-balles-master\/\"><img loading=\"lazy\" decoding=\"async\" width=\"600\" height=\"600\" src=\"https:\/\/www.sibeag.ch\/wp-content\/uploads\/ballwascher-master-PA205-01.jpg\" alt=\"roter Ballwascher Master - PA205-01\" class=\"wp-image-7203\" srcset=\"https:\/\/sibeag.ch\/wp-content\/uploads\/ballwascher-master-PA205-01.jpg 600w, https:\/\/sibeag.ch\/wp-content\/uploads\/ballwascher-master-PA205-01-300x300.jpg 300w, https:\/\/sibeag.ch\/wp-content\/uploads\/ballwascher-master-PA205-01-100x100.jpg 100w, https:\/\/sibeag.ch\/wp-content\/uploads\/ballwascher-master-PA205-01-64x64.jpg 64w\" sizes=\"auto, (max-width: 600px) 100vw, 600px\" \/><\/a><\/figure>\n\n\n\n<h2 class=\"woocommerce-loop-category__title wp-block-heading\"><a href=\"https:\/\/www.sibeag.ch\/fr\/categorie\/parcours-de-golf\/depart\/lave-balles\/lave-balles-master\/pieces-detachees-accessoires-pour-lave-balles-master\/\">Lave-balles Master<\/a><\/h2>\n<\/div>\n\n\n\n<div class=\"wp-block-column is-layout-flow wp-block-column-is-layout-flow\">\n<figure class=\"wp-block-image\"><a href=\"https:\/\/www.sibeag.ch\/fr\/categorie\/parcours-de-golf\/depart\/lave-balles\/lave-balles-deluxe\/pieces-detachees-accessoires-pour-lave-balles-deluxe\/\"><img loading=\"lazy\" decoding=\"async\" width=\"600\" height=\"600\" src=\"https:\/\/www.sibeag.ch\/wp-content\/uploads\/ballwascher-deluxe-PA203-01.jpg\" alt=\"roter Ballwascher Deluxe - PA203-01\" class=\"wp-image-7201\" srcset=\"https:\/\/sibeag.ch\/wp-content\/uploads\/ballwascher-deluxe-PA203-01.jpg 600w, https:\/\/sibeag.ch\/wp-content\/uploads\/ballwascher-deluxe-PA203-01-300x300.jpg 300w, https:\/\/sibeag.ch\/wp-content\/uploads\/ballwascher-deluxe-PA203-01-100x100.jpg 100w, https:\/\/sibeag.ch\/wp-content\/uploads\/ballwascher-deluxe-PA203-01-64x64.jpg 64w\" sizes=\"auto, (max-width: 600px) 100vw, 600px\" \/><\/a><\/figure>\n\n\n\n<h2 class=\"woocommerce-loop-category__title wp-block-heading\"><a href=\"https:\/\/www.sibeag.ch\/fr\/categorie\/parcours-de-golf\/depart\/lave-balles\/lave-balles-deluxe\/pieces-detachees-accessoires-pour-lave-balles-deluxe\/\">Lave-balles Deluxe<\/a><\/h2>\n<\/div>\n\n\n\n<div class=\"wp-block-column is-layout-flow wp-block-column-is-layout-flow\">\n<figure class=\"wp-block-image\"><a href=\"https:\/\/www.sibeag.ch\/fr\/categorie\/parcours-de-golf\/depart\/lave-balles\/lave-balles-tee-pro\/pieces-detachees-accessoires-pour-lave-balles-tee-pro\/\"><img loading=\"lazy\" decoding=\"async\" width=\"600\" height=\"600\" src=\"https:\/\/www.sibeag.ch\/wp-content\/uploads\/ballwascher-tee-pro-PA.jpg\" alt=\"gr\u00fcner Ballwascher Tee Pro\" class=\"wp-image-7205\" srcset=\"https:\/\/sibeag.ch\/wp-content\/uploads\/ballwascher-tee-pro-PA.jpg 600w, https:\/\/sibeag.ch\/wp-content\/uploads\/ballwascher-tee-pro-PA-300x300.jpg 300w, https:\/\/sibeag.ch\/wp-content\/uploads\/ballwascher-tee-pro-PA-100x100.jpg 100w, https:\/\/sibeag.ch\/wp-content\/uploads\/ballwascher-tee-pro-PA-64x64.jpg 64w\" sizes=\"auto, (max-width: 600px) 100vw, 600px\" \/><\/a><\/figure>\n\n\n\n<h2 class=\"woocommerce-loop-category__title wp-block-heading\"><a href=\"https:\/\/www.sibeag.ch\/fr\/categorie\/parcours-de-golf\/depart\/lave-balles\/lave-balles-tee-pro\/pieces-detachees-accessoires-pour-lave-balles-tee-pro\/\">Lave-balles Tee Pro<\/a><\/h2>\n<\/div>\n<\/div>\n\n\n\n<h2 class=\"wp-block-heading\"><\/h2>\n","protected":false},"excerpt":{"rendered":"<p>Lave-balles Classic Lave-balles Medalist Lave-balles Premier Lave-balles Master Lave-balles Deluxe Lave-balles Tee Pro<\/p>\n","protected":false},"author":2,"featured_media":0,"parent":25315,"menu_order":0,"comment_status":"closed","ping_status":"closed","template":"","meta":{"_acf_changed":false,"footnotes":""},"class_list":["entry","author-sibeag","post-25337","page","type-page","status-publish"],"acf":[],"_links":{"self":[{"href":"https:\/\/sibeag.ch\/fr\/wp-json\/wp\/v2\/pages\/25337","targetHints":{"allow":["GET"]}}],"collection":[{"href":"https:\/\/sibeag.ch\/fr\/wp-json\/wp\/v2\/pages"}],"about":[{"href":"https:\/\/sibeag.ch\/fr\/wp-json\/wp\/v2\/types\/page"}],"author":[{"embeddable":true,"href":"https:\/\/sibeag.ch\/fr\/wp-json\/wp\/v2\/users\/2"}],"replies":[{"embeddable":true,"href":"https:\/\/sibeag.ch\/fr\/wp-json\/wp\/v2\/comments?post=25337"}],"version-history":[{"count":0,"href":"https:\/\/sibeag.ch\/fr\/wp-json\/wp\/v2\/pages\/25337\/revisions"}],"up":[{"embeddable":true,"href":"https:\/\/sibeag.ch\/fr\/wp-json\/wp\/v2\/pages\/25315"}],"wp:attachment":[{"href":"https:\/\/sibeag.ch\/fr\/wp-json\/wp\/v2\/media?parent=25337"}],"curies":[{"name":"wp","href":"https:\/\/api.w.org\/{rel}","templated":true}]}}