{"id":25340,"date":"2019-09-30T14:30:36","date_gmt":"2019-09-30T14:30:36","guid":{"rendered":"https:\/\/www.sibeag.ch\/coordonnees\/"},"modified":"2020-11-09T12:58:59","modified_gmt":"2020-11-09T11:58:59","slug":"coordonnees","status":"publish","type":"page","link":"https:\/\/sibeag.ch\/fr\/coordonnees\/","title":{"rendered":"Coordonn\u00e9es"},"content":{"rendered":"\n<p><\/p>\n\n\n\n<div class=\"wp-block-columns has-2-columns is-layout-flex wp-container-core-columns-is-layout-9d6595d7 wp-block-columns-is-layout-flex\">\n<div class=\"wp-block-column is-layout-flow wp-block-column-is-layout-flow\">\n<div id=\"kontaktangaben\">Adresse:\n<p>SIBE Golf AG<br>Altstetterstrasse 279<br>8047 Z\u00fcrich<\/p>\n<p>T\u00e9l\u00e9phone: 044 400 44 95<br>Mail: golf@sibeag.ch<\/p><\/div>\n<\/div>\n\n\n\n<div class=\"wp-block-column is-layout-flow wp-block-column-is-layout-flow\">\n<iframe loading=\"lazy\" src=\"https:\/\/www.google.com\/maps\/embed?pb=!1m18!1m12!1m3!1d675.4265004897305!2d8.483318088163598!3d47.378656306821014!2m3!1f0!2f0!3f0!3m2!1i1024!2i768!4f13.1!3m3!1m2!1s0x47900bd08104a371%3A0xe913c510ec34651d!2sSibe%20Golf%20AG!5e0!3m2!1sde!2sch!4v1568615126377!5m2!1sde!2sch\" width=\"800\" height=\"350\" frameborder=\"0\" style=\"border:0;\" allowfullscreen=\"\"><\/iframe>\n<\/div>\n<\/div>\n","protected":false},"excerpt":{"rendered":"<p>Adresse: SIBE Golf AGAltstetterstrasse 2798047 Z\u00fcrich T\u00e9l\u00e9phone: 044 400 44 95Mail: golf@sibeag.ch<\/p>\n","protected":false},"author":2,"featured_media":0,"parent":0,"menu_order":0,"comment_status":"closed","ping_status":"closed","template":"","meta":{"_acf_changed":false,"footnotes":""},"class_list":["entry","author-sibeag","post-25340","page","type-page","status-publish"],"acf":[],"_links":{"self":[{"href":"https:\/\/sibeag.ch\/fr\/wp-json\/wp\/v2\/pages\/25340","targetHints":{"allow":["GET"]}}],"collection":[{"href":"https:\/\/sibeag.ch\/fr\/wp-json\/wp\/v2\/pages"}],"about":[{"href":"https:\/\/sibeag.ch\/fr\/wp-json\/wp\/v2\/types\/page"}],"author":[{"embeddable":true,"href":"https:\/\/sibeag.ch\/fr\/wp-json\/wp\/v2\/users\/2"}],"replies":[{"embeddable":true,"href":"https:\/\/sibeag.ch\/fr\/wp-json\/wp\/v2\/comments?post=25340"}],"version-history":[{"count":0,"href":"https:\/\/sibeag.ch\/fr\/wp-json\/wp\/v2\/pages\/25340\/revisions"}],"wp:attachment":[{"href":"https:\/\/sibeag.ch\/fr\/wp-json\/wp\/v2\/media?parent=25340"}],"curies":[{"name":"wp","href":"https:\/\/api.w.org\/{rel}","templated":true}]}}