{"id":25343,"date":"2019-09-30T14:31:59","date_gmt":"2019-09-30T14:31:59","guid":{"rendered":"https:\/\/www.sibeag.ch\/qui-sommes-nous\/"},"modified":"2019-10-01T20:22:21","modified_gmt":"2019-10-01T20:22:21","slug":"qui-sommes-nous","status":"publish","type":"page","link":"https:\/\/sibeag.ch\/fr\/qui-sommes-nous\/","title":{"rendered":"Qui sommes-nous"},"content":{"rendered":"\n<p style=\"text-align:center\">Depuis plus de 25 ans nous distribuons l&rsquo;\u00e9quipement des fournisseurs du monde entier pour les parcours de golf et les practices. Fid\u00e8le \u00e0 notre devise \u00ab\u00a0Tout aupr\u00e8s d&rsquo;un seul fournisseur\u00a0\u00bb et notre grande \u00e9xperience dans la domaine d&rsquo;automation du practice, nous pouvons vous offrir une gamme de produits adapt\u00e9 \u00e0 vos besoins. Avez-vous besoin d&rsquo;un coup de main pour la planification, installation d&rsquo;un projet ou simplement pour le choix des hampes de drapeaux? Nous sommes l\u00e0 pour vous donner des conseils comp\u00e9tents et d\u00e9velopper une solution satisfaisante. Si nous ne le savons pas, nous travaillons avec vous pour d\u00e9velopper une solution adapt\u00e9e, adapt\u00e9e \u00e0 votre projet.<\/p>\n\n<p style=\"text-align:center\">\u00c9QUIPMENT DRIVING RANGE- ET PARCOURS DE GOLF &#8211; BALL MANAGEMENT SYSTEM &#8211; OUTILS GREENKEEPING &#8211; PRODUITS LOGOT\u00c9S &#8211; ARMOIRES DE GOLF <\/p>\n","protected":false},"excerpt":{"rendered":"<p>Depuis plus de 25 ans nous distribuons l&rsquo;\u00e9quipement des fournisseurs du monde entier pour les parcours de golf et les practices. Fid\u00e8le \u00e0 notre devise \u00ab\u00a0Tout aupr\u00e8s d&rsquo;un seul fournisseur\u00a0\u00bb et notre grande \u00e9xperience dans la domaine d&rsquo;automation du practice, nous pouvons vous offrir une gamme de produits adapt\u00e9 \u00e0 vos besoins. Avez-vous besoin d&rsquo;un coup de main pour la planification, installation d&rsquo;un projet ou simplement pour le choix des hampes de drapeaux? Nous sommes l\u00e0 pour vous donner des conseils comp\u00e9tents et d\u00e9velopper une solution satisfaisante. Si nous ne le savons pas, nous travaillons avec vous pour d\u00e9velopper une solution adapt\u00e9e, adapt\u00e9e \u00e0 votre<span class=\"more-link\"><a href=\"https:\/\/sibeag.ch\/fr\/qui-sommes-nous\/\">Mehr erfahren<\/a><\/span><\/p>\n","protected":false},"author":2,"featured_media":0,"parent":0,"menu_order":0,"comment_status":"closed","ping_status":"closed","template":"","meta":{"_acf_changed":false,"footnotes":""},"class_list":["entry","author-sibeag","post-25343","page","type-page","status-publish"],"acf":[],"_links":{"self":[{"href":"https:\/\/sibeag.ch\/fr\/wp-json\/wp\/v2\/pages\/25343","targetHints":{"allow":["GET"]}}],"collection":[{"href":"https:\/\/sibeag.ch\/fr\/wp-json\/wp\/v2\/pages"}],"about":[{"href":"https:\/\/sibeag.ch\/fr\/wp-json\/wp\/v2\/types\/page"}],"author":[{"embeddable":true,"href":"https:\/\/sibeag.ch\/fr\/wp-json\/wp\/v2\/users\/2"}],"replies":[{"embeddable":true,"href":"https:\/\/sibeag.ch\/fr\/wp-json\/wp\/v2\/comments?post=25343"}],"version-history":[{"count":0,"href":"https:\/\/sibeag.ch\/fr\/wp-json\/wp\/v2\/pages\/25343\/revisions"}],"wp:attachment":[{"href":"https:\/\/sibeag.ch\/fr\/wp-json\/wp\/v2\/media?parent=25343"}],"curies":[{"name":"wp","href":"https:\/\/api.w.org\/{rel}","templated":true}]}}