{"id":25349,"date":"2019-09-30T14:55:20","date_gmt":"2019-09-30T14:55:20","guid":{"rendered":"https:\/\/www.sibeag.ch\/automation-driving-range\/"},"modified":"2019-09-30T14:55:27","modified_gmt":"2019-09-30T14:55:27","slug":"automation-driving-range","status":"publish","type":"page","link":"https:\/\/sibeag.ch\/fr\/automation-driving-range\/","title":{"rendered":"Automation Driving Range"},"content":{"rendered":"<p>[edsanimate_start entry_animation_type=\u00a0\u00bbslideInLeft\u00a0\u00bb entry_delay=\u00a0\u00bb0.5&Prime; entry_duration=\u00a0\u00bb0.5&Prime; entry_timing=\u00a0\u00bblinear\u00a0\u00bb exit_animation_type=\u00a0\u00bb\u00a0\u00bb exit_delay=\u00a0\u00bb\u00a0\u00bb exit_duration=\u00a0\u00bb\u00a0\u00bb exit_timing=\u00a0\u00bb\u00a0\u00bb animation_repeat=\u00a0\u00bb1&Prime; keep=\u00a0\u00bbyes\u00a0\u00bb animate_on=\u00a0\u00bbload\u00a0\u00bb scroll_offset=\u00a0\u00bb\u00a0\u00bb custom_css_class=\u00a0\u00bb\u00a0\u00bb]<\/p>\n<p id=\"tw-target-text\" class=\"tw-data-text tw-text-large tw-ta\" dir=\"ltr\" data-placeholder=\"\u00dcbersetzung\"><span lang=\"de\" style=\"color: #000000\">Gr\u00e2ce \u00e0 notre exp\u00e9rience et expertise qui s&rsquo;\u00e9tend sur plus que 25 ans, nous pouvons vous offrir des solutions des syst\u00e8mes gestion de balles (Ball Management System) personalis\u00e9. Un practice enti\u00e8rement automatique, un syst\u00e8me de transport de balles de 200 m mais aussi un seul distributeur de balles. Avec notre syst\u00e8me de gestion de balles (Ball Management System) vous \u00eates pr\u00eat pour l&rsquo;avenir!<\/span><\/p>\n<p>[edsanimate_end]<\/p>\n<p>[edsanimate_start entry_animation_type=\u00a0\u00bbslideInRight\u00a0\u00bb entry_delay=\u00a0\u00bb0.5&Prime; entry_duration=\u00a0\u00bb0.5&Prime; entry_timing=\u00a0\u00bblinear\u00a0\u00bb exit_animation_type=\u00a0\u00bb\u00a0\u00bb exit_delay=\u00a0\u00bb\u00a0\u00bb exit_duration=\u00a0\u00bb\u00a0\u00bb exit_timing=\u00a0\u00bb\u00a0\u00bb animation_repeat=\u00a0\u00bb1&Prime; keep=\u00a0\u00bbyes\u00a0\u00bb animate_on=\u00a0\u00bbscroll\u00a0\u00bb scroll_offset=\u00a0\u00bb50&Prime; custom_css_class=\u00a0\u00bb\u00a0\u00bb]<\/p>\n<h2>Syst\u00e8me de gestion de balles<\/h2>\n<p>Le Ball Management System s&rsquo;en occuppe compl\u00e8tement des balles de practices. <a href=\"https:\/\/www.sibeag.ch\/wp-content\/uploads\/blower-ballwascher-range-servant-1.jpg\"><img loading=\"lazy\" decoding=\"async\" class=\"size-medium wp-image-24150 alignright\" src=\"https:\/\/www.sibeag.ch\/wp-content\/uploads\/\/blower-ballwascher-range-servant-1-300x200.jpg\" alt=\"\" width=\"300\" height=\"200\"><\/a>en transportant les balles de A \u00e0 B.<\/p>\n<p>\u00c0 cet effet, les balles sont transport\u00e9 par un syst\u00e8me Blower ou par un \u00e9l\u00e9vateur depuis le lave-balles dans le distributeur de balles. Un logiciel adapt\u00e9 \u00e0 votre practice assure un fonctionnement parfait.[edsanimate_end]<\/p>\n\n<ul class=\"wp-block-gallery columns-2 is-cropped wp-block-gallery-1 is-layout-flex wp-block-gallery-is-layout-flex\"><li class=\"blocks-gallery-item\"><figure><img loading=\"lazy\" decoding=\"async\" width=\"1000\" height=\"563\" src=\"https:\/\/sibeag.ch\/wp-content\/uploads\/.\/golf-ball-manament-system-range-servant-1-2.jpg\" alt=\"\" data-id=\"24145\" data-link=\"https:\/\/www.sibeag.ch\/automatisierung-driving-range\/golf-ball-manament-system-range-servant-1-2\/\" class=\"wp-image-24146\" srcset=\"https:\/\/sibeag.ch\/wp-content\/uploads\/golf-ball-manament-system-range-servant-1-2.jpg 1000w, https:\/\/sibeag.ch\/wp-content\/uploads\/golf-ball-manament-system-range-servant-1-2-600x338.jpg 600w, https:\/\/sibeag.ch\/wp-content\/uploads\/golf-ball-manament-system-range-servant-1-2-64x36.jpg 64w\" sizes=\"auto, (max-width: 1000px) 100vw, 1000px\" \/><\/figure><\/li><li class=\"blocks-gallery-item\"><figure><img loading=\"lazy\" decoding=\"async\" width=\"900\" height=\"433\" src=\"https:\/\/sibeag.ch\/wp-content\/uploads\/.\/ball-management-systemn-range-servant-1.jpg\" alt=\"\" data-id=\"24100\" data-link=\"https:\/\/www.sibeag.ch\/automatisierung-driving-range\/ball-management-systemn-range-servant-1\/\" class=\"wp-image-24101\" srcset=\"https:\/\/sibeag.ch\/wp-content\/uploads\/ball-management-systemn-range-servant-1.jpg 900w, https:\/\/sibeag.ch\/wp-content\/uploads\/ball-management-systemn-range-servant-1-600x289.jpg 600w, https:\/\/sibeag.ch\/wp-content\/uploads\/ball-management-systemn-range-servant-1-64x31.jpg 64w\" sizes=\"auto, (max-width: 900px) 100vw, 900px\" \/><\/figure><\/li><\/ul><p>[edsanimate_start entry_animation_type=\u00a0\u00bbslideInRight\u00a0\u00bb entry_delay=\u00a0\u00bb0.5&Prime; entry_duration=\u00a0\u00bb0.5&Prime; entry_timing=\u00a0\u00bblinear\u00a0\u00bb exit_animation_type=\u00a0\u00bb\u00a0\u00bb exit_delay=\u00a0\u00bb\u00a0\u00bb exit_duration=\u00a0\u00bb\u00a0\u00bb exit_timing=\u00a0\u00bb\u00a0\u00bb animation_repeat=\u00a0\u00bb1&Prime; keep=\u00a0\u00bbyes\u00a0\u00bb animate_on=\u00a0\u00bbscroll\u00a0\u00bb scroll_offset=\u00a0\u00bb50&Prime; custom_css_class=\u00a0\u00bb\u00a0\u00bb]<\/p>\n<h2>Syst\u00e8me Ditch (Fosse)<\/h2>\n<p>Facilitez les travaux des Greenkeepers sur le practice par une solution \u00e9conomique et efficace. Avoir ramass\u00e9 les balles, elles seront renvers\u00e9es dans la fosse remplie d&rsquo;eau pour les pr\u00e9parer pour le lavage. Apr\u00e8s avoir pass\u00e9 le lave-balles, les balles seront transport\u00e9es dans un distributeur de balles par un syst\u00e8me Blower ou un \u00e9l\u00e9vateur. Nous pouvons vous offrir soit un syst\u00e8me enti\u00e8rement sous-terrain soit un syst\u00e8me partiellement sous-terrain<\/p>\n<\/p>\n<p>[edsanimate_end]<\/p>\n<p>[contact-form-7 id=\u00a0\u00bb23711&Prime; title=\u00a0\u00bbInteresse?\u00a0\u00bb]<\/p>\n","protected":false},"excerpt":{"rendered":"<p>[edsanimate_start entry_animation_type=\u00a0\u00bbslideInLeft\u00a0\u00bb entry_delay=\u00a0\u00bb0.5&Prime; entry_duration=\u00a0\u00bb0.5&Prime; entry_timing=\u00a0\u00bblinear\u00a0\u00bb exit_animation_type=\u00a0\u00bb\u00a0\u00bb exit_delay=\u00a0\u00bb\u00a0\u00bb exit_duration=\u00a0\u00bb\u00a0\u00bb exit_timing=\u00a0\u00bb\u00a0\u00bb animation_repeat=\u00a0\u00bb1&Prime; keep=\u00a0\u00bbyes\u00a0\u00bb animate_on=\u00a0\u00bbload\u00a0\u00bb scroll_offset=\u00a0\u00bb\u00a0\u00bb custom_css_class=\u00a0\u00bb\u00a0\u00bb] Gr\u00e2ce \u00e0 notre exp\u00e9rience et expertise qui s&rsquo;\u00e9tend sur plus que 25 ans, nous pouvons vous offrir des solutions des syst\u00e8mes gestion de balles (Ball Management System) personalis\u00e9. Un practice enti\u00e8rement automatique, un syst\u00e8me de transport de balles de 200 m mais aussi un seul distributeur de balles. Avec notre syst\u00e8me de gestion de balles (Ball Management System) vous \u00eates pr\u00eat pour l&rsquo;avenir! [edsanimate_end] [edsanimate_start entry_animation_type=\u00a0\u00bbslideInRight\u00a0\u00bb entry_delay=\u00a0\u00bb0.5&Prime; entry_duration=\u00a0\u00bb0.5&Prime; entry_timing=\u00a0\u00bblinear\u00a0\u00bb exit_animation_type=\u00a0\u00bb\u00a0\u00bb exit_delay=\u00a0\u00bb\u00a0\u00bb exit_duration=\u00a0\u00bb\u00a0\u00bb exit_timing=\u00a0\u00bb\u00a0\u00bb animation_repeat=\u00a0\u00bb1&Prime; keep=\u00a0\u00bbyes\u00a0\u00bb animate_on=\u00a0\u00bbscroll\u00a0\u00bb scroll_offset=\u00a0\u00bb50&Prime; custom_css_class=\u00a0\u00bb\u00a0\u00bb] Syst\u00e8me de gestion de balles Le Ball Management System s&rsquo;en occuppe compl\u00e8tement des<span class=\"more-link\"><a href=\"https:\/\/sibeag.ch\/fr\/automation-driving-range\/\">Mehr erfahren<\/a><\/span><\/p>\n","protected":false},"author":2,"featured_media":0,"parent":0,"menu_order":0,"comment_status":"closed","ping_status":"closed","template":"","meta":{"_acf_changed":false,"footnotes":""},"class_list":["entry","author-sibeag","post-25349","page","type-page","status-publish"],"acf":[],"_links":{"self":[{"href":"https:\/\/sibeag.ch\/fr\/wp-json\/wp\/v2\/pages\/25349","targetHints":{"allow":["GET"]}}],"collection":[{"href":"https:\/\/sibeag.ch\/fr\/wp-json\/wp\/v2\/pages"}],"about":[{"href":"https:\/\/sibeag.ch\/fr\/wp-json\/wp\/v2\/types\/page"}],"author":[{"embeddable":true,"href":"https:\/\/sibeag.ch\/fr\/wp-json\/wp\/v2\/users\/2"}],"replies":[{"embeddable":true,"href":"https:\/\/sibeag.ch\/fr\/wp-json\/wp\/v2\/comments?post=25349"}],"version-history":[{"count":0,"href":"https:\/\/sibeag.ch\/fr\/wp-json\/wp\/v2\/pages\/25349\/revisions"}],"wp:attachment":[{"href":"https:\/\/sibeag.ch\/fr\/wp-json\/wp\/v2\/media?parent=25349"}],"curies":[{"name":"wp","href":"https:\/\/api.w.org\/{rel}","templated":true}]}}