{"id":105822,"date":"2021-10-25T13:37:15","date_gmt":"2021-10-25T12:37:37","guid":{"rendered":"https:\/\/www.sibeag.ch\/?post_type=product&#038;p=105822"},"modified":"2024-11-30T07:05:39","modified_gmt":"2024-11-30T06:05:39","slug":"footblow","status":"publish","type":"product","link":"https:\/\/sibeag.ch\/fr\/club-house\/entree\/nettoyage-de-chaussures\/footblow\/","title":{"rendered":"Nettoyeur de chaussures Footblow"},"content":{"rendered":"<p><iframe loading=\"lazy\" title=\"Foot Blow Film\" width=\"1260\" height=\"709\" src=\"https:\/\/www.youtube.com\/embed\/ZF0FgOa5az8?start=68&#038;feature=oembed\" frameborder=\"0\" allow=\"accelerometer; autoplay; clipboard-write; encrypted-media; gyroscope; picture-in-picture; web-share\" referrerpolicy=\"strict-origin-when-cross-origin\" allowfullscreen><\/iframe><\/p>\n","protected":false},"excerpt":{"rendered":"<h1>Nettoyeur de chaussures Footblow<\/h1>\n<p>Les 3 souffleries rotatives nettoient les chaussures de golf rapidement et efficacement. Ils d\u00e9tachent la salet\u00e9 et les restes de gazon des chaussures en quelques secondes. Gr\u00e2ce aux rotors flexibles, le risque de blessure est impossible. Il suffit de brancher le FootBlow sur un compresseur et c&rsquo;est parti.<\/p>\n<ul>\n<li>40 x 17 x 11 cm (longeur x largeur x hauteur)<\/li>\n<li>3 souffleurs rotatifs<\/li>\n<li>avec p\u00e9dale de d\u00e9marrage et d&rsquo;arr\u00eat<\/li>\n<li>r\u00e9sistant aux intemp\u00e9ries<\/li>\n<\/ul>\n[embed]https:\/\/youtu.be\/ZF0FgOa5az8[\/embed]\n","protected":false},"featured_media":105824,"template":"","meta":{"_acf_changed":false},"product_brand":[],"product_cat":[962,2762,1030,1056,964],"product_tag":[2939],"class_list":{"0":"entry","1":"author-sibeag","2":"has-excerpt","3":"post-105822","4":"product","5":"type-product","6":"status-publish","7":"has-post-thumbnail","8":"product_cat-club-house","9":"product_cat-entree","10":"product_cat-nettoyage-de-chaussures","11":"product_cat-nettoyeurs-de-chaussures-avec-air-comprime-eau","12":"product_cat-practice-driving-range","13":"product_tag-sur-demande","15":"first","16":"instock","17":"taxable","18":"shipping-taxable","19":"purchasable","20":"product-type-simple"},"acf":[],"_links":{"self":[{"href":"https:\/\/sibeag.ch\/fr\/wp-json\/wp\/v2\/product\/105822","targetHints":{"allow":["GET"]}}],"collection":[{"href":"https:\/\/sibeag.ch\/fr\/wp-json\/wp\/v2\/product"}],"about":[{"href":"https:\/\/sibeag.ch\/fr\/wp-json\/wp\/v2\/types\/product"}],"wp:featuredmedia":[{"embeddable":true,"href":"https:\/\/sibeag.ch\/fr\/wp-json\/wp\/v2\/media\/105824"}],"wp:attachment":[{"href":"https:\/\/sibeag.ch\/fr\/wp-json\/wp\/v2\/media?parent=105822"}],"wp:term":[{"taxonomy":"product_brand","embeddable":true,"href":"https:\/\/sibeag.ch\/fr\/wp-json\/wp\/v2\/product_brand?post=105822"},{"taxonomy":"product_cat","embeddable":true,"href":"https:\/\/sibeag.ch\/fr\/wp-json\/wp\/v2\/product_cat?post=105822"},{"taxonomy":"product_tag","embeddable":true,"href":"https:\/\/sibeag.ch\/fr\/wp-json\/wp\/v2\/product_tag?post=105822"}],"curies":[{"name":"wp","href":"https:\/\/api.w.org\/{rel}","templated":true}]}}