{"id":107488,"date":"2022-01-19T08:06:21","date_gmt":"2022-01-19T07:06:21","guid":{"rendered":"https:\/\/www.sibeag.ch\/?post_type=product&#038;p=107488"},"modified":"2026-02-18T17:24:48","modified_gmt":"2026-02-18T16:24:48","slug":"marque-depart-fore-ever","status":"publish","type":"product","link":"https:\/\/sibeag.ch\/fr\/parcours-de-golf\/depart\/marques-de-depart\/marque-depart-fore-ever\/","title":{"rendered":"Marque de d\u00e9part Fore-Ever"},"content":{"rendered":"","protected":false},"excerpt":{"rendered":"<p><img decoding=\"async\" class=\"alignright size-medium wp-image-3355 miltona-logo\" src=\"https:\/\/sibeag.ch\/wp-content\/uploads\/.\/Miltona-Logo.jpg\" alt=\"Logo Miltona\" \/><\/p>\n<h1>Marque de d\u00e9part Fore-Ever<\/h1>\n<ul>\n<li>disponible en 3 diam\u00e8tres<\/li>\n<li>avec pointe<\/li>\n<li>en r\u00e9sine synth\u00e9tique longue dur\u00e9e<\/li>\n<\/ul>\n","protected":false},"featured_media":107566,"template":"","meta":{"_acf_changed":false},"product_brand":[],"product_cat":[961,966,1009],"product_tag":[1910],"class_list":{"0":"entry","1":"author-sibeag","2":"has-excerpt","3":"post-107488","4":"product","5":"type-product","6":"status-publish","7":"has-post-thumbnail","8":"product_cat-parcours-de-golf","9":"product_cat-depart","10":"product_cat-marques-de-depart","11":"product_tag-marques-de-depart","13":"first","14":"instock","15":"taxable","16":"shipping-taxable","17":"purchasable","18":"product-type-variable"},"acf":[],"_links":{"self":[{"href":"https:\/\/sibeag.ch\/fr\/wp-json\/wp\/v2\/product\/107488","targetHints":{"allow":["GET"]}}],"collection":[{"href":"https:\/\/sibeag.ch\/fr\/wp-json\/wp\/v2\/product"}],"about":[{"href":"https:\/\/sibeag.ch\/fr\/wp-json\/wp\/v2\/types\/product"}],"wp:featuredmedia":[{"embeddable":true,"href":"https:\/\/sibeag.ch\/fr\/wp-json\/wp\/v2\/media\/107566"}],"wp:attachment":[{"href":"https:\/\/sibeag.ch\/fr\/wp-json\/wp\/v2\/media?parent=107488"}],"wp:term":[{"taxonomy":"product_brand","embeddable":true,"href":"https:\/\/sibeag.ch\/fr\/wp-json\/wp\/v2\/product_brand?post=107488"},{"taxonomy":"product_cat","embeddable":true,"href":"https:\/\/sibeag.ch\/fr\/wp-json\/wp\/v2\/product_cat?post=107488"},{"taxonomy":"product_tag","embeddable":true,"href":"https:\/\/sibeag.ch\/fr\/wp-json\/wp\/v2\/product_tag?post=107488"}],"curies":[{"name":"wp","href":"https:\/\/api.w.org\/{rel}","templated":true}]}}