{"id":110647,"date":"2022-07-05T14:24:29","date_gmt":"2022-07-05T13:24:29","guid":{"rendered":"https:\/\/www.sibeag.ch\/?post_type=product&#038;p=110647"},"modified":"2026-02-18T16:47:51","modified_gmt":"2026-02-18T15:47:51","slug":"holecutter-shole","status":"publish","type":"product","link":"https:\/\/sibeag.ch\/fr\/greenkeeping-fr\/traitement-des-greens\/hole-cutters-accessoires\/holecutter-shole\/","title":{"rendered":"Holecutter Shole"},"content":{"rendered":"","protected":false},"excerpt":{"rendered":"<p><img loading=\"lazy\" decoding=\"async\" class=\"alignright size-medium wp-image-3355 paraide-logo\" src=\"https:\/\/www.sibeag.ch\/wp-content\/uploads\/tacitlogo1.png\" alt=\"Logo Par Aide\" width=\"50\" height=\"50\" \/><\/p>\n<h1>Holecutter Shole<\/h1>\n<p>Le holecutter Tacit Shol\u00e9 d\u00e9coupe \u00e0 chaque fois un trou pr\u00e9cis de 108 mm avec un effet de marteau int\u00e9gr\u00e9. Le travail en position verticale m\u00e9nage le dos gr\u00e2ce \u00e0 un syst\u00e8me unique et sans effort d&rsquo;extraction des carottes. L&rsquo;ensemble de l&rsquo;appareil p\u00e8se moins de 10 kg. Le niveau \u00e0 bulle int\u00e9gr\u00e9 garantit que chaque trou est coup\u00e9 droit. Le Shol\u00e9 permet de remplacer facilement le couteau. De plus, des anneaux sont disponibles comme jauge de profondeur.<\/p>\n<ul>\n<li><a href=\"https:\/\/www.sibeag.ch\/shop\/greenkeeping\/lochstecher-zubehoer\/tiefenlehre-lochbrett-fuer-lochstecher-shole\/\">Planche \u00e0 trous avec jauge de profondeur<\/a> disponible s\u00e9par\u00e9ment<\/li>\n<li><a href=\"https:\/\/www.sibeag.ch\/shop\/greenkeeping\/lochstecher-zubehoer\/docking-station-fuer-lochstecher-shole\/\">Station d&rsquo;accueil<\/a> vendue s\u00e9par\u00e9ment<\/li>\n<\/ul>\n","protected":false},"featured_media":110651,"template":"","meta":{"_acf_changed":false},"product_brand":[],"product_cat":[1001,1028,1024,2788],"product_tag":[],"class_list":{"0":"entry","1":"author-sibeag","2":"has-excerpt","3":"post-110647","4":"product","5":"type-product","6":"status-publish","7":"has-post-thumbnail","8":"product_cat-greenkeeping-fr","9":"product_cat-traitement-des-greens","10":"product_cat-hole-cutters-accessoires","11":"product_cat-holecutter","13":"first","14":"instock","15":"taxable","16":"shipping-taxable","17":"purchasable","18":"product-type-simple"},"acf":[],"_links":{"self":[{"href":"https:\/\/sibeag.ch\/fr\/wp-json\/wp\/v2\/product\/110647","targetHints":{"allow":["GET"]}}],"collection":[{"href":"https:\/\/sibeag.ch\/fr\/wp-json\/wp\/v2\/product"}],"about":[{"href":"https:\/\/sibeag.ch\/fr\/wp-json\/wp\/v2\/types\/product"}],"wp:featuredmedia":[{"embeddable":true,"href":"https:\/\/sibeag.ch\/fr\/wp-json\/wp\/v2\/media\/110651"}],"wp:attachment":[{"href":"https:\/\/sibeag.ch\/fr\/wp-json\/wp\/v2\/media?parent=110647"}],"wp:term":[{"taxonomy":"product_brand","embeddable":true,"href":"https:\/\/sibeag.ch\/fr\/wp-json\/wp\/v2\/product_brand?post=110647"},{"taxonomy":"product_cat","embeddable":true,"href":"https:\/\/sibeag.ch\/fr\/wp-json\/wp\/v2\/product_cat?post=110647"},{"taxonomy":"product_tag","embeddable":true,"href":"https:\/\/sibeag.ch\/fr\/wp-json\/wp\/v2\/product_tag?post=110647"}],"curies":[{"name":"wp","href":"https:\/\/api.w.org\/{rel}","templated":true}]}}