{"id":111438,"date":"2022-09-07T06:50:57","date_gmt":"2022-09-07T05:50:57","guid":{"rendered":"https:\/\/www.sibeag.ch\/?post_type=product&#038;p=111438"},"modified":"2026-02-18T16:47:56","modified_gmt":"2026-02-18T15:47:56","slug":"levelawn-flip-over","status":"publish","type":"product","link":"https:\/\/sibeag.ch\/fr\/greenkeeping-fr\/outils-dentretien\/niveler\/levelawn-flip-over\/","title":{"rendered":"Levelawn Flip-Over"},"content":{"rendered":"","protected":false},"excerpt":{"rendered":"<p><img decoding=\"async\" class=\"alignright size-medium wp-image-3355 bms-logo\" src=\"https:\/\/www.sibeag.ch\/wp-content\/uploads\/bms-logo.jpg\" alt=\"Logo BMS\" \/><\/p>\n<h1>Levelawn Flip-Over<\/h1>\n<p>Le design flip-over permet d&rsquo;utiliser le c\u00f4t\u00e9 plat et lisse pour l&rsquo;application initiale du top dressing. Il est ensuite tourn\u00e9 du c\u00f4t\u00e9 le plus tranchant pour faire p\u00e9n\u00e9trer l&rsquo;engrais dans le gazon.<\/p>\n<ul>\n<li>Largeur de travail 71 cm<\/li>\n<li>avec manche de 1.80 m<\/li>\n<\/ul>\n","protected":false},"featured_media":111440,"template":"","meta":{"_acf_changed":false},"product_brand":[],"product_cat":[1001,1025,2820],"product_tag":[],"class_list":{"0":"entry","1":"author-sibeag","2":"has-excerpt","3":"post-111438","4":"product","5":"type-product","6":"status-publish","7":"has-post-thumbnail","8":"product_cat-greenkeeping-fr","9":"product_cat-outils-dentretien","10":"product_cat-niveler","11":"product_shipping_class-objets-encombrants","13":"first","14":"instock","15":"taxable","16":"shipping-taxable","17":"purchasable","18":"product-type-simple"},"acf":[],"_links":{"self":[{"href":"https:\/\/sibeag.ch\/fr\/wp-json\/wp\/v2\/product\/111438","targetHints":{"allow":["GET"]}}],"collection":[{"href":"https:\/\/sibeag.ch\/fr\/wp-json\/wp\/v2\/product"}],"about":[{"href":"https:\/\/sibeag.ch\/fr\/wp-json\/wp\/v2\/types\/product"}],"wp:featuredmedia":[{"embeddable":true,"href":"https:\/\/sibeag.ch\/fr\/wp-json\/wp\/v2\/media\/111440"}],"wp:attachment":[{"href":"https:\/\/sibeag.ch\/fr\/wp-json\/wp\/v2\/media?parent=111438"}],"wp:term":[{"taxonomy":"product_brand","embeddable":true,"href":"https:\/\/sibeag.ch\/fr\/wp-json\/wp\/v2\/product_brand?post=111438"},{"taxonomy":"product_cat","embeddable":true,"href":"https:\/\/sibeag.ch\/fr\/wp-json\/wp\/v2\/product_cat?post=111438"},{"taxonomy":"product_tag","embeddable":true,"href":"https:\/\/sibeag.ch\/fr\/wp-json\/wp\/v2\/product_tag?post=111438"}],"curies":[{"name":"wp","href":"https:\/\/api.w.org\/{rel}","templated":true}]}}