{"id":115896,"date":"2023-04-28T06:03:47","date_gmt":"2023-04-28T05:03:47","guid":{"rendered":"https:\/\/www.sibeag.ch\/?post_type=product&#038;p=115896"},"modified":"2026-02-18T16:48:00","modified_gmt":"2026-02-18T15:48:00","slug":"releve-pitch-accufix","status":"publish","type":"product","link":"https:\/\/sibeag.ch\/fr\/greenkeeping-fr\/traitement-des-greens\/outils-de-reparation\/releve-pitch-accufix\/","title":{"rendered":"Rel\u00e8ve-Pitch Accufix"},"content":{"rendered":"","protected":false},"excerpt":{"rendered":"<p><img loading=\"lazy\" decoding=\"async\" class=\"alignright size-medium wp-image-3355 paraide-logo\" src=\"https:\/\/www.sibeag.ch\/wp-content\/uploads\/ParAide-Logo-50x50.jpg\" alt=\"Logo Par Aide\" width=\"50\" height=\"50\" \/><\/p>\n<h1>Rel\u00e8ve-Pitch Accufix<\/h1>\n<p>Cet outil abordable, l\u00e9ger et facile \u00e0 utiliser a \u00e9t\u00e9 con\u00e7u pour r\u00e9parer efficacement les marques de pitch en une seule op\u00e9ration. La poign\u00e9e arrondie et la poign\u00e9e en caoutchouc peuvent \u00eatre utilis\u00e9es confortablement d&rsquo;une seule main. Il suffit d&rsquo;appuyer sur la marque de pitch et la t\u00eate \u00e0 ressort avec des dents en acier inoxydable soul\u00e8ve \u00e0 nouveau le gazon pour obtenir une surface de jeu parfaite.<\/p>\n<p><iframe loading=\"lazy\" title=\"YouTube video player\" src=\"https:\/\/www.youtube.com\/embed\/zFcUajBpGlA\" width=\"560\" height=\"315\" frameborder=\"0\" allowfullscreen=\"allowfullscreen\"><\/iframe><\/p>\n","protected":false},"featured_media":115902,"template":"","meta":{"_acf_changed":false},"product_brand":[],"product_cat":[1001,1028,1113,1025,2819],"product_tag":[],"class_list":{"0":"entry","1":"author-sibeag","2":"has-excerpt","3":"post-115896","4":"product","5":"type-product","6":"status-publish","7":"has-post-thumbnail","8":"product_cat-greenkeeping-fr","9":"product_cat-traitement-des-greens","10":"product_cat-outils-de-reparation","11":"product_cat-outils-dentretien","12":"product_cat-marques-de-pitch","14":"first","15":"instock","16":"taxable","17":"shipping-taxable","18":"purchasable","19":"product-type-simple"},"acf":[],"_links":{"self":[{"href":"https:\/\/sibeag.ch\/fr\/wp-json\/wp\/v2\/product\/115896","targetHints":{"allow":["GET"]}}],"collection":[{"href":"https:\/\/sibeag.ch\/fr\/wp-json\/wp\/v2\/product"}],"about":[{"href":"https:\/\/sibeag.ch\/fr\/wp-json\/wp\/v2\/types\/product"}],"wp:featuredmedia":[{"embeddable":true,"href":"https:\/\/sibeag.ch\/fr\/wp-json\/wp\/v2\/media\/115902"}],"wp:attachment":[{"href":"https:\/\/sibeag.ch\/fr\/wp-json\/wp\/v2\/media?parent=115896"}],"wp:term":[{"taxonomy":"product_brand","embeddable":true,"href":"https:\/\/sibeag.ch\/fr\/wp-json\/wp\/v2\/product_brand?post=115896"},{"taxonomy":"product_cat","embeddable":true,"href":"https:\/\/sibeag.ch\/fr\/wp-json\/wp\/v2\/product_cat?post=115896"},{"taxonomy":"product_tag","embeddable":true,"href":"https:\/\/sibeag.ch\/fr\/wp-json\/wp\/v2\/product_tag?post=115896"}],"curies":[{"name":"wp","href":"https:\/\/api.w.org\/{rel}","templated":true}]}}