{"id":116385,"date":"2023-06-30T11:40:12","date_gmt":"2023-06-30T10:40:16","guid":{"rendered":"https:\/\/www.sibeag.ch\/?post_type=product&#038;p=116385"},"modified":"2026-02-18T17:22:43","modified_gmt":"2026-02-18T16:22:43","slug":"lave-clubs-compact-rond","status":"publish","type":"product","link":"https:\/\/sibeag.ch\/fr\/practice-driving-range\/amenagement-equipement\/lave-clubs-fr1\/lave-clubs-compact-rond\/","title":{"rendered":"Lave-clubs Compact, rond"},"content":{"rendered":"","protected":false},"excerpt":{"rendered":"<p><img loading=\"lazy\" decoding=\"async\" class=\"alignright size-medium wp-image-3355 paraide-logo\" src=\"https:\/\/www.sibeag.ch\/wp-content\/uploads\/ParAide-Logo-50x50.jpg\" alt=\"Logo Par Aide\" width=\"50\" height=\"50\" \/><\/p>\n<h1>Lave-clubs Compact, rond<\/h1>\n<ul>\n<li>Diam\u00e8tre: 36 cm<\/li>\n<li>Hauteur: 46 cm<\/li>\n<li>avec un seau rempli d\u2019eau<\/li>\n<li>avec brosses int\u00e9gr\u00e9es et rempla\u00e7ables<\/li>\n<li>en plastique recycl\u00e9<\/li>\n<\/ul>\n","protected":false},"featured_media":116393,"template":"","meta":{"_acf_changed":false},"product_brand":[],"product_cat":[962,1081,2766,964,2772,1000],"product_tag":[1936],"class_list":{"0":"entry","1":"author-sibeag","2":"has-excerpt","3":"post-116385","4":"product","5":"type-product","6":"status-publish","7":"has-post-thumbnail","8":"product_cat-club-house","9":"product_cat-zone-de-nettoyage","10":"product_cat-lave-clubs-fr-2","11":"product_cat-practice-driving-range","12":"product_cat-amenagement-equipement","13":"product_cat-lave-clubs-fr1","14":"product_tag-lave-clubs","16":"first","17":"instock","18":"taxable","19":"shipping-taxable","20":"purchasable","21":"product-type-variable"},"acf":[],"_links":{"self":[{"href":"https:\/\/sibeag.ch\/fr\/wp-json\/wp\/v2\/product\/116385","targetHints":{"allow":["GET"]}}],"collection":[{"href":"https:\/\/sibeag.ch\/fr\/wp-json\/wp\/v2\/product"}],"about":[{"href":"https:\/\/sibeag.ch\/fr\/wp-json\/wp\/v2\/types\/product"}],"wp:featuredmedia":[{"embeddable":true,"href":"https:\/\/sibeag.ch\/fr\/wp-json\/wp\/v2\/media\/116393"}],"wp:attachment":[{"href":"https:\/\/sibeag.ch\/fr\/wp-json\/wp\/v2\/media?parent=116385"}],"wp:term":[{"taxonomy":"product_brand","embeddable":true,"href":"https:\/\/sibeag.ch\/fr\/wp-json\/wp\/v2\/product_brand?post=116385"},{"taxonomy":"product_cat","embeddable":true,"href":"https:\/\/sibeag.ch\/fr\/wp-json\/wp\/v2\/product_cat?post=116385"},{"taxonomy":"product_tag","embeddable":true,"href":"https:\/\/sibeag.ch\/fr\/wp-json\/wp\/v2\/product_tag?post=116385"}],"curies":[{"name":"wp","href":"https:\/\/api.w.org\/{rel}","templated":true}]}}