{"id":116599,"date":"2023-07-21T12:14:37","date_gmt":"2023-07-21T11:14:39","guid":{"rendered":"https:\/\/www.sibeag.ch\/?post_type=product&#038;p=116599"},"modified":"2024-11-30T08:35:29","modified_gmt":"2024-11-30T07:35:29","slug":"panneau-publicitaire-tour","status":"publish","type":"product","link":"https:\/\/sibeag.ch\/fr\/articles-logote\/panneaux-publicitaires\/panneau-publicitaire-tour\/","title":{"rendered":"Panneau publicitaire \u00ab\u00a0Tour\u00a0\u00bb, 200 x 100 cm"},"content":{"rendered":"","protected":false},"excerpt":{"rendered":"<h1>Panneau publicitaire \u00ab\u00a0Tour\u00a0\u00bb, 200 x 100 cm<\/h1>\n<p>Placez votre publicit\u00e9 directement sur le tee, dans la zone d&rsquo;entra\u00eenement ou \u00e0 la r\u00e9ception et offrez \u00e0 vos sponsors une plate-forme publicitaire int\u00e9ressante.<\/p>\n<ul>\n<li>panneau alu-dibond imprim\u00e9 sur une face<\/li>\n<li>avec 2 pointes \u00e0 enfoncer<\/li>\n<li>inclus: Impression selon le mod\u00e8le<\/li>\n<\/ul>\n<p>Diff\u00e9rentes tailles sur demande<\/p>\n","protected":false},"featured_media":116601,"template":"","meta":{"_acf_changed":false},"product_brand":[],"product_cat":[961,966,1043,974,1044,1045,1104,2828],"product_tag":[2939],"class_list":{"0":"entry","1":"author-sibeag","2":"has-excerpt","3":"post-116599","4":"product","5":"type-product","6":"status-publish","7":"has-post-thumbnail","8":"product_cat-parcours-de-golf","9":"product_cat-depart","10":"product_cat-panneaux-de-depart","11":"product_cat-signaletique","12":"product_cat-panneaux-de-depart-fr","13":"product_cat-en-plastique","14":"product_cat-articles-logote","15":"product_cat-panneaux-publicitaires","16":"product_tag-sur-demande","18":"first","19":"instock","20":"taxable","21":"shipping-taxable","22":"purchasable","23":"product-type-simple"},"acf":[],"_links":{"self":[{"href":"https:\/\/sibeag.ch\/fr\/wp-json\/wp\/v2\/product\/116599","targetHints":{"allow":["GET"]}}],"collection":[{"href":"https:\/\/sibeag.ch\/fr\/wp-json\/wp\/v2\/product"}],"about":[{"href":"https:\/\/sibeag.ch\/fr\/wp-json\/wp\/v2\/types\/product"}],"wp:featuredmedia":[{"embeddable":true,"href":"https:\/\/sibeag.ch\/fr\/wp-json\/wp\/v2\/media\/116601"}],"wp:attachment":[{"href":"https:\/\/sibeag.ch\/fr\/wp-json\/wp\/v2\/media?parent=116599"}],"wp:term":[{"taxonomy":"product_brand","embeddable":true,"href":"https:\/\/sibeag.ch\/fr\/wp-json\/wp\/v2\/product_brand?post=116599"},{"taxonomy":"product_cat","embeddable":true,"href":"https:\/\/sibeag.ch\/fr\/wp-json\/wp\/v2\/product_cat?post=116599"},{"taxonomy":"product_tag","embeddable":true,"href":"https:\/\/sibeag.ch\/fr\/wp-json\/wp\/v2\/product_tag?post=116599"}],"curies":[{"name":"wp","href":"https:\/\/api.w.org\/{rel}","templated":true}]}}