{"id":116776,"date":"2023-08-21T13:04:35","date_gmt":"2023-08-21T12:04:35","guid":{"rendered":"https:\/\/www.sibeag.ch\/?post_type=product&#038;p=116776"},"modified":"2026-02-18T16:48:04","modified_gmt":"2026-02-18T15:48:04","slug":"hit-me-target","status":"publish","type":"product","link":"https:\/\/sibeag.ch\/fr\/practice-driving-range\/cibles-entrainement-fr\/indicateurs-de-distance\/hit-me-target\/","title":{"rendered":"Cible Hit Me"},"content":{"rendered":"","protected":false},"excerpt":{"rendered":"<h1>Cible Hit Me<\/h1>\n<ul>\n<li>114 x 114 x 90 cm<\/li>\n<li>fabriqu\u00e9 en acier galvanis\u00e9<\/li>\n<li>chaque tir r\u00e9ussi est r\u00e9compens\u00e9 par un \u00ab\u00a0gong\u00a0\u00bb<\/li>\n<li>disponible avec autocollant personnalis\u00e9<\/li>\n<\/ul>\n","protected":false},"featured_media":116785,"template":"","meta":{"_acf_changed":false},"product_brand":[],"product_cat":[964,1046,2943,979],"product_tag":[],"class_list":{"0":"entry","1":"author-sibeag","2":"has-excerpt","3":"post-116776","4":"product","5":"type-product","6":"status-publish","7":"has-post-thumbnail","8":"product_cat-practice-driving-range","9":"product_cat-cibles-entrainement-fr","10":"product_cat-cibles","11":"product_cat-indicateurs-de-distance","13":"first","14":"instock","15":"taxable","16":"shipping-taxable","17":"purchasable","18":"product-type-simple"},"acf":[],"_links":{"self":[{"href":"https:\/\/sibeag.ch\/fr\/wp-json\/wp\/v2\/product\/116776","targetHints":{"allow":["GET"]}}],"collection":[{"href":"https:\/\/sibeag.ch\/fr\/wp-json\/wp\/v2\/product"}],"about":[{"href":"https:\/\/sibeag.ch\/fr\/wp-json\/wp\/v2\/types\/product"}],"wp:featuredmedia":[{"embeddable":true,"href":"https:\/\/sibeag.ch\/fr\/wp-json\/wp\/v2\/media\/116785"}],"wp:attachment":[{"href":"https:\/\/sibeag.ch\/fr\/wp-json\/wp\/v2\/media?parent=116776"}],"wp:term":[{"taxonomy":"product_brand","embeddable":true,"href":"https:\/\/sibeag.ch\/fr\/wp-json\/wp\/v2\/product_brand?post=116776"},{"taxonomy":"product_cat","embeddable":true,"href":"https:\/\/sibeag.ch\/fr\/wp-json\/wp\/v2\/product_cat?post=116776"},{"taxonomy":"product_tag","embeddable":true,"href":"https:\/\/sibeag.ch\/fr\/wp-json\/wp\/v2\/product_tag?post=116776"}],"curies":[{"name":"wp","href":"https:\/\/api.w.org\/{rel}","templated":true}]}}