{"id":116998,"date":"2023-08-28T10:16:36","date_gmt":"2023-12-04T15:16:28","guid":{"rendered":"https:\/\/www.sibeag.ch\/?post_type=product&#038;p=116998"},"modified":"2023-12-04T16:35:14","modified_gmt":"2023-12-04T15:35:14","slug":"groomer-gage","status":"publish","type":"product","link":"https:\/\/sibeag.ch\/fr\/greenkeeping-fr\/outils-de-mesure\/hauteur-de-coupe-pour-couteau-groomer\/groomer-gage\/","title":{"rendered":"Groomer-Gage"},"content":{"rendered":"","protected":false},"excerpt":{"rendered":"<h1>Groomer-Gage<\/h1>\n<p>GROOMER-GAGE est un appareil de mesure de pr\u00e9cision qui permet de r\u00e9gler avec exactitude la profondeur souhait\u00e9e pour les tondeuses ou les scarificateurs.<\/p>\n<ul>\n<li>Num\u00e9rique ou analogique m\u00e9trique<\/li>\n<\/ul>\n","protected":false},"featured_media":117008,"template":"","meta":{"_acf_changed":false},"product_brand":[],"product_cat":[1001,1923,2811],"product_tag":[],"class_list":{"0":"entry","1":"author-sibeag","2":"has-excerpt","3":"post-116998","4":"product","5":"type-product","6":"status-publish","7":"has-post-thumbnail","8":"product_cat-greenkeeping-fr","9":"product_cat-outils-de-mesure","10":"product_cat-hauteur-de-coupe-pour-couteau-groomer","12":"first","13":"instock","14":"taxable","15":"shipping-taxable","16":"purchasable","17":"product-type-variable"},"acf":[],"_links":{"self":[{"href":"https:\/\/sibeag.ch\/fr\/wp-json\/wp\/v2\/product\/116998","targetHints":{"allow":["GET"]}}],"collection":[{"href":"https:\/\/sibeag.ch\/fr\/wp-json\/wp\/v2\/product"}],"about":[{"href":"https:\/\/sibeag.ch\/fr\/wp-json\/wp\/v2\/types\/product"}],"wp:featuredmedia":[{"embeddable":true,"href":"https:\/\/sibeag.ch\/fr\/wp-json\/wp\/v2\/media\/117008"}],"wp:attachment":[{"href":"https:\/\/sibeag.ch\/fr\/wp-json\/wp\/v2\/media?parent=116998"}],"wp:term":[{"taxonomy":"product_brand","embeddable":true,"href":"https:\/\/sibeag.ch\/fr\/wp-json\/wp\/v2\/product_brand?post=116998"},{"taxonomy":"product_cat","embeddable":true,"href":"https:\/\/sibeag.ch\/fr\/wp-json\/wp\/v2\/product_cat?post=116998"},{"taxonomy":"product_tag","embeddable":true,"href":"https:\/\/sibeag.ch\/fr\/wp-json\/wp\/v2\/product_tag?post=116998"}],"curies":[{"name":"wp","href":"https:\/\/api.w.org\/{rel}","templated":true}]}}