{"id":117596,"date":"2023-09-04T13:43:38","date_gmt":"2023-09-04T12:43:38","guid":{"rendered":"https:\/\/sibeag.ch\/?post_type=product&#038;p=117596"},"modified":"2026-02-18T16:48:06","modified_gmt":"2026-02-18T15:48:06","slug":"beche-echantillon-sol-miltona","status":"publish","type":"product","link":"https:\/\/sibeag.ch\/fr\/greenkeeping-fr\/outils-de-mesure\/echantillons-de-sol\/beche-echantillon-sol-miltona\/","title":{"rendered":"B\u00eache \u00e0 \u00e9chantillon de sol Miltona"},"content":{"rendered":"","protected":false},"excerpt":{"rendered":"<p><img decoding=\"async\" class=\"alignright size-medium wp-image-3355 miltona-logo\" src=\"https:\/\/www.sibeag.ch\/wp-content\/uploads\/Miltona-Logo.jpg\" alt=\"Logo Miltona\" \/><\/p>\n<h1>B\u00eache \u00e0 \u00e9chantillon de sol Miltona<\/h1>\n<ul>\n<li>dimensions des \u00e9chantillons: 18 x 10 x 2.5cm (H x L x P)<\/li>\n<\/ul>\n","protected":false},"featured_media":117598,"template":"","meta":{"_acf_changed":false},"product_brand":[],"product_cat":[1001,1923,1931],"product_tag":[],"class_list":{"0":"entry","1":"author-sibeag","2":"has-excerpt","3":"post-117596","4":"product","5":"type-product","6":"status-publish","7":"has-post-thumbnail","8":"product_cat-greenkeeping-fr","9":"product_cat-outils-de-mesure","10":"product_cat-echantillons-de-sol","12":"first","13":"instock","14":"taxable","15":"shipping-taxable","16":"purchasable","17":"product-type-simple"},"acf":[],"_links":{"self":[{"href":"https:\/\/sibeag.ch\/fr\/wp-json\/wp\/v2\/product\/117596","targetHints":{"allow":["GET"]}}],"collection":[{"href":"https:\/\/sibeag.ch\/fr\/wp-json\/wp\/v2\/product"}],"about":[{"href":"https:\/\/sibeag.ch\/fr\/wp-json\/wp\/v2\/types\/product"}],"wp:featuredmedia":[{"embeddable":true,"href":"https:\/\/sibeag.ch\/fr\/wp-json\/wp\/v2\/media\/117598"}],"wp:attachment":[{"href":"https:\/\/sibeag.ch\/fr\/wp-json\/wp\/v2\/media?parent=117596"}],"wp:term":[{"taxonomy":"product_brand","embeddable":true,"href":"https:\/\/sibeag.ch\/fr\/wp-json\/wp\/v2\/product_brand?post=117596"},{"taxonomy":"product_cat","embeddable":true,"href":"https:\/\/sibeag.ch\/fr\/wp-json\/wp\/v2\/product_cat?post=117596"},{"taxonomy":"product_tag","embeddable":true,"href":"https:\/\/sibeag.ch\/fr\/wp-json\/wp\/v2\/product_tag?post=117596"}],"curies":[{"name":"wp","href":"https:\/\/api.w.org\/{rel}","templated":true}]}}