{"id":11802,"date":"2019-01-17T15:31:10","date_gmt":"2019-02-05T22:01:37","guid":{"rendered":"https:\/\/www.sibeag.ch\/shop\/non%20class\u00e9\/lave-balles-classic\/"},"modified":"2026-02-18T16:52:48","modified_gmt":"2026-02-18T15:52:48","slug":"lave-balles-classic","status":"publish","type":"product","link":"https:\/\/sibeag.ch\/fr\/parcours-de-golf\/depart\/lave-balles\/lave-balles-classic\/lave-balles-classic\/","title":{"rendered":"Lave-balles Classic"},"content":{"rendered":"","protected":false},"excerpt":{"rendered":"<p><img loading=\"lazy\" decoding=\"async\" class=\"alignright size-full wp-image-184\" src=\"https:\/\/www.sibeag.ch\/wp-content\/uploads\/Standard-Golf-Logo.jpg\" alt=\"Standard Golf Logo\" width=\"112\" height=\"30\"><\/p>\n<h1>Lave-balles Classic<\/h1>\n<p>Toutes les lave-balles Standard Golf peuvent \u00eatre mont\u00e9 sur n\u2019importe quel support de lave-balle Standard Golf ou support de console ou s\u2019attache \u00e0 n\u2019importe quel poteau avec un diam\u00e8tre de 6 cm.<\/p>\n<ul>\n<li>pour max. 4 balles simultan\u00e9ment<\/li>\n<li>capacit\u00e9 de 1.8 litres<\/li>\n<li>en plastique<\/li>\n<li>Gravure lat\u00e9rale gratuite \u00e0 partir de 9 pi\u00e8ces<\/li>\n<\/ul>\n","protected":false},"featured_media":8084,"template":"","meta":{"_acf_changed":false},"product_brand":[],"product_cat":[961,966,980,983],"product_tag":[1935],"class_list":{"0":"entry","1":"author-sibegolf","2":"has-excerpt","3":"post-11802","4":"product","5":"type-product","6":"status-publish","7":"has-post-thumbnail","8":"product_cat-parcours-de-golf","9":"product_cat-depart","10":"product_cat-lave-balles","11":"product_cat-lave-balles-classic","12":"product_tag-lave-balles-mobiles","14":"first","15":"instock","16":"taxable","17":"shipping-taxable","18":"purchasable","19":"product-type-variable","20":"has-default-attributes"},"acf":[],"_links":{"self":[{"href":"https:\/\/sibeag.ch\/fr\/wp-json\/wp\/v2\/product\/11802","targetHints":{"allow":["GET"]}}],"collection":[{"href":"https:\/\/sibeag.ch\/fr\/wp-json\/wp\/v2\/product"}],"about":[{"href":"https:\/\/sibeag.ch\/fr\/wp-json\/wp\/v2\/types\/product"}],"wp:featuredmedia":[{"embeddable":true,"href":"https:\/\/sibeag.ch\/fr\/wp-json\/wp\/v2\/media\/8084"}],"wp:attachment":[{"href":"https:\/\/sibeag.ch\/fr\/wp-json\/wp\/v2\/media?parent=11802"}],"wp:term":[{"taxonomy":"product_brand","embeddable":true,"href":"https:\/\/sibeag.ch\/fr\/wp-json\/wp\/v2\/product_brand?post=11802"},{"taxonomy":"product_cat","embeddable":true,"href":"https:\/\/sibeag.ch\/fr\/wp-json\/wp\/v2\/product_cat?post=11802"},{"taxonomy":"product_tag","embeddable":true,"href":"https:\/\/sibeag.ch\/fr\/wp-json\/wp\/v2\/product_tag?post=11802"}],"curies":[{"name":"wp","href":"https:\/\/api.w.org\/{rel}","templated":true}]}}