{"id":118052,"date":"2023-10-05T07:01:38","date_gmt":"2023-10-05T06:01:38","guid":{"rendered":"https:\/\/sibeag.ch\/?post_type=product&#038;p=118052"},"modified":"2026-02-18T16:48:08","modified_gmt":"2026-02-18T15:48:08","slug":"beche-echantillon-acier-chrome","status":"publish","type":"product","link":"https:\/\/sibeag.ch\/fr\/greenkeeping-fr\/outils-de-mesure\/echantillons-de-sol\/beche-echantillon-acier-chrome\/","title":{"rendered":"B\u00eache \u00e0 \u00e9chantillon de en acier chrom\u00e9"},"content":{"rendered":"","protected":false},"excerpt":{"rendered":"<h1>B\u00eache \u00e0 \u00e9chantillon de en acier chrom\u00e9<\/h1>\n<ul>\n<li>Longueur totale 67 cm<\/li>\n<li>dimensions des \u00e9chantillons: 18 x 8 x 2. cm (H x L x P)<\/li>\n<li>en acier inoxydable<\/li>\n<\/ul>\n","protected":false},"featured_media":118054,"template":"","meta":{"_acf_changed":false},"product_brand":[],"product_cat":[1001,1923,1931],"product_tag":[],"class_list":{"0":"entry","1":"author-sibeag","2":"has-excerpt","3":"post-118052","4":"product","5":"type-product","6":"status-publish","7":"has-post-thumbnail","8":"product_cat-greenkeeping-fr","9":"product_cat-outils-de-mesure","10":"product_cat-echantillons-de-sol","12":"first","13":"instock","14":"taxable","15":"shipping-taxable","16":"purchasable","17":"product-type-simple"},"acf":[],"_links":{"self":[{"href":"https:\/\/sibeag.ch\/fr\/wp-json\/wp\/v2\/product\/118052","targetHints":{"allow":["GET"]}}],"collection":[{"href":"https:\/\/sibeag.ch\/fr\/wp-json\/wp\/v2\/product"}],"about":[{"href":"https:\/\/sibeag.ch\/fr\/wp-json\/wp\/v2\/types\/product"}],"wp:featuredmedia":[{"embeddable":true,"href":"https:\/\/sibeag.ch\/fr\/wp-json\/wp\/v2\/media\/118054"}],"wp:attachment":[{"href":"https:\/\/sibeag.ch\/fr\/wp-json\/wp\/v2\/media?parent=118052"}],"wp:term":[{"taxonomy":"product_brand","embeddable":true,"href":"https:\/\/sibeag.ch\/fr\/wp-json\/wp\/v2\/product_brand?post=118052"},{"taxonomy":"product_cat","embeddable":true,"href":"https:\/\/sibeag.ch\/fr\/wp-json\/wp\/v2\/product_cat?post=118052"},{"taxonomy":"product_tag","embeddable":true,"href":"https:\/\/sibeag.ch\/fr\/wp-json\/wp\/v2\/product_tag?post=118052"}],"curies":[{"name":"wp","href":"https:\/\/api.w.org\/{rel}","templated":true}]}}