{"id":118062,"date":"2023-10-09T10:29:35","date_gmt":"2023-10-09T09:29:39","guid":{"rendered":"https:\/\/sibeag.ch\/?post_type=product&#038;p=118062"},"modified":"2026-02-18T17:22:55","modified_gmt":"2026-02-18T16:22:55","slug":"tuyau-featherweight","status":"publish","type":"product","link":"https:\/\/sibeag.ch\/fr\/greenkeeping-fr\/arrosage\/tuyaux\/tuyau-featherweight\/","title":{"rendered":"Tuyau d&rsquo;eau Underhill Featherweight"},"content":{"rendered":"","protected":false},"excerpt":{"rendered":"<p><img decoding=\"async\" class=\"alignright size-medium wp-image-3355 underhill-logo\" src=\"https:\/\/www.sibeag.ch\/wp-content\/uploads\/logo-underhill.png\" alt=\"Logo Underhill\" width=\"112\" \/><\/p>\n<h1>Tuyau d&rsquo;eau Underhill Featherweight<\/h1>\n<ul>\n<li>tuyau de haute qualit\u00e9 pour des exigences maximales<\/li>\n<li>Le mat\u00e9riau ext\u00e9rieur en polyester ultra lisse glisse sur le gazon sans le rayer<\/li>\n<li>des deux c\u00f4t\u00e9s avec un fil press\u00e9<\/li>\n<li>flexible et resistant \u00e0 l&rsquo;abrasion<\/li>\n<li>extra l\u00e9ger (25,4 m ne p\u00e8se que 6,8 kg)<\/li>\n<\/ul>\n","protected":false},"featured_media":118069,"template":"","meta":{"_acf_changed":false},"product_brand":[],"product_cat":[1001,1083,2795],"product_tag":[],"class_list":{"0":"entry","1":"author-sibeag","2":"has-excerpt","3":"post-118062","4":"product","5":"type-product","6":"status-publish","7":"has-post-thumbnail","8":"product_cat-greenkeeping-fr","9":"product_cat-arrosage","10":"product_cat-tuyaux","12":"first","13":"instock","14":"taxable","15":"shipping-taxable","16":"purchasable","17":"product-type-variable"},"acf":[],"_links":{"self":[{"href":"https:\/\/sibeag.ch\/fr\/wp-json\/wp\/v2\/product\/118062","targetHints":{"allow":["GET"]}}],"collection":[{"href":"https:\/\/sibeag.ch\/fr\/wp-json\/wp\/v2\/product"}],"about":[{"href":"https:\/\/sibeag.ch\/fr\/wp-json\/wp\/v2\/types\/product"}],"wp:featuredmedia":[{"embeddable":true,"href":"https:\/\/sibeag.ch\/fr\/wp-json\/wp\/v2\/media\/118069"}],"wp:attachment":[{"href":"https:\/\/sibeag.ch\/fr\/wp-json\/wp\/v2\/media?parent=118062"}],"wp:term":[{"taxonomy":"product_brand","embeddable":true,"href":"https:\/\/sibeag.ch\/fr\/wp-json\/wp\/v2\/product_brand?post=118062"},{"taxonomy":"product_cat","embeddable":true,"href":"https:\/\/sibeag.ch\/fr\/wp-json\/wp\/v2\/product_cat?post=118062"},{"taxonomy":"product_tag","embeddable":true,"href":"https:\/\/sibeag.ch\/fr\/wp-json\/wp\/v2\/product_tag?post=118062"}],"curies":[{"name":"wp","href":"https:\/\/api.w.org\/{rel}","templated":true}]}}