{"id":118079,"date":"2023-10-09T11:01:24","date_gmt":"2023-10-09T10:01:24","guid":{"rendered":"https:\/\/sibeag.ch\/?post_type=product&#038;p=118079"},"modified":"2026-02-18T16:48:13","modified_gmt":"2026-02-18T15:48:13","slug":"turfjector-miltona","status":"publish","type":"product","link":"https:\/\/sibeag.ch\/fr\/greenkeeping-fr\/arrosage\/buses\/turfjector-miltona\/","title":{"rendered":"Turfjector Miltona"},"content":{"rendered":"","protected":false},"excerpt":{"rendered":"<p><img decoding=\"async\" class=\"alignright size-medium wp-image-3355 miltona-logo\" src=\"https:\/\/www.sibeag.ch\/wp-content\/uploads\/Miltona-Logo.jpg\" alt=\"Logo Miltona\" \/><\/p>\n<h1>Turfjector Miltona<\/h1>\n<p>Le Turfjector de Miltona humidifie vos zones s\u00e8ches en y injectant de l&rsquo;eau, des agents de mouillage et d&rsquo;autres liquides. Les dents en acier inoxydable vous permettent de p\u00e9n\u00e9trer dans les pelouses les plus dures. Le Turfjector est dot\u00e9 de quatre dents d&rsquo;injection qui peuvent \u00eatre introduites jusqu&rsquo;\u00e0 5 cm (2 pouces) de profondeur. Il est livr\u00e9 avec une vanne \u00e0 bille pour contr\u00f4ler le d\u00e9bit d&rsquo;eau et peut \u00eatre raccord\u00e9 \u00e0 un tuyau de 3\/4 de pouce.<\/p>\n","protected":false},"featured_media":118081,"template":"","meta":{"_acf_changed":false},"product_brand":[],"product_cat":[1001,1083,2792],"product_tag":[],"class_list":{"0":"entry","1":"author-sibeag","2":"has-excerpt","3":"post-118079","4":"product","5":"type-product","6":"status-publish","7":"has-post-thumbnail","8":"product_cat-greenkeeping-fr","9":"product_cat-arrosage","10":"product_cat-buses","12":"first","13":"instock","14":"taxable","15":"shipping-taxable","16":"purchasable","17":"product-type-simple"},"acf":[],"_links":{"self":[{"href":"https:\/\/sibeag.ch\/fr\/wp-json\/wp\/v2\/product\/118079","targetHints":{"allow":["GET"]}}],"collection":[{"href":"https:\/\/sibeag.ch\/fr\/wp-json\/wp\/v2\/product"}],"about":[{"href":"https:\/\/sibeag.ch\/fr\/wp-json\/wp\/v2\/types\/product"}],"wp:featuredmedia":[{"embeddable":true,"href":"https:\/\/sibeag.ch\/fr\/wp-json\/wp\/v2\/media\/118081"}],"wp:attachment":[{"href":"https:\/\/sibeag.ch\/fr\/wp-json\/wp\/v2\/media?parent=118079"}],"wp:term":[{"taxonomy":"product_brand","embeddable":true,"href":"https:\/\/sibeag.ch\/fr\/wp-json\/wp\/v2\/product_brand?post=118079"},{"taxonomy":"product_cat","embeddable":true,"href":"https:\/\/sibeag.ch\/fr\/wp-json\/wp\/v2\/product_cat?post=118079"},{"taxonomy":"product_tag","embeddable":true,"href":"https:\/\/sibeag.ch\/fr\/wp-json\/wp\/v2\/product_tag?post=118079"}],"curies":[{"name":"wp","href":"https:\/\/api.w.org\/{rel}","templated":true}]}}