{"id":118089,"date":"2023-10-09T11:13:21","date_gmt":"2023-10-09T10:13:21","guid":{"rendered":"https:\/\/sibeag.ch\/?post_type=product&#038;p=118089"},"modified":"2026-02-18T16:48:17","modified_gmt":"2026-02-18T15:48:17","slug":"tacit-hole-groomer","status":"publish","type":"product","link":"https:\/\/sibeag.ch\/fr\/greenkeeping-fr\/traitement-des-greens\/bordure-de-trou\/tacit-hole-groomer\/","title":{"rendered":"Tacit Hole Groomer"},"content":{"rendered":"","protected":false},"excerpt":{"rendered":"<p><img loading=\"lazy\" decoding=\"async\" class=\"alignright size-medium wp-image-3355 paraide-logo\" src=\"https:\/\/www.sibeag.ch\/wp-content\/uploads\/tacitlogo1.png\" alt=\"Logo Par Aide\" width=\"50\" height=\"50\"><\/p>\n<h1>Tacit Hole Groomer<\/h1>\n<ul>\n<li>pour un rafra\u00eechissement facile des trous sur votre green d&rsquo;entra\u00eenement ou sur vos greens habituels<\/li>\n<li>Insertion rapide et simple dans le trou existant et actionnement du levier<\/li>\n<li>Le trou est tendu et d\u00e9coup\u00e9 \u00e0 la taille exacte avec des lames tranchantes<\/li>\n<\/ul>\n[embed]https:\/\/video.wixstatic.com\/video\/eb85de_a1fedc4f3a194b61a7789ecf9d55849d\/480p\/mp4\/file.mp4[\/embed]\n<p>&nbsp;<\/p>\n<p>&nbsp;<\/p>\n","protected":false},"featured_media":118091,"template":"","meta":{"_acf_changed":false},"product_brand":[],"product_cat":[1001,1028,2784,2790],"product_tag":[],"class_list":{"0":"entry","1":"author-sibeag","2":"has-excerpt","3":"post-118089","4":"product","5":"type-product","6":"status-publish","7":"has-post-thumbnail","8":"product_cat-greenkeeping-fr","9":"product_cat-traitement-des-greens","10":"product_cat-bordure-de-trou","11":"product_cat-accessoires-fr-2","13":"first","14":"instock","15":"taxable","16":"shipping-taxable","17":"purchasable","18":"product-type-simple"},"acf":[],"_links":{"self":[{"href":"https:\/\/sibeag.ch\/fr\/wp-json\/wp\/v2\/product\/118089","targetHints":{"allow":["GET"]}}],"collection":[{"href":"https:\/\/sibeag.ch\/fr\/wp-json\/wp\/v2\/product"}],"about":[{"href":"https:\/\/sibeag.ch\/fr\/wp-json\/wp\/v2\/types\/product"}],"wp:featuredmedia":[{"embeddable":true,"href":"https:\/\/sibeag.ch\/fr\/wp-json\/wp\/v2\/media\/118091"}],"wp:attachment":[{"href":"https:\/\/sibeag.ch\/fr\/wp-json\/wp\/v2\/media?parent=118089"}],"wp:term":[{"taxonomy":"product_brand","embeddable":true,"href":"https:\/\/sibeag.ch\/fr\/wp-json\/wp\/v2\/product_brand?post=118089"},{"taxonomy":"product_cat","embeddable":true,"href":"https:\/\/sibeag.ch\/fr\/wp-json\/wp\/v2\/product_cat?post=118089"},{"taxonomy":"product_tag","embeddable":true,"href":"https:\/\/sibeag.ch\/fr\/wp-json\/wp\/v2\/product_tag?post=118089"}],"curies":[{"name":"wp","href":"https:\/\/api.w.org\/{rel}","templated":true}]}}