{"id":118103,"date":"2023-10-09T11:54:04","date_gmt":"2023-10-09T10:54:05","guid":{"rendered":"https:\/\/sibeag.ch\/?post_type=product&#038;p=118103"},"modified":"2024-11-30T07:05:57","modified_gmt":"2024-11-30T06:05:57","slug":"support-prox-8mm","status":"publish","type":"product","link":"https:\/\/sibeag.ch\/fr\/practice-driving-range\/amenagement-equipement\/revetements-de-sol\/support-prox-8mm\/","title":{"rendered":"Support ProX blanc 8 mm"},"content":{"rendered":"","protected":false},"excerpt":{"rendered":"<h1>Support ProX blanc 8 mm<\/h1>\n<p>Id\u00e9al pour l&rsquo;utilisation comme support sous le gazon synth\u00e9tique. pour l&rsquo;absorption des chocs et prot\u00e8ge les articulations<\/p>\n<ul>\n<li>Largeur du rouleau 2 m<\/li>\n<li>longueur au choix<\/li>\n<li>id\u00e9al pour TeePro<\/li>\n<\/ul>\n","protected":false},"featured_media":118107,"template":"","meta":{"_acf_changed":false},"product_brand":[],"product_cat":[964,2768,1066,2772,1093,1094],"product_tag":[2939],"class_list":{"0":"entry","1":"author-sibeag","2":"has-excerpt","3":"post-118103","4":"product","5":"type-product","6":"status-publish","7":"has-post-thumbnail","8":"product_cat-practice-driving-range","9":"product_cat-zone-de-depart","10":"product_cat-tapis-de-practice","11":"product_cat-amenagement-equipement","12":"product_cat-revetements-de-sol","13":"product_cat-gazon-synthetique","14":"product_tag-sur-demande","16":"first","17":"instock","18":"taxable","19":"shipping-taxable","20":"purchasable","21":"product-type-simple"},"acf":[],"_links":{"self":[{"href":"https:\/\/sibeag.ch\/fr\/wp-json\/wp\/v2\/product\/118103","targetHints":{"allow":["GET"]}}],"collection":[{"href":"https:\/\/sibeag.ch\/fr\/wp-json\/wp\/v2\/product"}],"about":[{"href":"https:\/\/sibeag.ch\/fr\/wp-json\/wp\/v2\/types\/product"}],"wp:featuredmedia":[{"embeddable":true,"href":"https:\/\/sibeag.ch\/fr\/wp-json\/wp\/v2\/media\/118107"}],"wp:attachment":[{"href":"https:\/\/sibeag.ch\/fr\/wp-json\/wp\/v2\/media?parent=118103"}],"wp:term":[{"taxonomy":"product_brand","embeddable":true,"href":"https:\/\/sibeag.ch\/fr\/wp-json\/wp\/v2\/product_brand?post=118103"},{"taxonomy":"product_cat","embeddable":true,"href":"https:\/\/sibeag.ch\/fr\/wp-json\/wp\/v2\/product_cat?post=118103"},{"taxonomy":"product_tag","embeddable":true,"href":"https:\/\/sibeag.ch\/fr\/wp-json\/wp\/v2\/product_tag?post=118103"}],"curies":[{"name":"wp","href":"https:\/\/api.w.org\/{rel}","templated":true}]}}