{"id":118124,"date":"2023-10-09T12:31:27","date_gmt":"2023-10-09T11:31:32","guid":{"rendered":"https:\/\/sibeag.ch\/?post_type=product&#038;p=118124"},"modified":"2026-02-18T17:25:01","modified_gmt":"2026-02-18T16:25:01","slug":"rateau-bunker-wizard","status":"publish","type":"product","link":"https:\/\/sibeag.ch\/fr\/parcours-de-golf\/bunker-fr\/rateaux-de-bunker-complets\/rateau-bunker-wizard\/","title":{"rendered":"R\u00e2teau de bunker Bunker Wizard"},"content":{"rendered":"","protected":false},"excerpt":{"rendered":"<h1>R\u00e2teau de bunker Bunker Wizard<\/h1>\n<p>Le Bunker Wizard\u00ae a \u00e9t\u00e9 sp\u00e9cialement con\u00e7u pour lisser le sable dans les bunkers. Il est l\u00e9ger, facile \u00e0 utiliser et \u00e9limine les traces de pas en un simple passage, donnant au sable une surface lisse qui am\u00e9liore consid\u00e9rablement l&rsquo;aspect, la jouabilit\u00e9 et l&rsquo;uniformit\u00e9 &#8211; sans aucune trace de ratissage !<\/p>\n[embed]https:\/\/vimeo.com\/466621297[\/embed]\n","protected":false},"featured_media":118133,"template":"","meta":{"_acf_changed":false},"product_brand":[],"product_cat":[961,984,986],"product_tag":[],"class_list":{"0":"entry","1":"author-sibeag","2":"has-excerpt","3":"post-118124","4":"product","5":"type-product","6":"status-publish","7":"has-post-thumbnail","8":"product_cat-parcours-de-golf","9":"product_cat-bunker-fr","10":"product_cat-rateaux-de-bunker-complets","11":"product_shipping_class-sperrgut","13":"first","14":"instock","15":"taxable","16":"shipping-taxable","17":"purchasable","18":"product-type-variable"},"acf":[],"_links":{"self":[{"href":"https:\/\/sibeag.ch\/fr\/wp-json\/wp\/v2\/product\/118124","targetHints":{"allow":["GET"]}}],"collection":[{"href":"https:\/\/sibeag.ch\/fr\/wp-json\/wp\/v2\/product"}],"about":[{"href":"https:\/\/sibeag.ch\/fr\/wp-json\/wp\/v2\/types\/product"}],"wp:featuredmedia":[{"embeddable":true,"href":"https:\/\/sibeag.ch\/fr\/wp-json\/wp\/v2\/media\/118133"}],"wp:attachment":[{"href":"https:\/\/sibeag.ch\/fr\/wp-json\/wp\/v2\/media?parent=118124"}],"wp:term":[{"taxonomy":"product_brand","embeddable":true,"href":"https:\/\/sibeag.ch\/fr\/wp-json\/wp\/v2\/product_brand?post=118124"},{"taxonomy":"product_cat","embeddable":true,"href":"https:\/\/sibeag.ch\/fr\/wp-json\/wp\/v2\/product_cat?post=118124"},{"taxonomy":"product_tag","embeddable":true,"href":"https:\/\/sibeag.ch\/fr\/wp-json\/wp\/v2\/product_tag?post=118124"}],"curies":[{"name":"wp","href":"https:\/\/api.w.org\/{rel}","templated":true}]}}