{"id":11824,"date":"2019-01-17T15:31:54","date_gmt":"2019-02-05T22:06:44","guid":{"rendered":"https:\/\/www.sibeag.ch\/shop\/non%20class\u00e9\/manche-gator\/"},"modified":"2026-02-18T16:53:03","modified_gmt":"2026-02-18T15:53:03","slug":"manche-gator","status":"publish","type":"product","link":"https:\/\/sibeag.ch\/fr\/parcours-de-golf\/bunker-fr\/manches-de-rateau\/manche-gator\/","title":{"rendered":"Manche Gator"},"content":{"rendered":"","protected":false},"excerpt":{"rendered":"<p><img loading=\"lazy\" decoding=\"async\" class=\"alignright size-full wp-image-184\" src=\"https:\/\/www.sibeag.ch\/wp-content\/uploads\/Standard-Golf-Logo.jpg\" alt=\"Standard Golf Logo\" width=\"112\" height=\"30\"><\/p>\n<h1>Manche Gator<\/h1>\n<p>Le manche Gator est compatible avec les t\u00eates de r\u00e2teau Tour Smooth II, Tour Pro, Gold Rake et Accuform<\/p>\n<ul>\n<li>meilleure durabilit\u00e9 gr\u00e2ce au rev\u00eatement polym\u00e8re sp\u00e9cialement \u00e9labor\u00e9<\/li>\n<li>plus des \u00e9clats et d&rsquo;\u00e9caillage de la couleur<\/li>\n<\/ul>\n","protected":false},"featured_media":9172,"template":"","meta":{"_acf_changed":false},"product_brand":[],"product_cat":[961,984,987],"product_tag":[],"class_list":{"0":"entry","1":"author-sibegolf","2":"has-excerpt","3":"post-11824","4":"product","5":"type-product","6":"status-publish","7":"has-post-thumbnail","8":"product_cat-parcours-de-golf","9":"product_cat-bunker-fr","10":"product_cat-manches-de-rateau","11":"product_shipping_class-objets-encombrants","13":"first","14":"instock","15":"taxable","16":"shipping-taxable","17":"purchasable","18":"product-type-variable"},"acf":[],"_links":{"self":[{"href":"https:\/\/sibeag.ch\/fr\/wp-json\/wp\/v2\/product\/11824","targetHints":{"allow":["GET"]}}],"collection":[{"href":"https:\/\/sibeag.ch\/fr\/wp-json\/wp\/v2\/product"}],"about":[{"href":"https:\/\/sibeag.ch\/fr\/wp-json\/wp\/v2\/types\/product"}],"wp:featuredmedia":[{"embeddable":true,"href":"https:\/\/sibeag.ch\/fr\/wp-json\/wp\/v2\/media\/9172"}],"wp:attachment":[{"href":"https:\/\/sibeag.ch\/fr\/wp-json\/wp\/v2\/media?parent=11824"}],"wp:term":[{"taxonomy":"product_brand","embeddable":true,"href":"https:\/\/sibeag.ch\/fr\/wp-json\/wp\/v2\/product_brand?post=11824"},{"taxonomy":"product_cat","embeddable":true,"href":"https:\/\/sibeag.ch\/fr\/wp-json\/wp\/v2\/product_cat?post=11824"},{"taxonomy":"product_tag","embeddable":true,"href":"https:\/\/sibeag.ch\/fr\/wp-json\/wp\/v2\/product_tag?post=11824"}],"curies":[{"name":"wp","href":"https:\/\/api.w.org\/{rel}","templated":true}]}}