{"id":118241,"date":"2023-10-12T14:26:04","date_gmt":"2023-10-12T13:26:04","guid":{"rendered":"https:\/\/sibeag.ch\/?post_type=product&#038;p=118241"},"modified":"2026-02-18T16:48:19","modified_gmt":"2026-02-18T15:48:19","slug":"chariot-location-bagboy","status":"publish","type":"product","link":"https:\/\/sibeag.ch\/fr\/club-house\/chariots\/chariot-location-bagboy\/","title":{"rendered":"Chariot de location BagBoy, 2-roue"},"content":{"rendered":"","protected":false},"excerpt":{"rendered":"<h1>Chariot de location BagBoy, 2-roue<\/h1>\n<p>Le BagBoy est une combinaison optimale de luxe et de durabilit\u00e9.<\/p>\n<ul>\n<li>Pliable pour un stockage compact<\/li>\n<li>Supports am\u00e9lior\u00e9s pour fixer les sacs en toute s\u00e9curit\u00e9<\/li>\n<li>Faible r\u00e9sistance au roulement et dur\u00e9e de vie plus longue<\/li>\n<li>Cadre en aluminium anodis\u00e9 pour une longue dur\u00e9e de vie<\/li>\n<li>Support pour boissons et bouteilles Seed &amp; Soil<\/li>\n<li>roues extra larges (34 cm)<\/li>\n<li>Chariot de golf \u00e0 pousser ou \u00e0 tirer avec large poign\u00e9e<\/li>\n<li>Aluminium ultral\u00e9ger<\/li>\n<li>Poign\u00e9e amovible pour le contr\u00f4le de la location<\/li>\n<\/ul>\n","protected":false},"featured_media":118243,"template":"","meta":{"_acf_changed":false},"product_brand":[],"product_cat":[962,1119],"product_tag":[],"class_list":{"0":"entry","1":"author-sibeag","2":"has-excerpt","3":"post-118241","4":"product","5":"type-product","6":"status-publish","7":"has-post-thumbnail","8":"product_cat-club-house","9":"product_cat-chariots","11":"first","12":"instock","13":"taxable","14":"shipping-taxable","15":"purchasable","16":"product-type-simple"},"acf":[],"_links":{"self":[{"href":"https:\/\/sibeag.ch\/fr\/wp-json\/wp\/v2\/product\/118241","targetHints":{"allow":["GET"]}}],"collection":[{"href":"https:\/\/sibeag.ch\/fr\/wp-json\/wp\/v2\/product"}],"about":[{"href":"https:\/\/sibeag.ch\/fr\/wp-json\/wp\/v2\/types\/product"}],"wp:featuredmedia":[{"embeddable":true,"href":"https:\/\/sibeag.ch\/fr\/wp-json\/wp\/v2\/media\/118243"}],"wp:attachment":[{"href":"https:\/\/sibeag.ch\/fr\/wp-json\/wp\/v2\/media?parent=118241"}],"wp:term":[{"taxonomy":"product_brand","embeddable":true,"href":"https:\/\/sibeag.ch\/fr\/wp-json\/wp\/v2\/product_brand?post=118241"},{"taxonomy":"product_cat","embeddable":true,"href":"https:\/\/sibeag.ch\/fr\/wp-json\/wp\/v2\/product_cat?post=118241"},{"taxonomy":"product_tag","embeddable":true,"href":"https:\/\/sibeag.ch\/fr\/wp-json\/wp\/v2\/product_tag?post=118241"}],"curies":[{"name":"wp","href":"https:\/\/api.w.org\/{rel}","templated":true}]}}