{"id":118698,"date":"2023-11-21T12:27:39","date_gmt":"2023-12-04T15:16:17","guid":{"rendered":"https:\/\/sibeag.ch\/?post_type=product&#038;p=118698"},"modified":"2024-11-30T07:25:25","modified_gmt":"2024-11-30T06:25:25","slug":"poubelle-comfort-simple","status":"publish","type":"product","link":"https:\/\/sibeag.ch\/fr\/club-house\/entree\/poubelle\/poubelle-comfort-simple\/","title":{"rendered":"Poubelle Comfort, simple"},"content":{"rendered":"","protected":false},"excerpt":{"rendered":"<p><img decoding=\"async\" class=\"alignright size-medium wp-image-3355 signagolf-logo\" src=\"https:\/\/sibeag.ch\/wp-content\/uploads\/Logo-Signagolf.jpg\" alt=\"Logo Signagolf\" width=\"150\" \/><\/p>\n<h1>Poubelle Comfort, simple<\/h1>\n<p>Poubelle massive en plastique recycl\u00e9 avec un couvercle rabattable. Le couvercle qui d\u00e9passe garde les d\u00e9chets \u00e0 l&rsquo;abri des intemp\u00e9ries.<\/p>\n<ul>\n<li>capacit\u00e9 de 75 litres<\/li>\n<li>900 x 480 x 480 mm (h x l x p)<\/li>\n<li>Support pour sac poubelle<\/li>\n<\/ul>\n<p><span style=\"text-decoration: underline;\">En option<\/span>:<\/p>\n<ul>\n<li>panneau personnalisable sur le devant<\/li>\n<li>\u00c9querre pour l&rsquo;ancrage dans le sol<\/li>\n<\/ul>\n","protected":false},"featured_media":118909,"template":"","meta":{"_acf_changed":false},"product_brand":[],"product_cat":[962,2762,963,964,961,966,967],"product_tag":[2939],"class_list":{"0":"entry","1":"author-sibeag","2":"has-excerpt","3":"post-118698","4":"product","5":"type-product","6":"status-publish","7":"has-post-thumbnail","8":"product_cat-club-house","9":"product_cat-entree","10":"product_cat-poubelle","11":"product_cat-practice-driving-range","12":"product_cat-parcours-de-golf","13":"product_cat-depart","14":"product_cat-poubelles","15":"product_tag-sur-demande","17":"first","18":"instock","19":"taxable","20":"shipping-taxable","21":"purchasable","22":"product-type-simple"},"acf":[],"_links":{"self":[{"href":"https:\/\/sibeag.ch\/fr\/wp-json\/wp\/v2\/product\/118698","targetHints":{"allow":["GET"]}}],"collection":[{"href":"https:\/\/sibeag.ch\/fr\/wp-json\/wp\/v2\/product"}],"about":[{"href":"https:\/\/sibeag.ch\/fr\/wp-json\/wp\/v2\/types\/product"}],"wp:featuredmedia":[{"embeddable":true,"href":"https:\/\/sibeag.ch\/fr\/wp-json\/wp\/v2\/media\/118909"}],"wp:attachment":[{"href":"https:\/\/sibeag.ch\/fr\/wp-json\/wp\/v2\/media?parent=118698"}],"wp:term":[{"taxonomy":"product_brand","embeddable":true,"href":"https:\/\/sibeag.ch\/fr\/wp-json\/wp\/v2\/product_brand?post=118698"},{"taxonomy":"product_cat","embeddable":true,"href":"https:\/\/sibeag.ch\/fr\/wp-json\/wp\/v2\/product_cat?post=118698"},{"taxonomy":"product_tag","embeddable":true,"href":"https:\/\/sibeag.ch\/fr\/wp-json\/wp\/v2\/product_tag?post=118698"}],"curies":[{"name":"wp","href":"https:\/\/api.w.org\/{rel}","templated":true}]}}