{"id":118710,"date":"2023-11-21T12:34:53","date_gmt":"2023-12-04T15:16:12","guid":{"rendered":"https:\/\/sibeag.ch\/?post_type=product&#038;p=118710"},"modified":"2024-11-30T07:06:21","modified_gmt":"2024-11-30T06:06:21","slug":"bac-de-tri-signature-double","status":"publish","type":"product","link":"https:\/\/sibeag.ch\/fr\/club-house\/entree\/poubelle\/bac-de-tri-signature-double\/","title":{"rendered":"Bac de tri Signature, double"},"content":{"rendered":"","protected":false},"excerpt":{"rendered":"<p><img decoding=\"async\" class=\"alignright size-medium wp-image-3355 signagolf-logo\" src=\"https:\/\/sibeag.ch\/wp-content\/uploads\/Logo-Signagolf.jpg\" alt=\"Logo Signagolf\" width=\"150\"><\/p>\n<h1>Bac de tri Signature, double<\/h1>\n<p>Bac de tride qualit\u00e9 sup\u00e9rieure et n\u00e9cessitant peu d&rsquo;entretien, combin\u00e9e avec du m\u00e9tal et un panneau d\u00e9coratif imitant le bois.<\/p>\n<ul>\n<li>capacit\u00e9 de 95 litres chacun<\/li>\n<li>800 x 760 x 500 mm<\/li>\n<li>porte lat\u00e9rale verrouillable avec serrure<\/li>\n<li>avec deux r\u00e9cipients en plastique<\/li>\n<li>logo sur le devant en option<\/li>\n<li>couleur possible selon RAL<\/li>\n<\/ul>\n","protected":false},"featured_media":118944,"template":"","meta":{"_acf_changed":false},"product_brand":[],"product_cat":[962,2762,963,964,961,966,967],"product_tag":[2939],"class_list":{"0":"entry","1":"author-sibeag","2":"has-excerpt","3":"post-118710","4":"product","5":"type-product","6":"status-publish","7":"has-post-thumbnail","8":"product_cat-club-house","9":"product_cat-entree","10":"product_cat-poubelle","11":"product_cat-practice-driving-range","12":"product_cat-parcours-de-golf","13":"product_cat-depart","14":"product_cat-poubelles","15":"product_tag-sur-demande","17":"first","18":"instock","19":"taxable","20":"shipping-taxable","21":"purchasable","22":"product-type-simple"},"acf":[],"_links":{"self":[{"href":"https:\/\/sibeag.ch\/fr\/wp-json\/wp\/v2\/product\/118710","targetHints":{"allow":["GET"]}}],"collection":[{"href":"https:\/\/sibeag.ch\/fr\/wp-json\/wp\/v2\/product"}],"about":[{"href":"https:\/\/sibeag.ch\/fr\/wp-json\/wp\/v2\/types\/product"}],"wp:featuredmedia":[{"embeddable":true,"href":"https:\/\/sibeag.ch\/fr\/wp-json\/wp\/v2\/media\/118944"}],"wp:attachment":[{"href":"https:\/\/sibeag.ch\/fr\/wp-json\/wp\/v2\/media?parent=118710"}],"wp:term":[{"taxonomy":"product_brand","embeddable":true,"href":"https:\/\/sibeag.ch\/fr\/wp-json\/wp\/v2\/product_brand?post=118710"},{"taxonomy":"product_cat","embeddable":true,"href":"https:\/\/sibeag.ch\/fr\/wp-json\/wp\/v2\/product_cat?post=118710"},{"taxonomy":"product_tag","embeddable":true,"href":"https:\/\/sibeag.ch\/fr\/wp-json\/wp\/v2\/product_tag?post=118710"}],"curies":[{"name":"wp","href":"https:\/\/api.w.org\/{rel}","templated":true}]}}