{"id":118712,"date":"2023-11-21T12:36:29","date_gmt":"2023-12-04T15:16:11","guid":{"rendered":"https:\/\/sibeag.ch\/?post_type=product&#038;p=118712"},"modified":"2024-11-30T07:06:29","modified_gmt":"2024-11-30T06:06:29","slug":"poubelle-signature-simple","status":"publish","type":"product","link":"https:\/\/sibeag.ch\/fr\/club-house\/entree\/poubelle\/poubelle-signature-simple\/","title":{"rendered":"Poubelle Signature, simple"},"content":{"rendered":"","protected":false},"excerpt":{"rendered":"<p><img decoding=\"async\" class=\"alignright size-medium wp-image-3355 signagolf-logo\" src=\"https:\/\/sibeag.ch\/wp-content\/uploads\/Logo-Signagolf.jpg\" alt=\"Logo Signagolf\" width=\"150\"><\/p>\n<h1>Poubelle Signature, simple<\/h1>\n<p>Poubelle de haute qualit\u00e9 et n\u00e9cessitant peu d&rsquo;entretien, compos\u00e9e d&rsquo;une combinaison de m\u00e9tal et d&rsquo;un panneau d\u00e9coratif imitation bois ou bois massif.<\/p>\n<ul>\n<li>capacit\u00e9 de 95 litres<\/li>\n<li>780 x 420 x 520 mm<\/li>\n<li>porte lat\u00e9rale verrouillable avec serrure<\/li>\n<li>avec un r\u00e9cipient en plastique<\/li>\n<li>logo sur le devant en option<\/li>\n<li>couleur possible selon RAL<\/li>\n<\/ul>\n","protected":false},"featured_media":118954,"template":"","meta":{"_acf_changed":false},"product_brand":[],"product_cat":[962,2762,963,964,961,966,967],"product_tag":[2939],"class_list":{"0":"entry","1":"author-sibeag","2":"has-excerpt","3":"post-118712","4":"product","5":"type-product","6":"status-publish","7":"has-post-thumbnail","8":"product_cat-club-house","9":"product_cat-entree","10":"product_cat-poubelle","11":"product_cat-practice-driving-range","12":"product_cat-parcours-de-golf","13":"product_cat-depart","14":"product_cat-poubelles","15":"product_tag-sur-demande","17":"first","18":"instock","19":"taxable","20":"shipping-taxable","21":"purchasable","22":"product-type-simple"},"acf":[],"_links":{"self":[{"href":"https:\/\/sibeag.ch\/fr\/wp-json\/wp\/v2\/product\/118712","targetHints":{"allow":["GET"]}}],"collection":[{"href":"https:\/\/sibeag.ch\/fr\/wp-json\/wp\/v2\/product"}],"about":[{"href":"https:\/\/sibeag.ch\/fr\/wp-json\/wp\/v2\/types\/product"}],"wp:featuredmedia":[{"embeddable":true,"href":"https:\/\/sibeag.ch\/fr\/wp-json\/wp\/v2\/media\/118954"}],"wp:attachment":[{"href":"https:\/\/sibeag.ch\/fr\/wp-json\/wp\/v2\/media?parent=118712"}],"wp:term":[{"taxonomy":"product_brand","embeddable":true,"href":"https:\/\/sibeag.ch\/fr\/wp-json\/wp\/v2\/product_brand?post=118712"},{"taxonomy":"product_cat","embeddable":true,"href":"https:\/\/sibeag.ch\/fr\/wp-json\/wp\/v2\/product_cat?post=118712"},{"taxonomy":"product_tag","embeddable":true,"href":"https:\/\/sibeag.ch\/fr\/wp-json\/wp\/v2\/product_tag?post=118712"}],"curies":[{"name":"wp","href":"https:\/\/api.w.org\/{rel}","templated":true}]}}