{"id":118728,"date":"2023-11-21T21:07:31","date_gmt":"2023-12-04T15:16:08","guid":{"rendered":"https:\/\/sibeag.ch\/?post_type=product&#038;p=118728"},"modified":"2024-11-30T07:25:16","modified_gmt":"2024-11-30T06:25:16","slug":"poteau-de-depart-wood","status":"publish","type":"product","link":"https:\/\/sibeag.ch\/fr\/parcours-de-golf\/signaletique\/panneaux-de-depart-fr\/en-metal\/poteau-de-depart-wood\/","title":{"rendered":"Poteau de d\u00e9part Wood"},"content":{"rendered":"","protected":false},"excerpt":{"rendered":"<p><img decoding=\"async\" class=\"alignright size-medium wp-image-3355 signagolf-logo\" src=\"https:\/\/sibeag.ch\/wp-content\/uploads\/Logo-Signagolf.jpg\" alt=\"Logo Signagolf\" width=\"150\"><\/p>\n<h1>Poteau de d\u00e9part Wood<\/h1>\n<p>Poteau de d\u00e9part en bois de ch\u00eane massif et un support de sol en acier inoxydable. Panneau personnalisable en diff\u00e9rents mat\u00e9riaux. Contactez-nous pour que nous puissions vous faire une proposition sur mesure selon vos souhaits.<\/p>\n","protected":false},"featured_media":118967,"template":"","meta":{"_acf_changed":false},"product_brand":[],"product_cat":[961,966,1043,974,1044,1091],"product_tag":[2939],"class_list":{"0":"entry","1":"author-sibeag","2":"has-excerpt","3":"post-118728","4":"product","5":"type-product","6":"status-publish","7":"has-post-thumbnail","8":"product_cat-parcours-de-golf","9":"product_cat-depart","10":"product_cat-panneaux-de-depart","11":"product_cat-signaletique","12":"product_cat-panneaux-de-depart-fr","13":"product_cat-en-metal","14":"product_tag-sur-demande","16":"first","17":"instock","18":"taxable","19":"shipping-taxable","20":"purchasable","21":"product-type-simple"},"acf":[],"_links":{"self":[{"href":"https:\/\/sibeag.ch\/fr\/wp-json\/wp\/v2\/product\/118728","targetHints":{"allow":["GET"]}}],"collection":[{"href":"https:\/\/sibeag.ch\/fr\/wp-json\/wp\/v2\/product"}],"about":[{"href":"https:\/\/sibeag.ch\/fr\/wp-json\/wp\/v2\/types\/product"}],"wp:featuredmedia":[{"embeddable":true,"href":"https:\/\/sibeag.ch\/fr\/wp-json\/wp\/v2\/media\/118967"}],"wp:attachment":[{"href":"https:\/\/sibeag.ch\/fr\/wp-json\/wp\/v2\/media?parent=118728"}],"wp:term":[{"taxonomy":"product_brand","embeddable":true,"href":"https:\/\/sibeag.ch\/fr\/wp-json\/wp\/v2\/product_brand?post=118728"},{"taxonomy":"product_cat","embeddable":true,"href":"https:\/\/sibeag.ch\/fr\/wp-json\/wp\/v2\/product_cat?post=118728"},{"taxonomy":"product_tag","embeddable":true,"href":"https:\/\/sibeag.ch\/fr\/wp-json\/wp\/v2\/product_tag?post=118728"}],"curies":[{"name":"wp","href":"https:\/\/api.w.org\/{rel}","templated":true}]}}