{"id":118739,"date":"2023-11-21T21:14:59","date_gmt":"2023-12-04T15:16:03","guid":{"rendered":"https:\/\/sibeag.ch\/?post_type=product&#038;p=118739"},"modified":"2024-11-30T07:25:10","modified_gmt":"2024-11-30T06:25:10","slug":"corbeille-broken-tee-pro","status":"publish","type":"product","link":"https:\/\/sibeag.ch\/fr\/parcours-de-golf\/depart\/corbeilles-pour-tees-casses\/corbeille-broken-tee-pro\/","title":{"rendered":"Corbeille Broken Tee Pro"},"content":{"rendered":"","protected":false},"excerpt":{"rendered":"<p><img decoding=\"async\" class=\"alignright size-medium wp-image-3355 signagolf-logo\" src=\"https:\/\/sibeag.ch\/wp-content\/uploads\/Logo-Signagolf.jpg\" alt=\"Logo Signagolf\" width=\"150\"><\/p>\n<h1>Corbeille Broken Tee Pro<\/h1>\n<p>Broken Tee Caddy robuste et inoxydable, fabriqu\u00e9 en acier inoxydable et peint \u00e0 l&rsquo;\u00e9poxy.<\/p>\n<ul>\n<li>80 x 125 mm<\/li>\n<li>fond fendu pour l&rsquo;\u00e9coulement de l&rsquo;eau<\/li>\n<\/ul>\n","protected":false},"featured_media":118993,"template":"","meta":{"_acf_changed":false},"product_brand":[],"product_cat":[961,966,1019],"product_tag":[2939],"class_list":{"0":"entry","1":"author-sibeag","2":"has-excerpt","3":"post-118739","4":"product","5":"type-product","6":"status-publish","7":"has-post-thumbnail","8":"product_cat-parcours-de-golf","9":"product_cat-depart","10":"product_cat-corbeilles-pour-tees-casses","11":"product_tag-sur-demande","13":"first","14":"instock","15":"taxable","16":"shipping-taxable","17":"purchasable","18":"product-type-variable"},"acf":[],"_links":{"self":[{"href":"https:\/\/sibeag.ch\/fr\/wp-json\/wp\/v2\/product\/118739","targetHints":{"allow":["GET"]}}],"collection":[{"href":"https:\/\/sibeag.ch\/fr\/wp-json\/wp\/v2\/product"}],"about":[{"href":"https:\/\/sibeag.ch\/fr\/wp-json\/wp\/v2\/types\/product"}],"wp:featuredmedia":[{"embeddable":true,"href":"https:\/\/sibeag.ch\/fr\/wp-json\/wp\/v2\/media\/118993"}],"wp:attachment":[{"href":"https:\/\/sibeag.ch\/fr\/wp-json\/wp\/v2\/media?parent=118739"}],"wp:term":[{"taxonomy":"product_brand","embeddable":true,"href":"https:\/\/sibeag.ch\/fr\/wp-json\/wp\/v2\/product_brand?post=118739"},{"taxonomy":"product_cat","embeddable":true,"href":"https:\/\/sibeag.ch\/fr\/wp-json\/wp\/v2\/product_cat?post=118739"},{"taxonomy":"product_tag","embeddable":true,"href":"https:\/\/sibeag.ch\/fr\/wp-json\/wp\/v2\/product_tag?post=118739"}],"curies":[{"name":"wp","href":"https:\/\/api.w.org\/{rel}","templated":true}]}}