{"id":118741,"date":"2023-11-21T21:16:18","date_gmt":"2023-12-04T15:16:02","guid":{"rendered":"https:\/\/sibeag.ch\/?post_type=product&#038;p=118741"},"modified":"2025-06-02T07:31:07","modified_gmt":"2025-06-02T06:31:07","slug":"marque-de-distance-decor","status":"publish","type":"product","link":"https:\/\/sibeag.ch\/fr\/parcours-de-golf\/fairway-fr\/marques-de-distance\/plaques-de-distance\/marque-de-distance-decor\/","title":{"rendered":"Marque de distance D\u00e9cor"},"content":{"rendered":"","protected":false},"excerpt":{"rendered":"<p><img decoding=\"async\" class=\"alignright size-medium wp-image-3355 signagolf-logo\" src=\"https:\/\/sibeag.ch\/wp-content\/uploads\/Logo-Signagolf.jpg\" alt=\"Logo Signagolf\" width=\"150\" \/><\/p>\n<h1>Marque de distance D\u00e9cor<\/h1>\n<ul>\n<li>fabriqu\u00e9 en panneau compact HPL<\/li>\n<li>est grav\u00e9 et rempli de r\u00e9sine \u00e9poxy<\/li>\n<\/ul>\n","protected":false},"featured_media":121158,"template":"","meta":{"_acf_changed":false},"product_brand":[],"product_cat":[961,966,989,969,990,991],"product_tag":[2939],"class_list":{"0":"entry","1":"author-sibeag","2":"has-excerpt","3":"post-118741","4":"product","5":"type-product","6":"status-publish","7":"has-post-thumbnail","8":"product_cat-parcours-de-golf","9":"product_cat-depart","10":"product_cat-marque-de-distance","11":"product_cat-fairway-fr","12":"product_cat-marques-de-distance","13":"product_cat-plaques-de-distance","14":"product_tag-sur-demande","16":"first","17":"instock","18":"taxable","19":"shipping-taxable","20":"purchasable","21":"product-type-simple"},"acf":[],"_links":{"self":[{"href":"https:\/\/sibeag.ch\/fr\/wp-json\/wp\/v2\/product\/118741","targetHints":{"allow":["GET"]}}],"collection":[{"href":"https:\/\/sibeag.ch\/fr\/wp-json\/wp\/v2\/product"}],"about":[{"href":"https:\/\/sibeag.ch\/fr\/wp-json\/wp\/v2\/types\/product"}],"wp:featuredmedia":[{"embeddable":true,"href":"https:\/\/sibeag.ch\/fr\/wp-json\/wp\/v2\/media\/121158"}],"wp:attachment":[{"href":"https:\/\/sibeag.ch\/fr\/wp-json\/wp\/v2\/media?parent=118741"}],"wp:term":[{"taxonomy":"product_brand","embeddable":true,"href":"https:\/\/sibeag.ch\/fr\/wp-json\/wp\/v2\/product_brand?post=118741"},{"taxonomy":"product_cat","embeddable":true,"href":"https:\/\/sibeag.ch\/fr\/wp-json\/wp\/v2\/product_cat?post=118741"},{"taxonomy":"product_tag","embeddable":true,"href":"https:\/\/sibeag.ch\/fr\/wp-json\/wp\/v2\/product_tag?post=118741"}],"curies":[{"name":"wp","href":"https:\/\/api.w.org\/{rel}","templated":true}]}}