{"id":118753,"date":"2023-11-21T21:20:04","date_gmt":"2023-12-04T15:15:59","guid":{"rendered":"https:\/\/sibeag.ch\/?post_type=product&#038;p=118753"},"modified":"2026-02-18T17:23:47","modified_gmt":"2026-02-18T16:23:47","slug":"poteau-de-distance-avec-angle","status":"publish","type":"product","link":"https:\/\/sibeag.ch\/fr\/parcours-de-golf\/fairway-fr\/marques-de-distance\/marqueurs-de-distance\/poteau-de-distance-avec-angle\/","title":{"rendered":"Poteau de distance avec angle"},"content":{"rendered":"","protected":false},"excerpt":{"rendered":"<p><img decoding=\"async\" class=\"alignright size-medium wp-image-3355 signagolf-logo\" src=\"https:\/\/sibeag.ch\/wp-content\/uploads\/Logo-Signagolf.jpg\" alt=\"Logo Signagolf\" width=\"150\" \/><\/p>\n<h1>Poteau de distance avec angle<\/h1>\n<p>Marqueur de distance simple et d&rsquo;aspect naturel, qui s&rsquo;int\u00e8gre bien dans l&rsquo;environnement.<br \/>\nAvec une \u00e9querre grav\u00e9e, possible en diff\u00e9rentes couleurs. Poteaux en robinier massif ou en douglas. \u00c9galement disponible dans une variante avec un poteau en plastique.<\/p>\n<ul>\n<li>72 x 72 x 750 mm<\/li>\n<li>avec l&rsquo;utilisation d&rsquo;une douille au sol ou d&rsquo;un tube fix\u00e9 au poteau<\/li>\n<\/ul>\n","protected":false},"featured_media":119037,"template":"","meta":{"_acf_changed":false},"product_brand":[],"product_cat":[961,969,990,1048],"product_tag":[2939],"class_list":{"0":"entry","1":"author-sibeag","2":"has-excerpt","3":"post-118753","4":"product","5":"type-product","6":"status-publish","7":"has-post-thumbnail","8":"product_cat-parcours-de-golf","9":"product_cat-fairway-fr","10":"product_cat-marques-de-distance","11":"product_cat-marqueurs-de-distance","12":"product_tag-sur-demande","14":"first","15":"instock","16":"taxable","17":"shipping-taxable","18":"purchasable","19":"product-type-variable"},"acf":[],"_links":{"self":[{"href":"https:\/\/sibeag.ch\/fr\/wp-json\/wp\/v2\/product\/118753","targetHints":{"allow":["GET"]}}],"collection":[{"href":"https:\/\/sibeag.ch\/fr\/wp-json\/wp\/v2\/product"}],"about":[{"href":"https:\/\/sibeag.ch\/fr\/wp-json\/wp\/v2\/types\/product"}],"wp:featuredmedia":[{"embeddable":true,"href":"https:\/\/sibeag.ch\/fr\/wp-json\/wp\/v2\/media\/119037"}],"wp:attachment":[{"href":"https:\/\/sibeag.ch\/fr\/wp-json\/wp\/v2\/media?parent=118753"}],"wp:term":[{"taxonomy":"product_brand","embeddable":true,"href":"https:\/\/sibeag.ch\/fr\/wp-json\/wp\/v2\/product_brand?post=118753"},{"taxonomy":"product_cat","embeddable":true,"href":"https:\/\/sibeag.ch\/fr\/wp-json\/wp\/v2\/product_cat?post=118753"},{"taxonomy":"product_tag","embeddable":true,"href":"https:\/\/sibeag.ch\/fr\/wp-json\/wp\/v2\/product_tag?post=118753"}],"curies":[{"name":"wp","href":"https:\/\/api.w.org\/{rel}","templated":true}]}}