{"id":118765,"date":"2023-12-05T14:43:19","date_gmt":"2023-11-21T20:29:26","guid":{"rendered":"https:\/\/sibeag.ch\/?post_type=product&#038;p=118765"},"modified":"2024-12-12T08:41:37","modified_gmt":"2024-12-12T07:41:37","slug":"banc-sieste-kopie-kopie","status":"publish","type":"product","link":"https:\/\/sibeag.ch\/fr\/practice-driving-range\/amenagement-equipement\/bancs\/banc-sieste-kopie-kopie\/","title":{"rendered":"Banc Duo avec dossier"},"content":{"rendered":"","protected":false},"excerpt":{"rendered":"<p><img decoding=\"async\" class=\"alignright size-medium wp-image-3355 signagolf-logo\" src=\"https:\/\/sibeag.ch\/wp-content\/uploads\/Logo-Signagolf.jpg\" alt=\"Logo Signagolf\" width=\"150\"><\/p>\n<h1>Banc Duo avec dossier<\/h1>\n<p>Banc autoportant en m\u00e9tal et bois massif (ch\u00eane) ou en plastique recycl\u00e9 &#8211; moderne, robuste et simple.<\/p>\n<ul>\n<li>La longueur du banc est de 150 cm<\/li>\n<li>avec dossier<\/li>\n<\/ul>\n","protected":false},"featured_media":119223,"template":"","meta":{"_acf_changed":false},"product_brand":[],"product_cat":[964,998,961,966,999],"product_tag":[2939],"class_list":{"0":"entry","1":"author-sibeag","2":"has-excerpt","3":"post-118765","4":"product","5":"type-product","6":"status-publish","7":"has-post-thumbnail","8":"product_cat-practice-driving-range","9":"product_cat-bancs","10":"product_cat-parcours-de-golf","11":"product_cat-depart","12":"product_cat-banc","13":"product_tag-sur-demande","15":"first","16":"instock","17":"taxable","18":"shipping-taxable","19":"purchasable","20":"product-type-variable"},"acf":[],"_links":{"self":[{"href":"https:\/\/sibeag.ch\/fr\/wp-json\/wp\/v2\/product\/118765","targetHints":{"allow":["GET"]}}],"collection":[{"href":"https:\/\/sibeag.ch\/fr\/wp-json\/wp\/v2\/product"}],"about":[{"href":"https:\/\/sibeag.ch\/fr\/wp-json\/wp\/v2\/types\/product"}],"wp:featuredmedia":[{"embeddable":true,"href":"https:\/\/sibeag.ch\/fr\/wp-json\/wp\/v2\/media\/119223"}],"wp:attachment":[{"href":"https:\/\/sibeag.ch\/fr\/wp-json\/wp\/v2\/media?parent=118765"}],"wp:term":[{"taxonomy":"product_brand","embeddable":true,"href":"https:\/\/sibeag.ch\/fr\/wp-json\/wp\/v2\/product_brand?post=118765"},{"taxonomy":"product_cat","embeddable":true,"href":"https:\/\/sibeag.ch\/fr\/wp-json\/wp\/v2\/product_cat?post=118765"},{"taxonomy":"product_tag","embeddable":true,"href":"https:\/\/sibeag.ch\/fr\/wp-json\/wp\/v2\/product_tag?post=118765"}],"curies":[{"name":"wp","href":"https:\/\/api.w.org\/{rel}","templated":true}]}}