{"id":118785,"date":"2024-09-17T21:39:08","date_gmt":"2023-11-21T20:39:09","guid":{"rendered":"https:\/\/sibeag.ch\/?post_type=product&#038;p=118785"},"modified":"2024-11-30T07:24:35","modified_gmt":"2024-11-30T06:24:35","slug":"panneau-indicateur-technowood-kopie","status":"publish","type":"product","link":"https:\/\/sibeag.ch\/fr\/parcours-de-golf\/signaletique\/poteaux-indicateurs\/panneau-indicateur-technowood-kopie\/","title":{"rendered":"Panneau indicateur Technowood (Kopie)"},"content":{"rendered":"","protected":false},"excerpt":{"rendered":"<p><img decoding=\"async\" class=\"alignright size-medium wp-image-3355 pattisson\" src=\"https:\/\/www.sibeag.ch\/wp-content\/uploads\/Pattisson_Logo.jpg\" alt=\"Logo Pattisson\" width=\"78px\"><\/p>\n<h1>Panneau indicateur Technowood<\/h1>\n<p>Le nouveau mat\u00e9riel Technowood est similair au bois mais n&rsquo;est pas expos\u00e9 aux limites du bois. Le Technowood est compos\u00e9s de plastique recycl\u00e9 et fibre de verre. En plus, le film de surface garantie une r\u00e9sistance des couleurs de 10 ans et une dur\u00e9e de vie estim\u00e9 de 30 ans. sans maintenance et possibilit\u00e9s infinies<\/p>\n<ul>\n<li>Poteau de 120 ou 180 cm de long<\/li>\n<li>Fl\u00e8ches de direction (56.25 x 12.5 cm) avec texte sur les deux c\u00f4t\u00e9s<\/li>\n<\/ul>\n","protected":false},"featured_media":119279,"template":"","meta":{"_acf_changed":false},"product_brand":[],"product_cat":[1872,961,974],"product_tag":[2939],"class_list":{"0":"entry","1":"author-sibeag","2":"has-excerpt","3":"post-118785","4":"product","5":"type-product","6":"status-publish","7":"has-post-thumbnail","8":"product_cat-poteaux-indicateurs","9":"product_cat-parcours-de-golf","10":"product_cat-signaletique","11":"product_tag-sur-demande","13":"first","14":"instock","15":"taxable","16":"shipping-taxable","17":"purchasable","18":"product-type-simple"},"acf":[],"_links":{"self":[{"href":"https:\/\/sibeag.ch\/fr\/wp-json\/wp\/v2\/product\/118785","targetHints":{"allow":["GET"]}}],"collection":[{"href":"https:\/\/sibeag.ch\/fr\/wp-json\/wp\/v2\/product"}],"about":[{"href":"https:\/\/sibeag.ch\/fr\/wp-json\/wp\/v2\/types\/product"}],"wp:featuredmedia":[{"embeddable":true,"href":"https:\/\/sibeag.ch\/fr\/wp-json\/wp\/v2\/media\/119279"}],"wp:attachment":[{"href":"https:\/\/sibeag.ch\/fr\/wp-json\/wp\/v2\/media?parent=118785"}],"wp:term":[{"taxonomy":"product_brand","embeddable":true,"href":"https:\/\/sibeag.ch\/fr\/wp-json\/wp\/v2\/product_brand?post=118785"},{"taxonomy":"product_cat","embeddable":true,"href":"https:\/\/sibeag.ch\/fr\/wp-json\/wp\/v2\/product_cat?post=118785"},{"taxonomy":"product_tag","embeddable":true,"href":"https:\/\/sibeag.ch\/fr\/wp-json\/wp\/v2\/product_tag?post=118785"}],"curies":[{"name":"wp","href":"https:\/\/api.w.org\/{rel}","templated":true}]}}