{"id":118795,"date":"2024-09-17T21:42:29","date_gmt":"2023-11-21T20:42:29","guid":{"rendered":"https:\/\/sibeag.ch\/?post_type=product&#038;p=118795"},"modified":"2024-11-30T06:57:40","modified_gmt":"2024-11-30T05:57:40","slug":"panneau-indicateur-linea","status":"publish","type":"product","link":"https:\/\/sibeag.ch\/fr\/parcours-de-golf\/signaletique\/poteaux-indicateurs\/panneau-indicateur-linea\/","title":{"rendered":"Panneau indicateur Linea"},"content":{"rendered":"","protected":false},"excerpt":{"rendered":"<p><img decoding=\"async\" class=\"alignright size-medium wp-image-3355 signagolf-logo\" src=\"https:\/\/sibeag.ch\/wp-content\/uploads\/Logo-Signagolf.jpg\" alt=\"Logo Signagolf\" width=\"150\" \/><\/p>\n<h1>Panneau indicateur Linea<\/h1>\n<p>Panneau indicateur en bois massif et m\u00e9tal.<\/p>\n<ul>\n<li>Fl\u00e8che en acier galvanis\u00e9 avec finition \u00e9poxy noire<\/li>\n<li>Taille des indicateurs de direction 475 x 95 mm<\/li>\n<li>Poteau en bois de robinier 1800 x 95 x 95 mm<\/li>\n<\/ul>\n","protected":false},"featured_media":119295,"template":"","meta":{"_acf_changed":false},"product_brand":[],"product_cat":[1872,961,974],"product_tag":[2939],"class_list":{"0":"entry","1":"author-sibeag","2":"has-excerpt","3":"post-118795","4":"product","5":"type-product","6":"status-publish","7":"has-post-thumbnail","8":"product_cat-poteaux-indicateurs","9":"product_cat-parcours-de-golf","10":"product_cat-signaletique","11":"product_tag-sur-demande","13":"first","14":"instock","15":"taxable","16":"shipping-taxable","17":"purchasable","18":"product-type-simple"},"acf":[],"_links":{"self":[{"href":"https:\/\/sibeag.ch\/fr\/wp-json\/wp\/v2\/product\/118795","targetHints":{"allow":["GET"]}}],"collection":[{"href":"https:\/\/sibeag.ch\/fr\/wp-json\/wp\/v2\/product"}],"about":[{"href":"https:\/\/sibeag.ch\/fr\/wp-json\/wp\/v2\/types\/product"}],"wp:featuredmedia":[{"embeddable":true,"href":"https:\/\/sibeag.ch\/fr\/wp-json\/wp\/v2\/media\/119295"}],"wp:attachment":[{"href":"https:\/\/sibeag.ch\/fr\/wp-json\/wp\/v2\/media?parent=118795"}],"wp:term":[{"taxonomy":"product_brand","embeddable":true,"href":"https:\/\/sibeag.ch\/fr\/wp-json\/wp\/v2\/product_brand?post=118795"},{"taxonomy":"product_cat","embeddable":true,"href":"https:\/\/sibeag.ch\/fr\/wp-json\/wp\/v2\/product_cat?post=118795"},{"taxonomy":"product_tag","embeddable":true,"href":"https:\/\/sibeag.ch\/fr\/wp-json\/wp\/v2\/product_tag?post=118795"}],"curies":[{"name":"wp","href":"https:\/\/api.w.org\/{rel}","templated":true}]}}