{"id":118801,"date":"2023-11-21T21:44:48","date_gmt":"2023-11-21T20:44:49","guid":{"rendered":"https:\/\/sibeag.ch\/?post_type=product&#038;p=118801"},"modified":"2024-12-12T09:16:16","modified_gmt":"2024-12-12T08:16:16","slug":"panneau-indicateur-technowood-kopie-kopie-kopie-kopie-kopie-kopie","status":"publish","type":"product","link":"https:\/\/sibeag.ch\/fr\/parcours-de-golf\/signaletique\/poteaux-indicateurs\/panneau-indicateur-technowood-kopie-kopie-kopie-kopie-kopie-kopie\/","title":{"rendered":"Panneau de direction Nova"},"content":{"rendered":"","protected":false},"excerpt":{"rendered":"<p><img decoding=\"async\" class=\"alignright size-medium wp-image-3355 signagolf-logo\" src=\"https:\/\/sibeag.ch\/wp-content\/uploads\/Logo-Signagolf.jpg\" alt=\"Logo Signagolf\" width=\"150\"><\/p>\n<h1>Panneau de direction Nova<\/h1>\n<p>Poteaux de chemin en robinier ou en sapin de Douglas avec une finition hydrofuge. Signalisation en t\u00f4le d\u2019acier galvanis\u00e9 de 3 mm ou en aluminium avec rev\u00eatement \u00e9poxy en noir lisse ou selon RAL.<\/p>\n<ul>\n<li>Plaque 188 x 188 mm<\/li>\n<li>Taille du poteau 700 x 75 x 75 mm (visible)<\/li>\n<\/ul>\n","protected":false},"featured_media":119309,"template":"","meta":{"_acf_changed":false},"product_brand":[],"product_cat":[1872,961,974],"product_tag":[2939],"class_list":{"0":"entry","1":"author-sibeag","2":"has-excerpt","3":"post-118801","4":"product","5":"type-product","6":"status-publish","7":"has-post-thumbnail","8":"product_cat-poteaux-indicateurs","9":"product_cat-parcours-de-golf","10":"product_cat-signaletique","11":"product_tag-sur-demande","13":"first","14":"instock","15":"taxable","16":"shipping-taxable","17":"purchasable","18":"product-type-simple"},"acf":[],"_links":{"self":[{"href":"https:\/\/sibeag.ch\/fr\/wp-json\/wp\/v2\/product\/118801","targetHints":{"allow":["GET"]}}],"collection":[{"href":"https:\/\/sibeag.ch\/fr\/wp-json\/wp\/v2\/product"}],"about":[{"href":"https:\/\/sibeag.ch\/fr\/wp-json\/wp\/v2\/types\/product"}],"wp:featuredmedia":[{"embeddable":true,"href":"https:\/\/sibeag.ch\/fr\/wp-json\/wp\/v2\/media\/119309"}],"wp:attachment":[{"href":"https:\/\/sibeag.ch\/fr\/wp-json\/wp\/v2\/media?parent=118801"}],"wp:term":[{"taxonomy":"product_brand","embeddable":true,"href":"https:\/\/sibeag.ch\/fr\/wp-json\/wp\/v2\/product_brand?post=118801"},{"taxonomy":"product_cat","embeddable":true,"href":"https:\/\/sibeag.ch\/fr\/wp-json\/wp\/v2\/product_cat?post=118801"},{"taxonomy":"product_tag","embeddable":true,"href":"https:\/\/sibeag.ch\/fr\/wp-json\/wp\/v2\/product_tag?post=118801"}],"curies":[{"name":"wp","href":"https:\/\/api.w.org\/{rel}","templated":true}]}}