{"id":118803,"date":"2024-09-17T21:45:39","date_gmt":"2024-09-17T20:45:39","guid":{"rendered":"https:\/\/sibeag.ch\/?post_type=product&#038;p=118803"},"modified":"2024-11-30T06:52:28","modified_gmt":"2024-11-30T05:52:28","slug":"richtungsschild-posta","status":"publish","type":"product","link":"https:\/\/sibeag.ch\/fr\/parcours-de-golf\/signaletique\/poteaux-indicateurs\/richtungsschild-posta\/","title":{"rendered":"Richtungsschild Posta"},"content":{"rendered":"","protected":false},"excerpt":{"rendered":"<p><img decoding=\"async\" class=\"alignright size-medium wp-image-3355 signagolf-logo\" src=\"https:\/\/sibeag.ch\/wp-content\/uploads\/Logo-Signagolf.jpg\" alt=\"Logo Signagolf\" width=\"150\" \/><\/p>\n<h1>Panneau de direction Posta<\/h1>\n<p>Poteaux de direction personnalisables en bois de m\u00e9l\u00e8ze avec plaque d&rsquo;aluminium encastr\u00e9e. Avec protection sp\u00e9ciale pour une longue dur\u00e9e de vie.<\/p>\n<ul>\n<li>Dimensions de la plaque 395 x 180 x 15 mm<\/li>\n<li>Dimensions du poteau 75 x 75 x 500 mm<\/li>\n<li>avec 3 pointes<\/li>\n<li>plaque logo en option (69 x 80 mm) \u00e0 la t\u00eate du poteau<\/li>\n<\/ul>\n","protected":false},"featured_media":119319,"template":"","meta":{"_acf_changed":false},"product_brand":[],"product_cat":[1872,961,974],"product_tag":[2939],"class_list":{"0":"entry","1":"author-sibeag","2":"has-excerpt","3":"post-118803","4":"product","5":"type-product","6":"status-publish","7":"has-post-thumbnail","8":"product_cat-poteaux-indicateurs","9":"product_cat-parcours-de-golf","10":"product_cat-signaletique","11":"product_tag-sur-demande","13":"first","14":"instock","15":"taxable","16":"shipping-taxable","17":"purchasable","18":"product-type-simple"},"acf":[],"_links":{"self":[{"href":"https:\/\/sibeag.ch\/fr\/wp-json\/wp\/v2\/product\/118803","targetHints":{"allow":["GET"]}}],"collection":[{"href":"https:\/\/sibeag.ch\/fr\/wp-json\/wp\/v2\/product"}],"about":[{"href":"https:\/\/sibeag.ch\/fr\/wp-json\/wp\/v2\/types\/product"}],"wp:featuredmedia":[{"embeddable":true,"href":"https:\/\/sibeag.ch\/fr\/wp-json\/wp\/v2\/media\/119319"}],"wp:attachment":[{"href":"https:\/\/sibeag.ch\/fr\/wp-json\/wp\/v2\/media?parent=118803"}],"wp:term":[{"taxonomy":"product_brand","embeddable":true,"href":"https:\/\/sibeag.ch\/fr\/wp-json\/wp\/v2\/product_brand?post=118803"},{"taxonomy":"product_cat","embeddable":true,"href":"https:\/\/sibeag.ch\/fr\/wp-json\/wp\/v2\/product_cat?post=118803"},{"taxonomy":"product_tag","embeddable":true,"href":"https:\/\/sibeag.ch\/fr\/wp-json\/wp\/v2\/product_tag?post=118803"}],"curies":[{"name":"wp","href":"https:\/\/api.w.org\/{rel}","templated":true}]}}