{"id":11924,"date":"2019-01-25T08:24:04","date_gmt":"2019-02-06T16:31:40","guid":{"rendered":"https:\/\/www.sibeag.ch\/shop\/non%20class\u00e9\/manche-en-aluminium-pour-rateau-de-bunker-courbee\/"},"modified":"2026-02-18T16:54:25","modified_gmt":"2026-02-18T15:54:25","slug":"manche-en-aluminium-pour-courbee","status":"publish","type":"product","link":"https:\/\/sibeag.ch\/fr\/parcours-de-golf\/bunker-fr\/manches-de-rateau\/manche-en-aluminium-pour-courbee\/","title":{"rendered":"Manche en aluminium pour r\u00e2teau de bunker, courb\u00e9e"},"content":{"rendered":"","protected":false},"excerpt":{"rendered":"<p><img loading=\"lazy\" decoding=\"async\" class=\"alignright size-medium wp-image-3355\" src=\"https:\/\/www.sibeag.ch\/wp-content\/uploads\/StandardGolf_Logo-300x83.jpg\" alt=\"Logo Standard Golf\" width=\"112\" height=\"31\"><\/p>\n<h1>Manche en alu pour r\u00e2teau de bunker, courb\u00e9e<\/h1>\n<p>Le manche en alu courb\u00e9e est compatible avec les t\u00eates de r\u00e2teau Duo-Rake, Tour Smooth II, Tour Pro et Gold Rake<\/p>\n<ul>\n<li>meilleure visibilit\u00e9<\/li>\n<li>moins d&rsquo;usure<\/li>\n<li>pas de mains mouill\u00e9es<\/li>\n<li>163 cm de long<\/li>\n<\/ul>\n","protected":false},"featured_media":16364,"template":"","meta":{"_acf_changed":false},"product_brand":[],"product_cat":[961,984,987],"product_tag":[],"class_list":{"0":"entry","1":"author-sibegolf","2":"has-excerpt","3":"post-11924","4":"product","5":"type-product","6":"status-publish","7":"has-post-thumbnail","8":"product_cat-parcours-de-golf","9":"product_cat-bunker-fr","10":"product_cat-manches-de-rateau","11":"product_shipping_class-objets-encombrants","13":"first","14":"instock","15":"taxable","16":"shipping-taxable","17":"purchasable","18":"product-type-variable"},"acf":[],"_links":{"self":[{"href":"https:\/\/sibeag.ch\/fr\/wp-json\/wp\/v2\/product\/11924","targetHints":{"allow":["GET"]}}],"collection":[{"href":"https:\/\/sibeag.ch\/fr\/wp-json\/wp\/v2\/product"}],"about":[{"href":"https:\/\/sibeag.ch\/fr\/wp-json\/wp\/v2\/types\/product"}],"wp:featuredmedia":[{"embeddable":true,"href":"https:\/\/sibeag.ch\/fr\/wp-json\/wp\/v2\/media\/16364"}],"wp:attachment":[{"href":"https:\/\/sibeag.ch\/fr\/wp-json\/wp\/v2\/media?parent=11924"}],"wp:term":[{"taxonomy":"product_brand","embeddable":true,"href":"https:\/\/sibeag.ch\/fr\/wp-json\/wp\/v2\/product_brand?post=11924"},{"taxonomy":"product_cat","embeddable":true,"href":"https:\/\/sibeag.ch\/fr\/wp-json\/wp\/v2\/product_cat?post=11924"},{"taxonomy":"product_tag","embeddable":true,"href":"https:\/\/sibeag.ch\/fr\/wp-json\/wp\/v2\/product_tag?post=11924"}],"curies":[{"name":"wp","href":"https:\/\/api.w.org\/{rel}","templated":true}]}}