{"id":119330,"date":"2023-10-13T07:31:42","date_gmt":"2023-10-13T06:31:42","guid":{"rendered":"https:\/\/sibeag.ch\/non%20class\u00e9\/robo-picker\/"},"modified":"2025-07-22T09:40:11","modified_gmt":"2025-07-22T08:40:11","slug":"robo-picker","status":"publish","type":"product","link":"https:\/\/sibeag.ch\/fr\/practice-driving-range\/ramasse-balles\/robot-ramasse-balles\/robo-picker\/","title":{"rendered":"Robo Picker"},"content":{"rendered":"","protected":false},"excerpt":{"rendered":"<p><img decoding=\"async\" class=\"alignright size-medium wp-image-3355 range-servant-logo\" src=\"https:\/\/sibeag.ch\/wp-content\/uploads\/.\/range-servant-logo.jpg\" alt=\"Logo Range Servant\" \/><\/p>\n<h1>Robo Picker<\/h1>\n<p>Automatisez votre parcours de golf et augmentez la satisfaction de vos clients tout en lib\u00e9rant du temps pour vos employ\u00e9s. \u00c0 l&rsquo;aide d&rsquo;un GPS de haute pr\u00e9cision et de capteurs de proximit\u00e9, le Robotic Picker collecte syst\u00e9matiquement et en toute s\u00e9curit\u00e9 les balles de golf sur le parcours, de jour comme de nuit. Il re\u00e7oit en permanence des mises \u00e0 jour logicielles et l&rsquo;\u00e9quipe d&rsquo;assistance peut acc\u00e9der au robot en cas de besoin. Utilisez votre t\u00e9l\u00e9phone pour contr\u00f4ler le robot ou obtenir des informations d\u00e9taill\u00e9es sur son fonctionnement.<\/p>\n<ul>\n<li>GPS de haute pr\u00e9cision &#8211; pr\u00e9cision de 2 cm<\/li>\n<li>Pas de c\u00e2ble p\u00e9riph\u00e9rique n\u00e9cessaire<\/li>\n<li>1&rsquo;000 balles\/tour &#8211; 30&rsquo;000 balles\/24 h<\/li>\n<li>Trois niveaux d&rsquo;utilisation : Normal, intensif et Clean Picking<\/li>\n<li>Planification intelligente des chemins<\/li>\n<li>Pas de zone limit\u00e9e<\/li>\n<\/ul>\n[embed]https:\/\/vimeo.com\/901793861[\/embed]\n","protected":false},"featured_media":119407,"template":"","meta":{"_acf_changed":false},"product_brand":[],"product_cat":[964,1111,1107,2338],"product_tag":[2939],"class_list":{"0":"entry","1":"author-sibeag","2":"has-excerpt","3":"post-119330","4":"product","5":"type-product","6":"status-publish","7":"has-post-thumbnail","8":"product_cat-practice-driving-range","9":"product_cat-systeme-de-gestion-de-balles","10":"product_cat-ramasse-balles","11":"product_cat-robot-ramasse-balles","12":"product_tag-sur-demande","14":"first","15":"instock","16":"taxable","17":"shipping-taxable","18":"purchasable","19":"product-type-simple"},"acf":[],"_links":{"self":[{"href":"https:\/\/sibeag.ch\/fr\/wp-json\/wp\/v2\/product\/119330","targetHints":{"allow":["GET"]}}],"collection":[{"href":"https:\/\/sibeag.ch\/fr\/wp-json\/wp\/v2\/product"}],"about":[{"href":"https:\/\/sibeag.ch\/fr\/wp-json\/wp\/v2\/types\/product"}],"wp:featuredmedia":[{"embeddable":true,"href":"https:\/\/sibeag.ch\/fr\/wp-json\/wp\/v2\/media\/119407"}],"wp:attachment":[{"href":"https:\/\/sibeag.ch\/fr\/wp-json\/wp\/v2\/media?parent=119330"}],"wp:term":[{"taxonomy":"product_brand","embeddable":true,"href":"https:\/\/sibeag.ch\/fr\/wp-json\/wp\/v2\/product_brand?post=119330"},{"taxonomy":"product_cat","embeddable":true,"href":"https:\/\/sibeag.ch\/fr\/wp-json\/wp\/v2\/product_cat?post=119330"},{"taxonomy":"product_tag","embeddable":true,"href":"https:\/\/sibeag.ch\/fr\/wp-json\/wp\/v2\/product_tag?post=119330"}],"curies":[{"name":"wp","href":"https:\/\/api.w.org\/{rel}","templated":true}]}}