{"id":119398,"date":"2024-02-09T07:55:46","date_gmt":"2024-02-09T06:55:47","guid":{"rendered":"https:\/\/sibeag.ch\/?post_type=product&#038;p=119398"},"modified":"2024-11-30T07:24:40","modified_gmt":"2024-11-30T06:24:40","slug":"separateur-promo","status":"publish","type":"product","link":"https:\/\/sibeag.ch\/fr\/practice-driving-range\/zone-de-depart\/separateurs-supports-de-sac\/separateur-promo\/","title":{"rendered":"S\u00e9parateur Promo"},"content":{"rendered":"","protected":false},"excerpt":{"rendered":"<h1>S\u00e9parateur Promo<\/h1>\n<ul>\n<li>145 x 75 cm (L x H)<\/li>\n<li>Cadre en alu avec 2 poteaux en plastique recycl\u00e9e<\/li>\n<li>B\u00e2che promotionnelle avec impression selon vos donn\u00e9es (1-c\u00f4t\u00e9 ou 2-c\u00f4t\u00e9s)<\/li>\n<\/ul>\n","protected":false},"featured_media":119400,"template":"","meta":{"_acf_changed":false},"product_brand":[],"product_cat":[964,2768,1041],"product_tag":[2939],"class_list":{"0":"entry","1":"author-sibeag","2":"has-excerpt","3":"post-119398","4":"product","5":"type-product","6":"status-publish","7":"has-post-thumbnail","8":"product_cat-practice-driving-range","9":"product_cat-zone-de-depart","10":"product_cat-separateurs-supports-de-sac","11":"product_tag-sur-demande","13":"first","14":"instock","15":"taxable","16":"shipping-taxable","17":"purchasable","18":"product-type-simple"},"acf":[],"_links":{"self":[{"href":"https:\/\/sibeag.ch\/fr\/wp-json\/wp\/v2\/product\/119398","targetHints":{"allow":["GET"]}}],"collection":[{"href":"https:\/\/sibeag.ch\/fr\/wp-json\/wp\/v2\/product"}],"about":[{"href":"https:\/\/sibeag.ch\/fr\/wp-json\/wp\/v2\/types\/product"}],"wp:featuredmedia":[{"embeddable":true,"href":"https:\/\/sibeag.ch\/fr\/wp-json\/wp\/v2\/media\/119400"}],"wp:attachment":[{"href":"https:\/\/sibeag.ch\/fr\/wp-json\/wp\/v2\/media?parent=119398"}],"wp:term":[{"taxonomy":"product_brand","embeddable":true,"href":"https:\/\/sibeag.ch\/fr\/wp-json\/wp\/v2\/product_brand?post=119398"},{"taxonomy":"product_cat","embeddable":true,"href":"https:\/\/sibeag.ch\/fr\/wp-json\/wp\/v2\/product_cat?post=119398"},{"taxonomy":"product_tag","embeddable":true,"href":"https:\/\/sibeag.ch\/fr\/wp-json\/wp\/v2\/product_tag?post=119398"}],"curies":[{"name":"wp","href":"https:\/\/api.w.org\/{rel}","templated":true}]}}