{"id":119456,"date":"2023-01-18T10:11:27","date_gmt":"2023-01-18T09:11:27","guid":{"rendered":"https:\/\/sibeag.ch\/non class\u00e9\/armoire-de-charge-pour-batteries-de-chariots\/"},"modified":"2024-04-19T05:12:31","modified_gmt":"2024-04-19T04:12:31","slug":"armoire-de-charge-pour-batteries-de-chariots","status":"publish","type":"product","link":"https:\/\/sibeag.ch\/fr\/club-house\/armoires\/installations-de-protection-contre-lincendie\/armoire-de-charge-pour-batteries-de-chariots\/","title":{"rendered":"Armoire de charge pour batteries de chariots"},"content":{"rendered":"<p>Des incendies d\u00e9vastateurs se produisent r\u00e9guli\u00e8rement dans les halls de caddies, la plupart du temps d\u00e9clench\u00e9s par des piles au lithium d\u00e9fectueuses ou surcharg\u00e9es qui ont \u00e9t\u00e9 stock\u00e9es dans le caddy-box. Une fois la batterie en feu, les flammes se propagent \u00e0 la vitesse de l&rsquo;\u00e9clair \u00e0 d&rsquo;autres mat\u00e9riaux inflammables dans le box (serviettes, sac de golf, chaussures, etc.) et, de l\u00e0, au reste du b\u00e2timent &#8211; il n&rsquo;est pas rare que les dommages se chiffrent en millions. Les syst\u00e8mes d&rsquo;extinction d&rsquo;incendie \u00e0 base d&rsquo;a\u00e9rosols peuvent r\u00e9agir en quelques secondes et n&rsquo;ont besoin que de 10 \u00e0 30 secondes pour d\u00e9ployer tout leur potentiel d&rsquo;extinction. Ces appareils d&rsquo;extinction compacts peuvent \u00eatre plac\u00e9s directement dans les bo\u00eetes de caddies, ce qui permet de combattre les \u00e9ventuels incendies d\u00e8s leur naissance et d&rsquo;\u00e9viter leur propagation.<\/p>\n","protected":false},"excerpt":{"rendered":"<h1>Armoire de charge pour batteries lithium-ion<\/h1>\n<ul>\n<li>Armoire de charge avec 6 casiers<\/li>\n<li>Protection anti-incendie en a\u00e9rosol mont\u00e9e dans chaque casier.<\/li>\n<li>avec cylindre et deux cl\u00e9s<\/li>\n<li>avec prise CH, cylindre et deux cl\u00e9s.<\/li>\n<li>Dimensions : L x P x H 300 x 300 x 1800 mm<\/li>\n<li>6 casiers Dimension des casiers : l x p x h 300 x 300 x 300 mm<\/li>\n<li>3 casiers Taille des casiers : l x p x h 300 x 300 x 600 mm<\/li>\n<li>autres tailles disponibles sur demande<\/li>\n<\/ul>\n<p>Des incendies d\u00e9vastateurs se produisent r\u00e9guli\u00e8rement dans les halls de caddies, la plupart du temps d\u00e9clench\u00e9s par des piles au lithium d\u00e9fectueuses ou surcharg\u00e9es qui ont \u00e9t\u00e9 stock\u00e9es dans le caddy-box. Une fois la batterie en feu, les flammes se propagent \u00e0 la vitesse de l&rsquo;\u00e9clair \u00e0 d&rsquo;autres mat\u00e9riaux inflammables dans le box (serviettes, sac de golf, chaussures, etc.) et, de l\u00e0, au reste du b\u00e2timent &#8211; il n&rsquo;est pas rare que les dommages se chiffrent en millions. Les syst\u00e8mes d&rsquo;extinction d&rsquo;incendie \u00e0 base d&rsquo;a\u00e9rosols peuvent r\u00e9agir en quelques secondes et n&rsquo;ont besoin que de 10 \u00e0 30 secondes pour d\u00e9ployer tout leur potentiel d&rsquo;extinction. Ces appareils d&rsquo;extinction compacts peuvent \u00eatre plac\u00e9s directement dans les bo\u00eetes de caddies, ce qui permet de combattre les \u00e9ventuels incendies d\u00e8s leur naissance et d&rsquo;\u00e9viter leur propagation.<\/p>\n[embed]https:\/\/youtu.be\/kyeN7zheK-0?si=jyvlA3dPhaeKpyek&amp;t=106[\/embed]\n","protected":false},"featured_media":113721,"template":"","meta":{"_acf_changed":false},"product_brand":[],"product_cat":[962,1099,2760],"product_tag":[2939],"class_list":{"0":"entry","1":"author-sibeag","2":"has-excerpt","3":"post-119456","4":"product","5":"type-product","6":"status-publish","7":"has-post-thumbnail","8":"product_cat-club-house","9":"product_cat-armoires","10":"product_cat-installations-de-protection-contre-lincendie","11":"product_tag-sur-demande","13":"first","14":"outofstock","15":"taxable","16":"shipping-taxable","17":"purchasable","18":"product-type-simple"},"acf":[],"_links":{"self":[{"href":"https:\/\/sibeag.ch\/fr\/wp-json\/wp\/v2\/product\/119456","targetHints":{"allow":["GET"]}}],"collection":[{"href":"https:\/\/sibeag.ch\/fr\/wp-json\/wp\/v2\/product"}],"about":[{"href":"https:\/\/sibeag.ch\/fr\/wp-json\/wp\/v2\/types\/product"}],"wp:featuredmedia":[{"embeddable":true,"href":"https:\/\/sibeag.ch\/fr\/wp-json\/wp\/v2\/media\/113721"}],"wp:attachment":[{"href":"https:\/\/sibeag.ch\/fr\/wp-json\/wp\/v2\/media?parent=119456"}],"wp:term":[{"taxonomy":"product_brand","embeddable":true,"href":"https:\/\/sibeag.ch\/fr\/wp-json\/wp\/v2\/product_brand?post=119456"},{"taxonomy":"product_cat","embeddable":true,"href":"https:\/\/sibeag.ch\/fr\/wp-json\/wp\/v2\/product_cat?post=119456"},{"taxonomy":"product_tag","embeddable":true,"href":"https:\/\/sibeag.ch\/fr\/wp-json\/wp\/v2\/product_tag?post=119456"}],"curies":[{"name":"wp","href":"https:\/\/api.w.org\/{rel}","templated":true}]}}