{"id":119492,"date":"2024-05-01T08:33:32","date_gmt":"2024-05-01T07:33:32","guid":{"rendered":"https:\/\/sibeag.ch\/?post_type=product&#038;p=119492"},"modified":"2026-02-18T16:48:21","modified_gmt":"2026-02-18T15:48:21","slug":"tondeuse-manuelle-kopie","status":"publish","type":"product","link":"https:\/\/sibeag.ch\/fr\/greenkeeping-fr\/outils-dentretien\/tetes-de-coupe\/tondeuse-manuelle-kopie\/","title":{"rendered":"Tondeuse manuelle (Kopie)"},"content":{"rendered":"","protected":false},"excerpt":{"rendered":"<p><img loading=\"lazy\" decoding=\"async\" class=\"alignright size-medium wp-image-3355\" src=\"https:\/\/www.sibeag.ch\/wp-content\/uploads\/StandardGolf_Logo-300x83.jpg\" alt=\"Logo de Standard Golf\" width=\"112\" height=\"31\"><\/p>\n<h1>Tondeuse manuelle<\/h1>\n<ul>\n<li>pour couper l&rsquo;herbe \u00e9paisse autour des bouches d&rsquo;arrosage ou marqueurs de Fairway<\/li>\n<li>manche en acier galvanis\u00e9 pour toutes les t\u00eates<\/li>\n<li>Les t\u00eates et le manche sont disponible s\u00e9par\u00e9ment<\/li>\n<\/ul>\n","protected":false},"featured_media":9264,"template":"","meta":{"_acf_changed":false},"product_brand":[2972],"product_cat":[1001,1025,2825],"product_tag":[],"class_list":{"0":"entry","1":"author-sibeag","2":"has-excerpt","3":"post-119492","4":"product","5":"type-product","6":"status-publish","7":"has-post-thumbnail","8":"product_brand-standard-golf","9":"product_cat-greenkeeping-fr","10":"product_cat-outils-dentretien","11":"product_cat-tetes-de-coupe","13":"first","14":"instock","15":"taxable","16":"shipping-taxable","17":"purchasable","18":"product-type-simple"},"acf":[],"_links":{"self":[{"href":"https:\/\/sibeag.ch\/fr\/wp-json\/wp\/v2\/product\/119492","targetHints":{"allow":["GET"]}}],"collection":[{"href":"https:\/\/sibeag.ch\/fr\/wp-json\/wp\/v2\/product"}],"about":[{"href":"https:\/\/sibeag.ch\/fr\/wp-json\/wp\/v2\/types\/product"}],"wp:featuredmedia":[{"embeddable":true,"href":"https:\/\/sibeag.ch\/fr\/wp-json\/wp\/v2\/media\/9264"}],"wp:attachment":[{"href":"https:\/\/sibeag.ch\/fr\/wp-json\/wp\/v2\/media?parent=119492"}],"wp:term":[{"taxonomy":"product_brand","embeddable":true,"href":"https:\/\/sibeag.ch\/fr\/wp-json\/wp\/v2\/product_brand?post=119492"},{"taxonomy":"product_cat","embeddable":true,"href":"https:\/\/sibeag.ch\/fr\/wp-json\/wp\/v2\/product_cat?post=119492"},{"taxonomy":"product_tag","embeddable":true,"href":"https:\/\/sibeag.ch\/fr\/wp-json\/wp\/v2\/product_tag?post=119492"}],"curies":[{"name":"wp","href":"https:\/\/api.w.org\/{rel}","templated":true}]}}