{"id":119558,"date":"2024-05-13T07:41:17","date_gmt":"2024-05-13T06:41:17","guid":{"rendered":"https:\/\/sibeag.ch\/?post_type=product&#038;p=119558"},"modified":"2026-02-18T17:24:02","modified_gmt":"2026-02-18T16:24:02","slug":"hampe-de-drapeau-elite-kopie","status":"publish","type":"product","link":"https:\/\/sibeag.ch\/fr\/parcours-de-golf\/green-fr\/hampes-de-drapeaux\/hampe-de-drapeau-elite-kopie\/","title":{"rendered":"Hampe de drapeau Elite (Kopie)"},"content":{"rendered":"","protected":false},"excerpt":{"rendered":"<h1>Hampe de drapeau Elite<\/h1>\n<ul>\n<li>hampe de drapeau \u00e9l\u00e9gante fait \u00e0 la main<\/li>\n<li>les deux extr\u00e9mit\u00e9s sont \u00e9quip\u00e9es d&rsquo;une pi\u00e8ce en laiton<\/li>\n<li>Partie de pied de votre choix<\/li>\n<\/ul>\n","protected":false},"featured_media":119880,"template":"","meta":{"_acf_changed":false},"product_brand":[],"product_cat":[961,971,978],"product_tag":[],"class_list":{"0":"entry","1":"author-sibeag","2":"has-excerpt","3":"post-119558","4":"product","5":"type-product","6":"status-publish","7":"has-post-thumbnail","8":"product_cat-parcours-de-golf","9":"product_cat-green-fr","10":"product_cat-hampes-de-drapeaux","11":"product_shipping_class-sperrgut","13":"first","14":"instock","15":"taxable","16":"shipping-taxable","17":"purchasable","18":"product-type-variable"},"acf":[],"_links":{"self":[{"href":"https:\/\/sibeag.ch\/fr\/wp-json\/wp\/v2\/product\/119558","targetHints":{"allow":["GET"]}}],"collection":[{"href":"https:\/\/sibeag.ch\/fr\/wp-json\/wp\/v2\/product"}],"about":[{"href":"https:\/\/sibeag.ch\/fr\/wp-json\/wp\/v2\/types\/product"}],"wp:featuredmedia":[{"embeddable":true,"href":"https:\/\/sibeag.ch\/fr\/wp-json\/wp\/v2\/media\/119880"}],"wp:attachment":[{"href":"https:\/\/sibeag.ch\/fr\/wp-json\/wp\/v2\/media?parent=119558"}],"wp:term":[{"taxonomy":"product_brand","embeddable":true,"href":"https:\/\/sibeag.ch\/fr\/wp-json\/wp\/v2\/product_brand?post=119558"},{"taxonomy":"product_cat","embeddable":true,"href":"https:\/\/sibeag.ch\/fr\/wp-json\/wp\/v2\/product_cat?post=119558"},{"taxonomy":"product_tag","embeddable":true,"href":"https:\/\/sibeag.ch\/fr\/wp-json\/wp\/v2\/product_tag?post=119558"}],"curies":[{"name":"wp","href":"https:\/\/api.w.org\/{rel}","templated":true}]}}