{"id":120208,"date":"2024-09-16T12:12:57","date_gmt":"2024-09-16T11:12:57","guid":{"rendered":"https:\/\/sibeag.ch\/?post_type=product&#038;p=120208"},"modified":"2025-07-29T09:46:26","modified_gmt":"2025-07-29T08:46:26","slug":"fosse-robot-ramasse-balles","status":"publish","type":"product","link":"https:\/\/sibeag.ch\/fr\/practice-driving-range\/systeme-de-gestion-de-balles\/systeme-de-fosse-ditch\/fosse-robot-ramasse-balles\/","title":{"rendered":"Fosse \u00e0 balles pour robot ramasse-balles"},"content":{"rendered":"","protected":false},"excerpt":{"rendered":"<p><img decoding=\"async\" class=\"alignright size-medium wp-image-3355 range-servant-logo\" src=\"https:\/\/sibeag.ch\/wp-content\/uploads\/.\/range-servant-logo.jpg\" alt=\"Logo Range Servant\" \/><\/p>\n<h1>Fosse \u00e0 balles pour robot ramasse-balles<\/h1>\n<p>L\u2019automatisation du practice permet d\u2019\u00e9conomiser du temps et de l\u2019argent. Le syst\u00e8me de fosse de Range Servant vous permet de ramasser les balles dans une fosse, de les pr\u00e9laver, puis de les transf\u00e9rer automatiquement \u00e0 un lave-balles, qui transf\u00e8re les balles \u00e0 la machine \u00e0 balles via un tapis roulant. Cela signifie un \u00e9norme gain de temps et un soulagement pour le personnel, qui n\u2019a plus besoin de transporter les paniers \u00e0 balles \u00e0 la main. Les piscines \u00e0 balles sont disponibles en diff\u00e9rentes tailles, adapt\u00e9es \u00e0 vos besoins. Nous serions heureux de vous offrir notre expertise et nos nombreuses ann\u00e9es d\u2019exp\u00e9rience pour trouver une solution sur mesure pour vous.<\/p>\n<p>&nbsp;<\/p>\n","protected":false},"featured_media":117704,"template":"","meta":{"_acf_changed":false},"product_brand":[],"product_cat":[964,1111,2771],"product_tag":[2939],"class_list":{"0":"entry","1":"author-sibeag","2":"has-excerpt","3":"post-120208","4":"product","5":"type-product","6":"status-publish","7":"has-post-thumbnail","8":"product_cat-practice-driving-range","9":"product_cat-systeme-de-gestion-de-balles","10":"product_cat-systeme-de-fosse-ditch","11":"product_tag-sur-demande","13":"first","14":"instock","15":"taxable","16":"shipping-taxable","17":"purchasable","18":"product-type-simple"},"acf":[],"_links":{"self":[{"href":"https:\/\/sibeag.ch\/fr\/wp-json\/wp\/v2\/product\/120208","targetHints":{"allow":["GET"]}}],"collection":[{"href":"https:\/\/sibeag.ch\/fr\/wp-json\/wp\/v2\/product"}],"about":[{"href":"https:\/\/sibeag.ch\/fr\/wp-json\/wp\/v2\/types\/product"}],"wp:featuredmedia":[{"embeddable":true,"href":"https:\/\/sibeag.ch\/fr\/wp-json\/wp\/v2\/media\/117704"}],"wp:attachment":[{"href":"https:\/\/sibeag.ch\/fr\/wp-json\/wp\/v2\/media?parent=120208"}],"wp:term":[{"taxonomy":"product_brand","embeddable":true,"href":"https:\/\/sibeag.ch\/fr\/wp-json\/wp\/v2\/product_brand?post=120208"},{"taxonomy":"product_cat","embeddable":true,"href":"https:\/\/sibeag.ch\/fr\/wp-json\/wp\/v2\/product_cat?post=120208"},{"taxonomy":"product_tag","embeddable":true,"href":"https:\/\/sibeag.ch\/fr\/wp-json\/wp\/v2\/product_tag?post=120208"}],"curies":[{"name":"wp","href":"https:\/\/api.w.org\/{rel}","templated":true}]}}