{"id":120298,"date":"2024-09-16T13:37:05","date_gmt":"2024-09-16T12:37:06","guid":{"rendered":"https:\/\/sibeag.ch\/?post_type=product&#038;p=120298"},"modified":"2024-11-07T12:51:02","modified_gmt":"2024-11-07T11:51:02","slug":"outil-de-pose-360-hole-painter-kopie-kopie","status":"publish","type":"product","link":"https:\/\/sibeag.ch\/fr\/greenkeeping-fr\/traitement-des-greens\/outils-de-reparation\/outil-de-pose-360-hole-painter-kopie-kopie\/","title":{"rendered":"Tri-Tool"},"content":{"rendered":"","protected":false},"excerpt":{"rendered":"<p><img loading=\"lazy\" decoding=\"async\" class=\"alignright size-medium wp-image-3355 paraide-logo\" src=\"https:\/\/www.sibeag.ch\/wp-content\/uploads\/ParAide-Logo-50x50.jpg\" alt=\"Logo Par Aide\" width=\"50\" height=\"50\"><\/p>\n<h1>Tri-Tool<\/h1>\n<p>Cet outil tout-en-un est le nec plus ultra pour les greenkeepers lors de l&rsquo;entretien des greens et du remplacement quotidien des coupes. Le Tri-Tool est un compagnon pratique de haute qualit\u00e9, extr\u00eamement polyvalent et facile \u00e0 utiliser. Il est fabriqu\u00e9 en bois dur robuste et en acier inoxydable et convient \u00e0 de nombreuses r\u00e9parations quotidiennes sur le green, par exemple  <\/p>\n<ul>\n<li>R\u00e9paration des marques de pitch avec la dent et le pic d&rsquo;\u00e9p\u00e9pinage en acier inoxydable<\/li>\n<li>\u00e9liminer les mauvaises herbes \u00e9grainer les \u00e9chantillons de sol<\/li>\n<li>Nivellement des trous de golf et d\u00e9rouler les trous de golf et les traces de balles<\/li>\n<\/ul>\n","protected":false},"featured_media":120300,"template":"","meta":{"_acf_changed":false},"product_brand":[],"product_cat":[1001,1028,1113],"product_tag":[],"class_list":{"0":"entry","1":"author-sibeag","2":"has-excerpt","3":"post-120298","4":"product","5":"type-product","6":"status-publish","7":"has-post-thumbnail","8":"product_cat-greenkeeping-fr","9":"product_cat-traitement-des-greens","10":"product_cat-outils-de-reparation","12":"first","13":"instock","14":"taxable","15":"shipping-taxable","16":"purchasable","17":"product-type-simple"},"acf":[],"_links":{"self":[{"href":"https:\/\/sibeag.ch\/fr\/wp-json\/wp\/v2\/product\/120298","targetHints":{"allow":["GET"]}}],"collection":[{"href":"https:\/\/sibeag.ch\/fr\/wp-json\/wp\/v2\/product"}],"about":[{"href":"https:\/\/sibeag.ch\/fr\/wp-json\/wp\/v2\/types\/product"}],"wp:featuredmedia":[{"embeddable":true,"href":"https:\/\/sibeag.ch\/fr\/wp-json\/wp\/v2\/media\/120300"}],"wp:attachment":[{"href":"https:\/\/sibeag.ch\/fr\/wp-json\/wp\/v2\/media?parent=120298"}],"wp:term":[{"taxonomy":"product_brand","embeddable":true,"href":"https:\/\/sibeag.ch\/fr\/wp-json\/wp\/v2\/product_brand?post=120298"},{"taxonomy":"product_cat","embeddable":true,"href":"https:\/\/sibeag.ch\/fr\/wp-json\/wp\/v2\/product_cat?post=120298"},{"taxonomy":"product_tag","embeddable":true,"href":"https:\/\/sibeag.ch\/fr\/wp-json\/wp\/v2\/product_tag?post=120298"}],"curies":[{"name":"wp","href":"https:\/\/api.w.org\/{rel}","templated":true}]}}