{"id":120308,"date":"2024-09-16T13:44:17","date_gmt":"2024-09-16T12:44:17","guid":{"rendered":"https:\/\/sibeag.ch\/?post_type=product&#038;p=120308"},"modified":"2026-02-18T16:48:25","modified_gmt":"2026-02-18T15:48:25","slug":"outil-de-pose-360-hole-painter-kopie-kopie-kopie","status":"publish","type":"product","link":"https:\/\/sibeag.ch\/fr\/greenkeeping-fr\/traitement-des-greens\/hole-cutters-accessoires\/outil-de-pose-360-hole-painter-kopie-kopie-kopie\/","title":{"rendered":"Center Cup-Setter"},"content":{"rendered":"","protected":false},"excerpt":{"rendered":"<p><img loading=\"lazy\" decoding=\"async\" class=\"alignright size-medium wp-image-3355 paraide-logo\" src=\"https:\/\/www.sibeag.ch\/wp-content\/uploads\/ParAide-Logo-50x50.jpg\" alt=\"Logo Par Aide\" width=\"50\" height=\"50\"><\/p>\n<h1>Center Cup-Setter<\/h1>\n<p>Avec le nouveau Center Cup-Setter, vous pouvez \u00e9viter les bords endommag\u00e9s sur vos bogeys. Il ne raye pas et ne laisse pas de traces sur les bonnets laqu\u00e9s. La tige Center Set peut \u00eatre r\u00e9gl\u00e9e de mani\u00e8re \u00e0 ajuster pr\u00e9cis\u00e9ment chaque bogey \u00e0 la profondeur parfaite.  <\/p>\n<ul>\n<li>Placement des bogeys sans endommager les bords des trous<\/li>\n<li>r\u00e9glage facile de la hauteur du bogey<\/li>\n<\/ul>\n","protected":false},"featured_media":120310,"template":"","meta":{"_acf_changed":false},"product_brand":[],"product_cat":[1001,1028,2784,1024,2789],"product_tag":[],"class_list":{"0":"entry","1":"author-sibeag","2":"has-excerpt","3":"post-120308","4":"product","5":"type-product","6":"status-publish","7":"has-post-thumbnail","8":"product_cat-greenkeeping-fr","9":"product_cat-traitement-des-greens","10":"product_cat-bordure-de-trou","11":"product_cat-hole-cutters-accessoires","12":"product_cat-jauges-de-profondeur","14":"first","15":"instock","16":"taxable","17":"shipping-taxable","18":"purchasable","19":"product-type-simple"},"acf":[],"_links":{"self":[{"href":"https:\/\/sibeag.ch\/fr\/wp-json\/wp\/v2\/product\/120308","targetHints":{"allow":["GET"]}}],"collection":[{"href":"https:\/\/sibeag.ch\/fr\/wp-json\/wp\/v2\/product"}],"about":[{"href":"https:\/\/sibeag.ch\/fr\/wp-json\/wp\/v2\/types\/product"}],"wp:featuredmedia":[{"embeddable":true,"href":"https:\/\/sibeag.ch\/fr\/wp-json\/wp\/v2\/media\/120310"}],"wp:attachment":[{"href":"https:\/\/sibeag.ch\/fr\/wp-json\/wp\/v2\/media?parent=120308"}],"wp:term":[{"taxonomy":"product_brand","embeddable":true,"href":"https:\/\/sibeag.ch\/fr\/wp-json\/wp\/v2\/product_brand?post=120308"},{"taxonomy":"product_cat","embeddable":true,"href":"https:\/\/sibeag.ch\/fr\/wp-json\/wp\/v2\/product_cat?post=120308"},{"taxonomy":"product_tag","embeddable":true,"href":"https:\/\/sibeag.ch\/fr\/wp-json\/wp\/v2\/product_tag?post=120308"}],"curies":[{"name":"wp","href":"https:\/\/api.w.org\/{rel}","templated":true}]}}