{"id":120318,"date":"2024-09-16T14:01:21","date_gmt":"2024-09-16T13:01:21","guid":{"rendered":"https:\/\/sibeag.ch\/?post_type=product&#038;p=120318"},"modified":"2026-02-18T16:48:28","modified_gmt":"2026-02-18T15:48:28","slug":"cup-setter-en-plastique-kopie-kopie","status":"publish","type":"product","link":"https:\/\/sibeag.ch\/fr\/greenkeeping-fr\/traitement-des-greens\/hole-cutters-accessoires\/cup-setter-en-plastique-kopie-kopie\/","title":{"rendered":"Pin-Point Cup Changer"},"content":{"rendered":"","protected":false},"excerpt":{"rendered":"<p><img loading=\"lazy\" decoding=\"async\" class=\"alignright size-full wp-image-184\" src=\"https:\/\/www.sibeag.ch\/wp-content\/uploads\/Standard-Golf-Logo.jpg\" alt=\"Standard Golf Logo\" width=\"112\" height=\"30\"><\/p>\n<h1>Pin-Point Cup Changer<\/h1>\n<p>Gr\u00e2ce \u00e0 la combinaison de la profondeur r\u00e9glable du Cup Setter et d&rsquo;une poign\u00e9e \u00e0 hauteur de hanche, vous pouvez d\u00e9sormais retirer les bogeys sans effort et les ins\u00e9rer parfaitement dans le nouveau trou. Plus besoin de se pencher, de surcharger le dos et d&rsquo;ab\u00eemer les bords. <\/p>\n<ul>\n<li>un effet de levier accru am\u00e9liore l&rsquo;efficacit\u00e9<\/li>\n<li>retrait et mise en place faciles des bogeys sans se pencher, ce qui m\u00e9nage le bas du dos<\/li>\n<li>insertion des bogeys sans endommager les bords des trous<\/li>\n<li>ne laisse pas de marques sur les greens<\/li>\n<li>r\u00e9glage facile de la hauteur du bogey<\/li>\n<\/ul>\n","protected":false},"featured_media":120320,"template":"","meta":{"_acf_changed":false},"product_brand":[2972],"product_cat":[1001,1028,1024,2790],"product_tag":[],"class_list":{"0":"entry","1":"author-sibeag","2":"has-excerpt","3":"post-120318","4":"product","5":"type-product","6":"status-publish","7":"has-post-thumbnail","8":"product_brand-standard-golf","9":"product_cat-greenkeeping-fr","10":"product_cat-traitement-des-greens","11":"product_cat-hole-cutters-accessoires","12":"product_cat-accessoires-fr-2","13":"product_shipping_class-objets-encombrants","15":"first","16":"instock","17":"taxable","18":"shipping-taxable","19":"purchasable","20":"product-type-simple"},"acf":[],"_links":{"self":[{"href":"https:\/\/sibeag.ch\/fr\/wp-json\/wp\/v2\/product\/120318","targetHints":{"allow":["GET"]}}],"collection":[{"href":"https:\/\/sibeag.ch\/fr\/wp-json\/wp\/v2\/product"}],"about":[{"href":"https:\/\/sibeag.ch\/fr\/wp-json\/wp\/v2\/types\/product"}],"wp:featuredmedia":[{"embeddable":true,"href":"https:\/\/sibeag.ch\/fr\/wp-json\/wp\/v2\/media\/120320"}],"wp:attachment":[{"href":"https:\/\/sibeag.ch\/fr\/wp-json\/wp\/v2\/media?parent=120318"}],"wp:term":[{"taxonomy":"product_brand","embeddable":true,"href":"https:\/\/sibeag.ch\/fr\/wp-json\/wp\/v2\/product_brand?post=120318"},{"taxonomy":"product_cat","embeddable":true,"href":"https:\/\/sibeag.ch\/fr\/wp-json\/wp\/v2\/product_cat?post=120318"},{"taxonomy":"product_tag","embeddable":true,"href":"https:\/\/sibeag.ch\/fr\/wp-json\/wp\/v2\/product_tag?post=120318"}],"curies":[{"name":"wp","href":"https:\/\/api.w.org\/{rel}","templated":true}]}}